{"id":24177,"date":"2023-03-22T09:30:08","date_gmt":"2023-03-22T08:30:08","guid":{"rendered":"https:\/\/ferrita.mlwebbyra.se\/runt-o129mm-snedkapat-ansl-id-o-761mm\/"},"modified":"2024-06-14T11:41:04","modified_gmt":"2024-06-14T09:41:04","slug":"runt-o129mm-snedkapat-ansl-id-o-761mm-2-2-2-2-2-2-2","status":"publish","type":"product","link":"https:\/\/ferrita.mlwebbyra.se\/en\/runt-o129mm-snedkapat-ansl-id-o-761mm-2-2-2-2-2-2-2\/","title":{"rendered":"Runt, \u00d8129mm snedkapat, ansl. id \u00d8 76,1mm"},"content":{"rendered":"<p><a href=\"https:\/\/youtu.be\/jlh_4VxUzR8\" rel=\"noopener\"><strong>Se video h\u00e4r!<\/strong><\/a><\/p>\n","protected":false},"excerpt":{"rendered":"<p>\u00c4ndr\u00f6r Rostfritt, slipat utf\u00f6rande<\/p>\n","protected":false},"featured_media":36910,"comment_status":"open","ping_status":"closed","template":"","meta":{"_kad_blocks_custom_css":"","_kad_blocks_head_custom_js":"","_kad_blocks_body_custom_js":"","_kad_blocks_footer_custom_js":"","_kad_post_transparent":"default","_kad_post_title":"","_kad_post_layout":"default","_kad_post_sidebar_id":"","_kad_post_content_style":"default","_kad_post_vertical_padding":"default","_kad_post_feature":"","_kad_post_feature_position":"","_kad_post_header":false,"_kad_post_footer":false,"_kad_post_classname":""},"product_brand":[],"product_cat":[2686,2662],"product_tag":[],"class_list":{"0":"post-24177","1":"product","2":"type-product","3":"status-publish","4":"has-post-thumbnail","6":"product_cat-polished","7":"product_cat-tail-pipes","9":"first","10":"instock","11":"taxable","12":"shipping-taxable","13":"purchasable","14":"product-type-simple","15":"entry","16":"content-bg","17":"loop-entry"},"taxonomy_info":{"product_cat":[{"value":2686,"label":"Polished"},{"value":2662,"label":"Tail pipes"}]},"featured_image_src_large":["https:\/\/ferrita.mlwebbyra.se\/wp-content\/uploads\/2023\/03\/TP22043_1.jpg",750,648,false],"author_info":[],"comment_info":0,"_links":{"self":[{"href":"https:\/\/ferrita.mlwebbyra.se\/en\/wp-json\/wp\/v2\/product\/24177","targetHints":{"allow":["GET"]}}],"collection":[{"href":"https:\/\/ferrita.mlwebbyra.se\/en\/wp-json\/wp\/v2\/product"}],"about":[{"href":"https:\/\/ferrita.mlwebbyra.se\/en\/wp-json\/wp\/v2\/types\/product"}],"replies":[{"embeddable":true,"href":"https:\/\/ferrita.mlwebbyra.se\/en\/wp-json\/wp\/v2\/comments?post=24177"}],"wp:featuredmedia":[{"embeddable":true,"href":"https:\/\/ferrita.mlwebbyra.se\/en\/wp-json\/wp\/v2\/media\/36910"}],"wp:attachment":[{"href":"https:\/\/ferrita.mlwebbyra.se\/en\/wp-json\/wp\/v2\/media?parent=24177"}],"wp:term":[{"taxonomy":"product_brand","embeddable":true,"href":"https:\/\/ferrita.mlwebbyra.se\/en\/wp-json\/wp\/v2\/product_brand?post=24177"},{"taxonomy":"product_cat","embeddable":true,"href":"https:\/\/ferrita.mlwebbyra.se\/en\/wp-json\/wp\/v2\/product_cat?post=24177"},{"taxonomy":"product_tag","embeddable":true,"href":"https:\/\/ferrita.mlwebbyra.se\/en\/wp-json\/wp\/v2\/product_tag?post=24177"}],"curies":[{"name":"wp","href":"https:\/\/api.w.org\/{rel}","templated":true}]}}