{"id":23964,"date":"2022-05-26T15:07:04","date_gmt":"2023-03-06T15:48:48","guid":{"rendered":"https:\/\/ferrita.mlwebbyra.se\/round-o100mm-slanted-connection-id-o-635mm\/"},"modified":"2023-03-06T16:48:48","modified_gmt":"2023-03-06T15:48:48","slug":"runt-o100mm-snedkapat-ansl-id-o-635mm-2","status":"publish","type":"product","link":"https:\/\/ferrita.mlwebbyra.se\/en\/runt-o100mm-snedkapat-ansl-id-o-635mm-2\/","title":{"rendered":"Round, \u00d8100mm slanted, connection. id \u00d8 63,5mm"},"content":{"rendered":"<p><strong>Remark:<\/strong><br \/>\nIs screwed with the screw.<\/p>\n<p><strong>Accessories:<\/strong><br \/>\nSpacer for another pipe dimension:<br \/>\n<strong><a href=\"https:\/\/ferrita.mlwebbyra.se\/distansbricka-for-ror-yd-o-2-508mm-till-id-2%c2%bd-63-5mm\/\">DIS508<\/a><\/strong> = For pipe with outer diameter: 2\u201d (50,8 mm) up to pipe with 2\u00bd\u201d (63,5 mm) inner diameter, length 48mm.<br \/>\n<strong><a href=\"https:\/\/ferrita.mlwebbyra.se\/distansbricka-for-ror-yd-o2-1-8-54mm-till-id-o2%c2%bd-63-5mm\/\">DIS540<\/a><\/strong>= For pipe with outer diameter: 2 1\/8\u201d (54 mm) up to pipe with \u00d8 2\u00bd\u201d (63,5 mm) inner diameter, length 48mm.<\/p>\n","protected":false},"excerpt":{"rendered":"<p><strong>Stainless tailpipe<\/strong><br \/>\nSlanted, brushed surface. Double coated.<br \/>\nScroll down for more info.<\/p>\n<p><iframe loading=\"lazy\" title=\"YouTube video player\" src=\"https:\/\/www.youtube.com\/embed\/ejfmBFgVN-g\" width=\"560\" height=\"315\" frameborder=\"0\" allowfullscreen=\"allowfullscreen\"><\/iframe><\/p>\n","protected":false},"featured_media":0,"comment_status":"closed","ping_status":"closed","template":"","meta":{"_kad_blocks_custom_css":"","_kad_blocks_head_custom_js":"","_kad_blocks_body_custom_js":"","_kad_blocks_footer_custom_js":"","_kad_post_transparent":"","_kad_post_title":"","_kad_post_layout":"","_kad_post_sidebar_id":"","_kad_post_content_style":"","_kad_post_vertical_padding":"","_kad_post_feature":"","_kad_post_feature_position":"","_kad_post_header":false,"_kad_post_footer":false,"_kad_post_classname":""},"product_brand":[],"product_cat":[2663,2662],"product_tag":[3229,3230,3231,4921],"class_list":{"0":"post-23964","1":"product","2":"type-product","3":"status-publish","5":"product_cat-brushed-sanded","6":"product_cat-tail-pipes","7":"product_tag-andror-en","8":"product_tag-rostfritt-andror-en","9":"product_tag-slutror-en","10":"product_tag-tp22040-en","12":"first","13":"instock","14":"taxable","15":"shipping-taxable","16":"purchasable","17":"product-type-simple","18":"entry","19":"content-bg","20":"loop-entry"},"taxonomy_info":{"product_cat":[{"value":2663,"label":"Brushed\/sanded"},{"value":2662,"label":"Tail pipes"}],"product_tag":[{"value":3229,"label":"\u00e4ndr\u00f6r"},{"value":3230,"label":"rostfritt \u00e4ndr\u00f6r"},{"value":3231,"label":"slutr\u00f6r"},{"value":4921,"label":"TP22040"}]},"featured_image_src_large":false,"author_info":[],"comment_info":0,"_links":{"self":[{"href":"https:\/\/ferrita.mlwebbyra.se\/en\/wp-json\/wp\/v2\/product\/23964","targetHints":{"allow":["GET"]}}],"collection":[{"href":"https:\/\/ferrita.mlwebbyra.se\/en\/wp-json\/wp\/v2\/product"}],"about":[{"href":"https:\/\/ferrita.mlwebbyra.se\/en\/wp-json\/wp\/v2\/types\/product"}],"replies":[{"embeddable":true,"href":"https:\/\/ferrita.mlwebbyra.se\/en\/wp-json\/wp\/v2\/comments?post=23964"}],"wp:attachment":[{"href":"https:\/\/ferrita.mlwebbyra.se\/en\/wp-json\/wp\/v2\/media?parent=23964"}],"wp:term":[{"taxonomy":"product_brand","embeddable":true,"href":"https:\/\/ferrita.mlwebbyra.se\/en\/wp-json\/wp\/v2\/product_brand?post=23964"},{"taxonomy":"product_cat","embeddable":true,"href":"https:\/\/ferrita.mlwebbyra.se\/en\/wp-json\/wp\/v2\/product_cat?post=23964"},{"taxonomy":"product_tag","embeddable":true,"href":"https:\/\/ferrita.mlwebbyra.se\/en\/wp-json\/wp\/v2\/product_tag?post=23964"}],"curies":[{"name":"wp","href":"https:\/\/api.w.org\/{rel}","templated":true}]}}