{"id":23475,"date":"2023-02-21T14:30:06","date_gmt":"2023-02-21T13:30:06","guid":{"rendered":"https:\/\/ferrita.mlwebbyra.se\/ferrari-488-gtb-f142m-488-spider-3-9-670hk\/"},"modified":"2024-10-09T17:46:02","modified_gmt":"2024-10-09T15:46:02","slug":"ferrari-488-gtb-f142m-488-spider-3-9-670hk","status":"publish","type":"product","link":"https:\/\/ferrita.mlwebbyra.se\/en\/ferrari-488-gtb-f142m-488-spider-3-9-670hk\/","title":{"rendered":"Ferrari 488 GTB (F142M) \/ 488 Spider, 3.9, 670Hk"},"content":{"rendered":"<p><strong>Rostfritt Sportavgassystem<\/strong><\/p>\n<p>Fr\u00e5n katalysator och bak\u00e5t, utan ljudd\u00e4mpare<\/p>\n<p>\u00a0<\/p>\n<p><strong>Passar till:<\/strong><\/p>\n<p><strong>FERRARI<\/strong><\/p>\n<p>\u2022 488 GTB (F142M) 3.9, 670Hk. \u00c5rsmodell: 4\/15-18<\/p>\n<p>\u2022 488 Spider 3.9, 670Hk. \u00c5rsmodell: 10\/15-18<\/p>\n<p>\u00a0<\/p>\n<p><strong>Denna artikel \u00e4r kategoriserad som motorsport produkt f\u00f6r bank\u00f6rning.<\/strong><\/p>\n<p>\u00a0<\/p>\n","protected":false},"excerpt":{"rendered":"<p>Rostfritt Sportavgassystem<\/p>\n","protected":false},"featured_media":35482,"comment_status":"open","ping_status":"closed","template":"","meta":{"_kad_blocks_custom_css":"","_kad_blocks_head_custom_js":"","_kad_blocks_body_custom_js":"","_kad_blocks_footer_custom_js":"","_kad_post_transparent":"default","_kad_post_title":"","_kad_post_layout":"default","_kad_post_sidebar_id":"","_kad_post_content_style":"default","_kad_post_vertical_padding":"default","_kad_post_feature":"","_kad_post_feature_position":"","_kad_post_header":false,"_kad_post_footer":false,"_kad_post_classname":""},"product_brand":[],"product_cat":[5262,5263,2261],"product_tag":[],"class_list":{"0":"post-23475","1":"product","2":"type-product","3":"status-publish","4":"has-post-thumbnail","6":"product_cat-488-gtb-f142m-en","7":"product_cat-488-spider-en","8":"product_cat-ferrari-en","10":"first","11":"instock","12":"taxable","13":"shipping-taxable","14":"purchasable","15":"product-type-simple","16":"entry","17":"content-bg","18":"loop-entry"},"taxonomy_info":{"product_cat":[{"value":5262,"label":"488 GTB (F142M)"},{"value":5263,"label":"488 Spider"},{"value":2261,"label":"Ferrari"}]},"featured_image_src_large":["https:\/\/ferrita.mlwebbyra.se\/wp-content\/uploads\/2023\/03\/FEK488004S_1.jpg",750,515,false],"author_info":[],"comment_info":0,"_links":{"self":[{"href":"https:\/\/ferrita.mlwebbyra.se\/en\/wp-json\/wp\/v2\/product\/23475","targetHints":{"allow":["GET"]}}],"collection":[{"href":"https:\/\/ferrita.mlwebbyra.se\/en\/wp-json\/wp\/v2\/product"}],"about":[{"href":"https:\/\/ferrita.mlwebbyra.se\/en\/wp-json\/wp\/v2\/types\/product"}],"replies":[{"embeddable":true,"href":"https:\/\/ferrita.mlwebbyra.se\/en\/wp-json\/wp\/v2\/comments?post=23475"}],"wp:featuredmedia":[{"embeddable":true,"href":"https:\/\/ferrita.mlwebbyra.se\/en\/wp-json\/wp\/v2\/media\/35482"}],"wp:attachment":[{"href":"https:\/\/ferrita.mlwebbyra.se\/en\/wp-json\/wp\/v2\/media?parent=23475"}],"wp:term":[{"taxonomy":"product_brand","embeddable":true,"href":"https:\/\/ferrita.mlwebbyra.se\/en\/wp-json\/wp\/v2\/product_brand?post=23475"},{"taxonomy":"product_cat","embeddable":true,"href":"https:\/\/ferrita.mlwebbyra.se\/en\/wp-json\/wp\/v2\/product_cat?post=23475"},{"taxonomy":"product_tag","embeddable":true,"href":"https:\/\/ferrita.mlwebbyra.se\/en\/wp-json\/wp\/v2\/product_tag?post=23475"}],"curies":[{"name":"wp","href":"https:\/\/api.w.org\/{rel}","templated":true}]}}