{"id":20353,"date":"2023-01-20T13:06:46","date_gmt":"2023-01-20T12:06:46","guid":{"rendered":"https:\/\/ferrita.mlwebbyra.se\/rorboj-sidoforskjuten-rostfri-yd-o70mm-3535-slipad\/"},"modified":"2023-03-28T01:07:52","modified_gmt":"2023-03-27T23:07:52","slug":"rorboj-sidoforskjuten-rostfri-yd-o70mm-3535-slipad","status":"publish","type":"product","link":"https:\/\/ferrita.mlwebbyra.se\/en\/rorboj-sidoforskjuten-rostfri-yd-o70mm-3535-slipad\/","title":{"rendered":"R\u00f6rb\u00f6j sidof\u00f6rskjuten rostfri, Yd \u00d870mm, 35\u00b0+35\u00b0 slipad"},"content":{"rendered":"<p><strong>Rostfri R\u00f6rb\u00f6j Yd \u00d870mm <\/strong><\/p>\n<p><strong>Sidof\u00f6rskjuten, 35\u00b0+35\u00b0 slipad<\/strong><\/p>\n<p>\u00a0<\/p>\n<div><strong>L\u00e4ngd: <\/strong>950mm<\/div>\n<div><strong>Bredd:<\/strong> 130mm<\/div>\n<div><strong>Godstjocklek:<\/strong> 1,5mm<\/div>\n<div><strong>Material\/kvalitet: <\/strong>Slipat\u00a0EN1.4301<\/div>\n","protected":false},"excerpt":{"rendered":"<p>Universaldel<\/p>\n","protected":false},"featured_media":36624,"comment_status":"open","ping_status":"closed","template":"","meta":{"_kad_blocks_custom_css":"","_kad_blocks_head_custom_js":"","_kad_blocks_body_custom_js":"","_kad_blocks_footer_custom_js":"","_kad_post_transparent":"default","_kad_post_title":"","_kad_post_layout":"default","_kad_post_sidebar_id":"","_kad_post_content_style":"default","_kad_post_vertical_padding":"default","_kad_post_feature":"","_kad_post_feature_position":"","_kad_post_header":false,"_kad_post_footer":false,"_kad_post_classname":""},"product_brand":[],"product_cat":[2550,2553,2571,92,2558,2559],"product_tag":[],"class_list":{"0":"post-20353","1":"product","2":"type-product","3":"status-publish","4":"has-post-thumbnail","6":"product_cat-bended-pipes","7":"product_cat-en1-4301-en","8":"product_cat-o70-0mm-en","9":"product_cat-spare-and-products-services","10":"product_cat-spare-and-universal-parts-en","11":"product_cat-stainless-en-2","13":"first","14":"instock","15":"taxable","16":"shipping-taxable","17":"purchasable","18":"product-type-simple","19":"entry","20":"content-bg","21":"loop-entry"},"taxonomy_info":{"product_cat":[{"value":2550,"label":"Bended pipes"},{"value":2553,"label":"EN1.4301"},{"value":2571,"label":"\u00d870,0mm"},{"value":92,"label":"SPARE AND PRODUCTS SERVICES"},{"value":2558,"label":"Spare and universal parts"},{"value":2559,"label":"Stainless"}]},"featured_image_src_large":["https:\/\/ferrita.mlwebbyra.se\/wp-content\/uploads\/2023\/03\/RB703535_1.jpg",750,256,false],"author_info":[],"comment_info":0,"_links":{"self":[{"href":"https:\/\/ferrita.mlwebbyra.se\/en\/wp-json\/wp\/v2\/product\/20353","targetHints":{"allow":["GET"]}}],"collection":[{"href":"https:\/\/ferrita.mlwebbyra.se\/en\/wp-json\/wp\/v2\/product"}],"about":[{"href":"https:\/\/ferrita.mlwebbyra.se\/en\/wp-json\/wp\/v2\/types\/product"}],"replies":[{"embeddable":true,"href":"https:\/\/ferrita.mlwebbyra.se\/en\/wp-json\/wp\/v2\/comments?post=20353"}],"wp:featuredmedia":[{"embeddable":true,"href":"https:\/\/ferrita.mlwebbyra.se\/en\/wp-json\/wp\/v2\/media\/36624"}],"wp:attachment":[{"href":"https:\/\/ferrita.mlwebbyra.se\/en\/wp-json\/wp\/v2\/media?parent=20353"}],"wp:term":[{"taxonomy":"product_brand","embeddable":true,"href":"https:\/\/ferrita.mlwebbyra.se\/en\/wp-json\/wp\/v2\/product_brand?post=20353"},{"taxonomy":"product_cat","embeddable":true,"href":"https:\/\/ferrita.mlwebbyra.se\/en\/wp-json\/wp\/v2\/product_cat?post=20353"},{"taxonomy":"product_tag","embeddable":true,"href":"https:\/\/ferrita.mlwebbyra.se\/en\/wp-json\/wp\/v2\/product_tag?post=20353"}],"curies":[{"name":"wp","href":"https:\/\/api.w.org\/{rel}","templated":true}]}}