{"id":20351,"date":"2023-01-20T13:06:45","date_gmt":"2023-01-20T12:06:45","guid":{"rendered":"https:\/\/ferrita.mlwebbyra.se\/rorboj-rostfri-yd-o700mm-30-r105mm-t15mm-slipad\/"},"modified":"2023-03-28T01:07:51","modified_gmt":"2023-03-27T23:07:51","slug":"rorboj-rostfri-yd-o700mm-30-r105mm-t15mm-slipad","status":"publish","type":"product","link":"https:\/\/ferrita.mlwebbyra.se\/en\/rorboj-rostfri-yd-o700mm-30-r105mm-t15mm-slipad\/","title":{"rendered":"R\u00f6rb\u00f6j rostfri  Yd \u00d870,0mm 30\u00b0 R=105mm T=1,5mm, slipad"},"content":{"rendered":"<div><strong>Rostfri R\u00f6rb\u00f6j Yd \u00d870mm, slipad<\/strong><\/div>\n<div><strong>30\u00b0<\/strong><\/div>\n<p>\u00a0<\/p>\n<div><strong>L\u00e4ngd:<\/strong> 350mm<\/div>\n<div><strong>Bredd:<\/strong> 100mm<\/div>\n<div><strong>Godstjocklek:<\/strong> 1,5mm<\/div>\n<div><strong>Kvalitet:<\/strong> EN1.4301<\/div>\n","protected":false},"excerpt":{"rendered":"<p>Universaldel<\/p>\n","protected":false},"featured_media":36622,"comment_status":"open","ping_status":"closed","template":"","meta":{"_kad_blocks_custom_css":"","_kad_blocks_head_custom_js":"","_kad_blocks_body_custom_js":"","_kad_blocks_footer_custom_js":"","_kad_post_transparent":"default","_kad_post_title":"","_kad_post_layout":"default","_kad_post_sidebar_id":"","_kad_post_content_style":"default","_kad_post_vertical_padding":"default","_kad_post_feature":"","_kad_post_feature_position":"","_kad_post_header":false,"_kad_post_footer":false,"_kad_post_classname":""},"product_brand":[],"product_cat":[2550,2553,2571,92,2558,2559],"product_tag":[],"class_list":{"0":"post-20351","1":"product","2":"type-product","3":"status-publish","4":"has-post-thumbnail","6":"product_cat-bended-pipes","7":"product_cat-en1-4301-en","8":"product_cat-o70-0mm-en","9":"product_cat-spare-and-products-services","10":"product_cat-spare-and-universal-parts-en","11":"product_cat-stainless-en-2","13":"first","14":"instock","15":"taxable","16":"shipping-taxable","17":"purchasable","18":"product-type-simple","19":"entry","20":"content-bg","21":"loop-entry"},"taxonomy_info":{"product_cat":[{"value":2550,"label":"Bended pipes"},{"value":2553,"label":"EN1.4301"},{"value":2571,"label":"\u00d870,0mm"},{"value":92,"label":"SPARE AND PRODUCTS SERVICES"},{"value":2558,"label":"Spare and universal parts"},{"value":2559,"label":"Stainless"}]},"featured_image_src_large":["https:\/\/ferrita.mlwebbyra.se\/wp-content\/uploads\/2023\/03\/RB7030_1.jpg",600,284,false],"author_info":[],"comment_info":0,"_links":{"self":[{"href":"https:\/\/ferrita.mlwebbyra.se\/en\/wp-json\/wp\/v2\/product\/20351","targetHints":{"allow":["GET"]}}],"collection":[{"href":"https:\/\/ferrita.mlwebbyra.se\/en\/wp-json\/wp\/v2\/product"}],"about":[{"href":"https:\/\/ferrita.mlwebbyra.se\/en\/wp-json\/wp\/v2\/types\/product"}],"replies":[{"embeddable":true,"href":"https:\/\/ferrita.mlwebbyra.se\/en\/wp-json\/wp\/v2\/comments?post=20351"}],"wp:featuredmedia":[{"embeddable":true,"href":"https:\/\/ferrita.mlwebbyra.se\/en\/wp-json\/wp\/v2\/media\/36622"}],"wp:attachment":[{"href":"https:\/\/ferrita.mlwebbyra.se\/en\/wp-json\/wp\/v2\/media?parent=20351"}],"wp:term":[{"taxonomy":"product_brand","embeddable":true,"href":"https:\/\/ferrita.mlwebbyra.se\/en\/wp-json\/wp\/v2\/product_brand?post=20351"},{"taxonomy":"product_cat","embeddable":true,"href":"https:\/\/ferrita.mlwebbyra.se\/en\/wp-json\/wp\/v2\/product_cat?post=20351"},{"taxonomy":"product_tag","embeddable":true,"href":"https:\/\/ferrita.mlwebbyra.se\/en\/wp-json\/wp\/v2\/product_tag?post=20351"}],"curies":[{"name":"wp","href":"https:\/\/api.w.org\/{rel}","templated":true}]}}