{"id":19643,"date":"2021-11-30T09:16:40","date_gmt":"2021-11-30T08:16:40","guid":{"rendered":"https:\/\/ferrita.mlwebbyra.se\/reparationssats-bakre-ror-for-katalysator-volvo-850t-c70-is70v70-i\/"},"modified":"2023-03-28T01:10:11","modified_gmt":"2023-03-27T23:10:11","slug":"reparationssats-bakre-ror-for-katalysator-volvo-850t-c70-is70v70-i","status":"publish","type":"product","link":"https:\/\/ferrita.mlwebbyra.se\/en\/reparationssats-bakre-ror-for-katalysator-volvo-850t-c70-is70v70-i\/","title":{"rendered":"Rep.sats, rostfri. Katalysator r\u00f6r Volvo 850T\/ C70 I,S70,V70 I"},"content":{"rendered":"<div><strong>Rostfri reparationssats f\u00f6r byte av\u00a0<\/strong><\/div>\n<div><strong>bakre r\u00f6r p\u00e5 katalysator<\/strong><\/div>\n<div>\u00a0<\/div>\n<div><strong>Passar till:<\/strong><\/div>\n<div><strong> Volvo<\/strong><\/div>\n<div><strong>C70 I<\/strong><\/div>\n<div>2.0T Coup\u00e9, Cab. <strong>\u00c5rsmodell:<\/strong> 3\/97-12\/05<\/div>\n<div>2.3 T5 Coup\u00e9, Cab. <strong>\u00c5rsmodell:<\/strong> 3\/97-12\/05<\/div>\n<div>2.4T Cab. <strong>\u00c5rsmodell:<\/strong> 10\/02-12\/05<\/div>\n<div>2.5T Coup\u00e9, Cab. <strong>\u00c5rsmodell:<\/strong> 3\/97-9\/02<\/div>\n<div>\u00a0<\/div>\n<div>\n<div><strong>S70<\/strong><\/div>\n<\/div>\n<div>2.3T-5, 2.3T-R, 2.4T, 2.5T. <strong>\u00c5rsmodell:<\/strong> 97-00<\/div>\n<div>\u00a0<\/div>\n<div>\n<div><strong>V70 I<\/strong><\/div>\n<\/div>\n<div>2.3T-5, 2.3T-R, 2.4T, 2.5T. <strong>\u00c5rsmodell:<\/strong> 97-00<\/div>\n<div>\u00a0<\/div>\n<div>\n<div><strong>850 \/ 855<\/strong><\/div>\n<\/div>\n<div>T, 5R. <strong>\u00c5rsmodell:<\/strong> 90-2\/97<\/div>\n<div>\u00a0<\/div>\n<div><strong>Anm\u00e4rkning:<\/strong><\/div>\n<div>Originalr\u00f6r kapas och ers\u00e4tts med detta r\u00f6r<\/div>\n<div>\u00a0<\/div>\n<div><strong>Klammor:<\/strong> Galvaniserad \u00f6verfallsklamma och r\u00f6rklamma medf\u00f6ljer. K\u00f6p till rostfri r\u00f6rklamma, artikelnr: <strong>RFK67<\/strong><\/div>\n","protected":false},"excerpt":{"rendered":"<p>Universaldel<\/p>\n","protected":false},"featured_media":37082,"comment_status":"closed","ping_status":"closed","template":"","meta":{"_kad_blocks_custom_css":"","_kad_blocks_head_custom_js":"","_kad_blocks_body_custom_js":"","_kad_blocks_footer_custom_js":"","_kad_post_transparent":"","_kad_post_title":"","_kad_post_layout":"","_kad_post_sidebar_id":"","_kad_post_content_style":"","_kad_post_vertical_padding":"","_kad_post_feature":"","_kad_post_feature_position":"","_kad_post_header":false,"_kad_post_footer":false,"_kad_post_classname":""},"product_brand":[],"product_cat":[2631,2638,2660,2661,87],"product_tag":[2195,2196,4958,109],"class_list":{"0":"post-19643","1":"product","2":"type-product","3":"status-publish","4":"has-post-thumbnail","6":"product_cat-850-en","7":"product_cat-c70-en","8":"product_cat-s70-en","9":"product_cat-v70-i","10":"product_cat-volvo","11":"product_tag-exhaust","12":"product_tag-stainless-exhaust","13":"product_tag-vo850trep-en","14":"product_tag-volvo-en","16":"first","17":"instock","18":"taxable","19":"shipping-taxable","20":"purchasable","21":"product-type-simple","22":"entry","23":"content-bg","24":"loop-entry"},"taxonomy_info":{"product_cat":[{"value":2631,"label":"850"},{"value":2638,"label":"C70"},{"value":2660,"label":"s70"},{"value":2661,"label":"v70 I"},{"value":87,"label":"Volvo"}],"product_tag":[{"value":2195,"label":"exhaust"},{"value":2196,"label":"stainless exhaust"},{"value":4958,"label":"VO850TREP"},{"value":109,"label":"volvo"}]},"featured_image_src_large":["https:\/\/ferrita.mlwebbyra.se\/wp-content\/uploads\/2023\/03\/VO850TREP_1.jpg",750,320,false],"author_info":[],"comment_info":0,"_links":{"self":[{"href":"https:\/\/ferrita.mlwebbyra.se\/en\/wp-json\/wp\/v2\/product\/19643","targetHints":{"allow":["GET"]}}],"collection":[{"href":"https:\/\/ferrita.mlwebbyra.se\/en\/wp-json\/wp\/v2\/product"}],"about":[{"href":"https:\/\/ferrita.mlwebbyra.se\/en\/wp-json\/wp\/v2\/types\/product"}],"replies":[{"embeddable":true,"href":"https:\/\/ferrita.mlwebbyra.se\/en\/wp-json\/wp\/v2\/comments?post=19643"}],"wp:featuredmedia":[{"embeddable":true,"href":"https:\/\/ferrita.mlwebbyra.se\/en\/wp-json\/wp\/v2\/media\/37082"}],"wp:attachment":[{"href":"https:\/\/ferrita.mlwebbyra.se\/en\/wp-json\/wp\/v2\/media?parent=19643"}],"wp:term":[{"taxonomy":"product_brand","embeddable":true,"href":"https:\/\/ferrita.mlwebbyra.se\/en\/wp-json\/wp\/v2\/product_brand?post=19643"},{"taxonomy":"product_cat","embeddable":true,"href":"https:\/\/ferrita.mlwebbyra.se\/en\/wp-json\/wp\/v2\/product_cat?post=19643"},{"taxonomy":"product_tag","embeddable":true,"href":"https:\/\/ferrita.mlwebbyra.se\/en\/wp-json\/wp\/v2\/product_tag?post=19643"}],"curies":[{"name":"wp","href":"https:\/\/api.w.org\/{rel}","templated":true}]}}