{"id":19622,"date":"2022-06-23T09:41:27","date_gmt":"2022-06-23T07:41:27","guid":{"rendered":"https:\/\/ferrita.mlwebbyra.se\/stodplat-rostfri\/"},"modified":"2023-03-28T01:09:41","modified_gmt":"2023-03-27T23:09:41","slug":"stodplat-rostfri","status":"publish","type":"product","link":"https:\/\/ferrita.mlwebbyra.se\/en\/stodplat-rostfri\/","title":{"rendered":"St\u00f6dpl\u00e5t Rostfri"},"content":{"rendered":"<p><strong>St\u00f6dpl\u00e5t laserskuren Rostfri<\/strong><\/p>\n<p>\u00a0<\/p>\n<p><strong>L\u00e4ngd: <\/strong>80mm<\/p>\n<p><strong>Bredd: <\/strong>25mm<\/p>\n<p><strong>Tjock: <\/strong>2,0mm<\/p>\n<p><strong>Material: <\/strong>Rostfri<\/p>\n","protected":false},"excerpt":{"rendered":"<p>St\u00f6dpl\u00e5t laserskuren Rostfri \u00a0 L\u00e4ngd: 80mm Bredd: 25mm Tjock: 2,0mm Material: Rostfri<\/p>\n","protected":false},"featured_media":36996,"comment_status":"open","ping_status":"closed","template":"","meta":{"_kad_blocks_custom_css":"","_kad_blocks_head_custom_js":"","_kad_blocks_body_custom_js":"","_kad_blocks_footer_custom_js":"","_kad_post_transparent":"","_kad_post_title":"","_kad_post_layout":"","_kad_post_sidebar_id":"","_kad_post_content_style":"","_kad_post_vertical_padding":"","_kad_post_feature":"","_kad_post_feature_position":"","_kad_post_header":false,"_kad_post_footer":false,"_kad_post_classname":""},"product_brand":[],"product_cat":[1561,92,2592],"product_tag":[],"class_list":{"0":"post-19622","1":"product","2":"type-product","3":"status-publish","4":"has-post-thumbnail","6":"product_cat-flat-iron-rod-angle-iron","7":"product_cat-spare-and-products-services","8":"product_cat-universal-parts","10":"first","11":"instock","12":"taxable","13":"shipping-taxable","14":"purchasable","15":"product-type-simple","16":"entry","17":"content-bg","18":"loop-entry"},"taxonomy_info":{"product_cat":[{"value":1561,"label":"Flat iron\/rod &amp; angle iron"},{"value":92,"label":"SPARE AND PRODUCTS SERVICES"},{"value":2592,"label":"Universal parts"}]},"featured_image_src_large":["https:\/\/ferrita.mlwebbyra.se\/wp-content\/uploads\/2023\/03\/UNIP001_1.jpg",383,207,false],"author_info":[],"comment_info":0,"_links":{"self":[{"href":"https:\/\/ferrita.mlwebbyra.se\/en\/wp-json\/wp\/v2\/product\/19622","targetHints":{"allow":["GET"]}}],"collection":[{"href":"https:\/\/ferrita.mlwebbyra.se\/en\/wp-json\/wp\/v2\/product"}],"about":[{"href":"https:\/\/ferrita.mlwebbyra.se\/en\/wp-json\/wp\/v2\/types\/product"}],"replies":[{"embeddable":true,"href":"https:\/\/ferrita.mlwebbyra.se\/en\/wp-json\/wp\/v2\/comments?post=19622"}],"wp:featuredmedia":[{"embeddable":true,"href":"https:\/\/ferrita.mlwebbyra.se\/en\/wp-json\/wp\/v2\/media\/36996"}],"wp:attachment":[{"href":"https:\/\/ferrita.mlwebbyra.se\/en\/wp-json\/wp\/v2\/media?parent=19622"}],"wp:term":[{"taxonomy":"product_brand","embeddable":true,"href":"https:\/\/ferrita.mlwebbyra.se\/en\/wp-json\/wp\/v2\/product_brand?post=19622"},{"taxonomy":"product_cat","embeddable":true,"href":"https:\/\/ferrita.mlwebbyra.se\/en\/wp-json\/wp\/v2\/product_cat?post=19622"},{"taxonomy":"product_tag","embeddable":true,"href":"https:\/\/ferrita.mlwebbyra.se\/en\/wp-json\/wp\/v2\/product_tag?post=19622"}],"curies":[{"name":"wp","href":"https:\/\/api.w.org\/{rel}","templated":true}]}}