{"id":19608,"date":"2022-02-18T14:25:42","date_gmt":"2022-02-18T13:25:42","guid":{"rendered":"https:\/\/ferrita.mlwebbyra.se\/runda-dubbla-o-889mm-vanster-vinklade-ansl-id-o-635mm\/"},"modified":"2023-03-28T01:09:27","modified_gmt":"2023-03-27T23:09:27","slug":"runda-dubbla-o-889mm-vanster-vinklade-ansl-id-o-635mm","status":"publish","type":"product","link":"https:\/\/ferrita.mlwebbyra.se\/en\/runda-dubbla-o-889mm-vanster-vinklade-ansl-id-o-635mm\/","title":{"rendered":"Stainless\/carbon, id 63,5mm, left, different length"},"content":{"rendered":"<p><strong>\u00c4ndr\u00f6r Rostfritt med Kolfibersvep\u00a0\u00d8 88,9mm<\/strong><\/p>\n<p>Dubbla vinklade med rullade kanter<\/p>\n<p>F\u00f6rskjutna f\u00f6r montering p\u00e5\u00a0v\u00e4nster sida<\/p>\n<p>\u00a0<\/p>\n<p><strong>Se video h\u00e4r!<\/strong><\/p>\n<p>\u00a0<\/p>\n<p><strong>Anslutningsr\u00f6r: <\/strong>Id \u00d8 63,5mm<\/p>\n<p><strong>L\u00e4ngd:<\/strong><\/p>\n<p>L\u00e5nga sidan: 240mm<\/p>\n<p>Korta sidan: 225mm<\/p>\n<p><strong>Bredd:<\/strong> 190mm<\/p>\n<p><strong>H\u00f6jd:<\/strong> 88.9mm<\/p>\n<p>\u00a0<\/p>\n<p><strong>Tillbeh\u00f6r:<\/strong><\/p>\n<p>Distanshylsa f\u00f6r annan r\u00f6r dimension:\u00a0<\/p>\n<p>Artikelnr. DIS50 = f\u00f6r r\u00f6r med ytterdiamater \u00d850mm upptill innerdiameter 63,5mm<\/p>\n<p>Artikelnr. DIS55 = f\u00f6r r\u00f6r med ytterdiamater \u00d854mm upptill innerdiameter 63,5mm<\/p>\n","protected":false},"excerpt":{"rendered":"<p>Tailpipe double<\/p>\n","protected":false},"featured_media":36940,"comment_status":"closed","ping_status":"closed","template":"","meta":{"_kad_blocks_custom_css":"","_kad_blocks_head_custom_js":"","_kad_blocks_body_custom_js":"","_kad_blocks_footer_custom_js":"","_kad_post_transparent":"","_kad_post_title":"","_kad_post_layout":"","_kad_post_sidebar_id":"","_kad_post_content_style":"","_kad_post_vertical_padding":"","_kad_post_feature":"","_kad_post_feature_position":"","_kad_post_header":false,"_kad_post_footer":false,"_kad_post_classname":""},"product_brand":[],"product_cat":[2664,2662],"product_tag":[3229,3230,3231,4926],"class_list":{"0":"post-19608","1":"product","2":"type-product","3":"status-publish","4":"has-post-thumbnail","6":"product_cat-carbon-fiber","7":"product_cat-tail-pipes","8":"product_tag-andror-en","9":"product_tag-rostfritt-andror-en","10":"product_tag-slutror-en","11":"product_tag-tpc008v-en","13":"first","14":"instock","15":"taxable","16":"shipping-taxable","17":"purchasable","18":"product-type-simple","19":"entry","20":"content-bg","21":"loop-entry"},"taxonomy_info":{"product_cat":[{"value":2664,"label":"Carbon fiber"},{"value":2662,"label":"Tail pipes"}],"product_tag":[{"value":3229,"label":"\u00e4ndr\u00f6r"},{"value":3230,"label":"rostfritt \u00e4ndr\u00f6r"},{"value":3231,"label":"slutr\u00f6r"},{"value":4926,"label":"TPC008V"}]},"featured_image_src_large":["https:\/\/ferrita.mlwebbyra.se\/wp-content\/uploads\/2023\/03\/TPC008V_1.jpg",750,696,false],"author_info":[],"comment_info":0,"_links":{"self":[{"href":"https:\/\/ferrita.mlwebbyra.se\/en\/wp-json\/wp\/v2\/product\/19608","targetHints":{"allow":["GET"]}}],"collection":[{"href":"https:\/\/ferrita.mlwebbyra.se\/en\/wp-json\/wp\/v2\/product"}],"about":[{"href":"https:\/\/ferrita.mlwebbyra.se\/en\/wp-json\/wp\/v2\/types\/product"}],"replies":[{"embeddable":true,"href":"https:\/\/ferrita.mlwebbyra.se\/en\/wp-json\/wp\/v2\/comments?post=19608"}],"wp:featuredmedia":[{"embeddable":true,"href":"https:\/\/ferrita.mlwebbyra.se\/en\/wp-json\/wp\/v2\/media\/36940"}],"wp:attachment":[{"href":"https:\/\/ferrita.mlwebbyra.se\/en\/wp-json\/wp\/v2\/media?parent=19608"}],"wp:term":[{"taxonomy":"product_brand","embeddable":true,"href":"https:\/\/ferrita.mlwebbyra.se\/en\/wp-json\/wp\/v2\/product_brand?post=19608"},{"taxonomy":"product_cat","embeddable":true,"href":"https:\/\/ferrita.mlwebbyra.se\/en\/wp-json\/wp\/v2\/product_cat?post=19608"},{"taxonomy":"product_tag","embeddable":true,"href":"https:\/\/ferrita.mlwebbyra.se\/en\/wp-json\/wp\/v2\/product_tag?post=19608"}],"curies":[{"name":"wp","href":"https:\/\/api.w.org\/{rel}","templated":true}]}}