{"id":19598,"date":"2022-06-23T09:41:22","date_gmt":"2022-06-23T07:41:22","guid":{"rendered":"https:\/\/ferrita.mlwebbyra.se\/runt-o-3%c2%bd-90mm-med-rullad-kant-polerat-langd-170mm\/"},"modified":"2023-03-28T01:09:12","modified_gmt":"2023-03-27T23:09:12","slug":"runt-o-3%c2%bd-90mm-med-rullad-kant-polerat-langd-170mm","status":"publish","type":"product","link":"https:\/\/ferrita.mlwebbyra.se\/en\/runt-o-3%c2%bd-90mm-med-rullad-kant-polerat-langd-170mm\/","title":{"rendered":"Runt \u00d8 3\u00bd&#8221; (90mm) med rullad kant, polerat. L\u00e4ngd =170mm"},"content":{"rendered":"<div><strong>Rostfritt \u00c4ndr\u00f6r 3\u00bd&#8221;<\/strong><\/div>\n<div>Rullad kant, polerat<\/div>\n<div>\u00a0<\/div>\n<div><strong>L\u00e4ngd:<\/strong> 170mm<\/div>\n<div><strong>Bredd:<\/strong> 90mm<\/div>\n<div><strong>H\u00f6jd:<\/strong> 90mm<\/div>\n","protected":false},"excerpt":{"rendered":"<p>\u00c4ndr\u00f6r Rostfritt<\/p>\n","protected":false},"featured_media":36882,"comment_status":"open","ping_status":"closed","template":"","meta":{"_kad_blocks_custom_css":"","_kad_blocks_head_custom_js":"","_kad_blocks_body_custom_js":"","_kad_blocks_footer_custom_js":"","_kad_post_transparent":"","_kad_post_title":"","_kad_post_layout":"","_kad_post_sidebar_id":"","_kad_post_content_style":"","_kad_post_vertical_padding":"","_kad_post_feature":"","_kad_post_feature_position":"","_kad_post_header":false,"_kad_post_footer":false,"_kad_post_classname":""},"product_brand":[],"product_cat":[2686],"product_tag":[],"class_list":{"0":"post-19598","1":"product","2":"type-product","3":"status-publish","4":"has-post-thumbnail","6":"product_cat-polished","8":"first","9":"instock","10":"taxable","11":"shipping-taxable","12":"purchasable","13":"product-type-simple","14":"entry","15":"content-bg","16":"loop-entry"},"taxonomy_info":{"product_cat":[{"value":2686,"label":"Polished"}]},"featured_image_src_large":["https:\/\/ferrita.mlwebbyra.se\/wp-content\/uploads\/2023\/03\/TP22015_1.jpg",300,156,false],"author_info":[],"comment_info":0,"_links":{"self":[{"href":"https:\/\/ferrita.mlwebbyra.se\/en\/wp-json\/wp\/v2\/product\/19598","targetHints":{"allow":["GET"]}}],"collection":[{"href":"https:\/\/ferrita.mlwebbyra.se\/en\/wp-json\/wp\/v2\/product"}],"about":[{"href":"https:\/\/ferrita.mlwebbyra.se\/en\/wp-json\/wp\/v2\/types\/product"}],"replies":[{"embeddable":true,"href":"https:\/\/ferrita.mlwebbyra.se\/en\/wp-json\/wp\/v2\/comments?post=19598"}],"wp:featuredmedia":[{"embeddable":true,"href":"https:\/\/ferrita.mlwebbyra.se\/en\/wp-json\/wp\/v2\/media\/36882"}],"wp:attachment":[{"href":"https:\/\/ferrita.mlwebbyra.se\/en\/wp-json\/wp\/v2\/media?parent=19598"}],"wp:term":[{"taxonomy":"product_brand","embeddable":true,"href":"https:\/\/ferrita.mlwebbyra.se\/en\/wp-json\/wp\/v2\/product_brand?post=19598"},{"taxonomy":"product_cat","embeddable":true,"href":"https:\/\/ferrita.mlwebbyra.se\/en\/wp-json\/wp\/v2\/product_cat?post=19598"},{"taxonomy":"product_tag","embeddable":true,"href":"https:\/\/ferrita.mlwebbyra.se\/en\/wp-json\/wp\/v2\/product_tag?post=19598"}],"curies":[{"name":"wp","href":"https:\/\/api.w.org\/{rel}","templated":true}]}}