{"id":19584,"date":"2022-04-27T08:08:41","date_gmt":"2022-04-27T06:08:41","guid":{"rendered":"https:\/\/ferrita.mlwebbyra.se\/sound-booster-kit-for-aktivt-avgasljud\/"},"modified":"2023-03-28T01:08:57","modified_gmt":"2023-03-27T23:08:57","slug":"sound-booster-kit-for-aktivt-avgasljud","status":"publish","type":"product","link":"https:\/\/ferrita.mlwebbyra.se\/en\/sound-booster-kit-for-aktivt-avgasljud\/","title":{"rendered":"Complete Set Maxhaust Active Sound"},"content":{"rendered":"<p><strong>Sound Booster, kit f\u00f6r aktivt avgasljud<\/strong><\/p>\n<p><strong>\u00a0<\/strong><\/p>\n<p><strong>Utf\u00f6rande:<\/strong><\/p>\n<p>St\u00e4llbart sportljud<\/p>\n<p>Ljudniv\u00e5 och funktioner styrs via app i mobiltelefonen<\/p>\n<p>\u00a0<\/p>\n<p><strong>Passar till:<\/strong><\/p>\n<p>Diesel- och bensin drivna bilar<\/p>\n<p>Anpassas till bilmodell<\/p>\n<p>\u00a0<\/p>\n<p><strong>Anm\u00e4rkning:<\/strong><\/p>\n<p>Montering\u00a0sker mot pristill\u00e4gg och skall g\u00f6ras vid\u00a0Ferrita i K\u00f6ping, kontakta kundtj\u00e4nst p\u00e5 tel.nr. 0221-18070<\/p>\n<p>\u00a0<\/p>\n","protected":false},"excerpt":{"rendered":"<p>Sound Booster<\/p>\n","protected":false},"featured_media":36826,"comment_status":"closed","ping_status":"closed","template":"","meta":{"_kad_blocks_custom_css":"","_kad_blocks_head_custom_js":"","_kad_blocks_body_custom_js":"","_kad_blocks_footer_custom_js":"","_kad_post_transparent":"","_kad_post_title":"","_kad_post_layout":"","_kad_post_sidebar_id":"","_kad_post_content_style":"","_kad_post_vertical_padding":"","_kad_post_feature":"","_kad_post_feature_position":"","_kad_post_header":false,"_kad_post_footer":false,"_kad_post_classname":""},"product_brand":[],"product_cat":[2207],"product_tag":[4904,4905,4906,4907],"class_list":{"0":"post-19584","1":"product","2":"type-product","3":"status-publish","4":"has-post-thumbnail","6":"product_cat-active-sound","7":"product_tag-aktivt-ljud-en","8":"product_tag-hogtalare-for-billjud-en","9":"product_tag-sb7777-en","10":"product_tag-sound-booster-en","12":"first","13":"instock","14":"taxable","15":"shipping-taxable","16":"purchasable","17":"product-type-simple","18":"entry","19":"content-bg","20":"loop-entry"},"taxonomy_info":{"product_cat":[{"value":2207,"label":"Active sound"}],"product_tag":[{"value":4904,"label":"aktivt ljud"},{"value":4905,"label":"h\u00f6gtalare f\u00f6r billjud"},{"value":4906,"label":"SB7777"},{"value":4907,"label":"sound booster"}]},"featured_image_src_large":["https:\/\/ferrita.mlwebbyra.se\/wp-content\/uploads\/2023\/03\/SB7777_1.jpg",750,456,false],"author_info":[],"comment_info":0,"_links":{"self":[{"href":"https:\/\/ferrita.mlwebbyra.se\/en\/wp-json\/wp\/v2\/product\/19584","targetHints":{"allow":["GET"]}}],"collection":[{"href":"https:\/\/ferrita.mlwebbyra.se\/en\/wp-json\/wp\/v2\/product"}],"about":[{"href":"https:\/\/ferrita.mlwebbyra.se\/en\/wp-json\/wp\/v2\/types\/product"}],"replies":[{"embeddable":true,"href":"https:\/\/ferrita.mlwebbyra.se\/en\/wp-json\/wp\/v2\/comments?post=19584"}],"wp:featuredmedia":[{"embeddable":true,"href":"https:\/\/ferrita.mlwebbyra.se\/en\/wp-json\/wp\/v2\/media\/36826"}],"wp:attachment":[{"href":"https:\/\/ferrita.mlwebbyra.se\/en\/wp-json\/wp\/v2\/media?parent=19584"}],"wp:term":[{"taxonomy":"product_brand","embeddable":true,"href":"https:\/\/ferrita.mlwebbyra.se\/en\/wp-json\/wp\/v2\/product_brand?post=19584"},{"taxonomy":"product_cat","embeddable":true,"href":"https:\/\/ferrita.mlwebbyra.se\/en\/wp-json\/wp\/v2\/product_cat?post=19584"},{"taxonomy":"product_tag","embeddable":true,"href":"https:\/\/ferrita.mlwebbyra.se\/en\/wp-json\/wp\/v2\/product_tag?post=19584"}],"curies":[{"name":"wp","href":"https:\/\/api.w.org\/{rel}","templated":true}]}}