{"id":19561,"date":"2022-02-24T12:08:57","date_gmt":"2022-02-24T11:08:57","guid":{"rendered":"https:\/\/ferrita.mlwebbyra.se\/rostfri-rorklamma-o51mm\/"},"modified":"2023-03-28T01:08:19","modified_gmt":"2023-03-27T23:08:19","slug":"rostfri-rorklamma-o51mm","status":"publish","type":"product","link":"https:\/\/ferrita.mlwebbyra.se\/en\/rostfri-rorklamma-o51mm\/","title":{"rendered":"Rostfri r\u00f6rklamma \u00d851mm"},"content":{"rendered":"<p><strong>Rostfri R\u00f6rklamma \u00d851mm<\/strong><\/p>\n","protected":false},"excerpt":{"rendered":"<p>Universaldel<\/p>\n","protected":false},"featured_media":36710,"comment_status":"closed","ping_status":"closed","template":"","meta":{"_kad_blocks_custom_css":"","_kad_blocks_head_custom_js":"","_kad_blocks_body_custom_js":"","_kad_blocks_footer_custom_js":"","_kad_post_transparent":"","_kad_post_title":"","_kad_post_layout":"","_kad_post_sidebar_id":"","_kad_post_content_style":"","_kad_post_vertical_padding":"","_kad_post_feature":"","_kad_post_feature_position":"","_kad_post_header":false,"_kad_post_footer":false,"_kad_post_classname":""},"product_brand":[],"product_cat":[2579,92,2582],"product_tag":[4876,2809,3033],"class_list":{"0":"post-19561","1":"product","2":"type-product","3":"status-publish","4":"has-post-thumbnail","6":"product_cat-pipe-clamps","7":"product_cat-spare-and-products-services","8":"product_cat-stainless-en-3","9":"product_tag-rfk51-en","10":"product_tag-rorklammer-en","11":"product_tag-rostfri-rorklammer-en","13":"first","14":"instock","15":"taxable","16":"shipping-taxable","17":"purchasable","18":"product-type-simple","19":"entry","20":"content-bg","21":"loop-entry"},"taxonomy_info":{"product_cat":[{"value":2579,"label":"Pipe clamps"},{"value":92,"label":"SPARE AND PRODUCTS SERVICES"},{"value":2582,"label":"Stainless"}],"product_tag":[{"value":4876,"label":"RFK51"},{"value":2809,"label":"r\u00f6rklammer"},{"value":3033,"label":"rostfri r\u00f6rklammer"}]},"featured_image_src_large":["https:\/\/ferrita.mlwebbyra.se\/wp-content\/uploads\/2023\/03\/RFK51_1.jpg",450,378,false],"author_info":[],"comment_info":0,"_links":{"self":[{"href":"https:\/\/ferrita.mlwebbyra.se\/en\/wp-json\/wp\/v2\/product\/19561","targetHints":{"allow":["GET"]}}],"collection":[{"href":"https:\/\/ferrita.mlwebbyra.se\/en\/wp-json\/wp\/v2\/product"}],"about":[{"href":"https:\/\/ferrita.mlwebbyra.se\/en\/wp-json\/wp\/v2\/types\/product"}],"replies":[{"embeddable":true,"href":"https:\/\/ferrita.mlwebbyra.se\/en\/wp-json\/wp\/v2\/comments?post=19561"}],"wp:featuredmedia":[{"embeddable":true,"href":"https:\/\/ferrita.mlwebbyra.se\/en\/wp-json\/wp\/v2\/media\/36710"}],"wp:attachment":[{"href":"https:\/\/ferrita.mlwebbyra.se\/en\/wp-json\/wp\/v2\/media?parent=19561"}],"wp:term":[{"taxonomy":"product_brand","embeddable":true,"href":"https:\/\/ferrita.mlwebbyra.se\/en\/wp-json\/wp\/v2\/product_brand?post=19561"},{"taxonomy":"product_cat","embeddable":true,"href":"https:\/\/ferrita.mlwebbyra.se\/en\/wp-json\/wp\/v2\/product_cat?post=19561"},{"taxonomy":"product_tag","embeddable":true,"href":"https:\/\/ferrita.mlwebbyra.se\/en\/wp-json\/wp\/v2\/product_tag?post=19561"}],"curies":[{"name":"wp","href":"https:\/\/api.w.org\/{rel}","templated":true}]}}