{"id":19544,"date":"2022-03-08T18:24:20","date_gmt":"2022-03-08T17:24:20","guid":{"rendered":"https:\/\/ferrita.mlwebbyra.se\/rorboj-rostfri-yd-o762-x-16mm-90-r114mm\/"},"modified":"2023-03-28T01:08:02","modified_gmt":"2023-03-27T23:08:02","slug":"rorboj-rostfri-yd-o762-x-16mm-90-r114mm","status":"publish","type":"product","link":"https:\/\/ferrita.mlwebbyra.se\/en\/rorboj-rostfri-yd-o762-x-16mm-90-r114mm\/","title":{"rendered":"R\u00f6rb\u00f6j rostfri, Yd \u00d876,2 x 1,6mm 90\u00b0 R=114mm"},"content":{"rendered":"<div><strong>Rostfri R\u00f6rb\u00f6j<\/strong><\/div>\n<div>90 graders b\u00f6j<\/div>\n<p>\u00a0<\/p>\n<div><strong>Ytterdiameter:<\/strong> 76,2 x 1,6mm<\/div>\n<div><strong>Radie:<\/strong> 114mm<\/div>\n","protected":false},"excerpt":{"rendered":"<p>Universaldel<\/p>\n","protected":false},"featured_media":36658,"comment_status":"closed","ping_status":"closed","template":"","meta":{"_kad_blocks_custom_css":"","_kad_blocks_head_custom_js":"","_kad_blocks_body_custom_js":"","_kad_blocks_footer_custom_js":"","_kad_post_transparent":"","_kad_post_title":"","_kad_post_layout":"","_kad_post_sidebar_id":"","_kad_post_content_style":"","_kad_post_vertical_padding":"","_kad_post_feature":"","_kad_post_feature_position":"","_kad_post_header":false,"_kad_post_footer":false,"_kad_post_classname":""},"product_brand":[],"product_cat":[2550,2572,92],"product_tag":[4859,3084,3085],"class_list":{"0":"post-19544","1":"product","2":"type-product","3":"status-publish","4":"has-post-thumbnail","6":"product_cat-bended-pipes","7":"product_cat-o76-0-76-5mm-en","8":"product_cat-spare-and-products-services","9":"product_tag-rb7690114-en","10":"product_tag-rorboj-en","11":"product_tag-rostfri-rorboj-en","13":"first","14":"instock","15":"taxable","16":"shipping-taxable","17":"purchasable","18":"product-type-simple","19":"entry","20":"content-bg","21":"loop-entry"},"taxonomy_info":{"product_cat":[{"value":2550,"label":"Bended pipes"},{"value":2572,"label":"\u00d876,0 - 76,5mm"},{"value":92,"label":"SPARE AND PRODUCTS SERVICES"}],"product_tag":[{"value":4859,"label":"RB7690114"},{"value":3084,"label":"r\u00f6rb\u00f6j"},{"value":3085,"label":"rostfri r\u00f6rb\u00f6j"}]},"featured_image_src_large":["https:\/\/ferrita.mlwebbyra.se\/wp-content\/uploads\/2023\/03\/RB7690114_1.jpg",231,161,false],"author_info":[],"comment_info":0,"_links":{"self":[{"href":"https:\/\/ferrita.mlwebbyra.se\/en\/wp-json\/wp\/v2\/product\/19544","targetHints":{"allow":["GET"]}}],"collection":[{"href":"https:\/\/ferrita.mlwebbyra.se\/en\/wp-json\/wp\/v2\/product"}],"about":[{"href":"https:\/\/ferrita.mlwebbyra.se\/en\/wp-json\/wp\/v2\/types\/product"}],"replies":[{"embeddable":true,"href":"https:\/\/ferrita.mlwebbyra.se\/en\/wp-json\/wp\/v2\/comments?post=19544"}],"wp:featuredmedia":[{"embeddable":true,"href":"https:\/\/ferrita.mlwebbyra.se\/en\/wp-json\/wp\/v2\/media\/36658"}],"wp:attachment":[{"href":"https:\/\/ferrita.mlwebbyra.se\/en\/wp-json\/wp\/v2\/media?parent=19544"}],"wp:term":[{"taxonomy":"product_brand","embeddable":true,"href":"https:\/\/ferrita.mlwebbyra.se\/en\/wp-json\/wp\/v2\/product_brand?post=19544"},{"taxonomy":"product_cat","embeddable":true,"href":"https:\/\/ferrita.mlwebbyra.se\/en\/wp-json\/wp\/v2\/product_cat?post=19544"},{"taxonomy":"product_tag","embeddable":true,"href":"https:\/\/ferrita.mlwebbyra.se\/en\/wp-json\/wp\/v2\/product_tag?post=19544"}],"curies":[{"name":"wp","href":"https:\/\/api.w.org\/{rel}","templated":true}]}}