{"id":19538,"date":"2022-02-26T15:10:00","date_gmt":"2022-02-26T14:10:00","guid":{"rendered":"https:\/\/ferrita.mlwebbyra.se\/rorboj-rostfri-2-1-8-540mm-35-sidforskjutning-en1-4509\/"},"modified":"2023-03-28T01:07:32","modified_gmt":"2023-03-27T23:07:32","slug":"rorboj-rostfri-2-1-8-540mm-35-sidforskjutning-en1-4509","status":"publish","type":"product","link":"https:\/\/ferrita.mlwebbyra.se\/en\/rorboj-rostfri-2-1-8-540mm-35-sidforskjutning-en1-4509\/","title":{"rendered":"R\u00f6rb\u00f6j Rostfri 2 1\/8&#8243; \/ 54,0mm 35\u00b0 sidf\u00f6rskjutning EN1.4509"},"content":{"rendered":"<p><strong>R\u00f6rb\u00f6j Rostfri\u00a02 1\/8&#8243; \/ 54,0mm 35\u00b0 sidf\u00f6rskjutning<\/strong><\/p>\n<p>\u00a0<\/p>\n<p><strong>Radie:<\/strong> 81mm<\/p>\n<p><strong>L\u00e4ngd:<\/strong> mm<\/p>\n<p><strong>Bredd:<\/strong> mm<\/p>\n<p><strong>Godstjocklek:<\/strong> 1,5mm<\/p>\n","protected":false},"excerpt":{"rendered":"<p>Universaldel<\/p>\n","protected":false},"featured_media":0,"comment_status":"closed","ping_status":"closed","template":"","meta":{"_kad_blocks_custom_css":"","_kad_blocks_head_custom_js":"","_kad_blocks_body_custom_js":"","_kad_blocks_footer_custom_js":"","_kad_post_transparent":"","_kad_post_title":"","_kad_post_layout":"","_kad_post_sidebar_id":"","_kad_post_content_style":"","_kad_post_vertical_padding":"","_kad_post_feature":"","_kad_post_feature_position":"","_kad_post_header":false,"_kad_post_footer":false,"_kad_post_classname":""},"product_brand":[],"product_cat":[2550,2555,2568],"product_tag":[4853,3084,3085],"class_list":{"0":"post-19538","1":"product","2":"type-product","3":"status-publish","5":"product_cat-bended-pipes","6":"product_cat-en1-4509-en","7":"product_cat-o54-0mm-en","8":"product_tag-rb5403535-en","9":"product_tag-rorboj-en","10":"product_tag-rostfri-rorboj-en","12":"first","13":"instock","14":"taxable","15":"shipping-taxable","16":"purchasable","17":"product-type-simple","18":"entry","19":"content-bg","20":"loop-entry"},"taxonomy_info":{"product_cat":[{"value":2550,"label":"Bended pipes"},{"value":2555,"label":"EN1.4509"},{"value":2568,"label":"\u00d854,0mm"}],"product_tag":[{"value":4853,"label":"RB5403535"},{"value":3084,"label":"r\u00f6rb\u00f6j"},{"value":3085,"label":"rostfri r\u00f6rb\u00f6j"}]},"featured_image_src_large":false,"author_info":[],"comment_info":0,"_links":{"self":[{"href":"https:\/\/ferrita.mlwebbyra.se\/en\/wp-json\/wp\/v2\/product\/19538","targetHints":{"allow":["GET"]}}],"collection":[{"href":"https:\/\/ferrita.mlwebbyra.se\/en\/wp-json\/wp\/v2\/product"}],"about":[{"href":"https:\/\/ferrita.mlwebbyra.se\/en\/wp-json\/wp\/v2\/types\/product"}],"replies":[{"embeddable":true,"href":"https:\/\/ferrita.mlwebbyra.se\/en\/wp-json\/wp\/v2\/comments?post=19538"}],"wp:attachment":[{"href":"https:\/\/ferrita.mlwebbyra.se\/en\/wp-json\/wp\/v2\/media?parent=19538"}],"wp:term":[{"taxonomy":"product_brand","embeddable":true,"href":"https:\/\/ferrita.mlwebbyra.se\/en\/wp-json\/wp\/v2\/product_brand?post=19538"},{"taxonomy":"product_cat","embeddable":true,"href":"https:\/\/ferrita.mlwebbyra.se\/en\/wp-json\/wp\/v2\/product_cat?post=19538"},{"taxonomy":"product_tag","embeddable":true,"href":"https:\/\/ferrita.mlwebbyra.se\/en\/wp-json\/wp\/v2\/product_tag?post=19538"}],"curies":[{"name":"wp","href":"https:\/\/api.w.org\/{rel}","templated":true}]}}