{"id":19526,"date":"2022-02-26T15:09:42","date_gmt":"2022-02-26T14:09:42","guid":{"rendered":"https:\/\/ferrita.mlwebbyra.se\/rorboj-rostfri-yd-o424mm-60-t20mm-en-1-4541-321\/"},"modified":"2023-03-28T01:07:10","modified_gmt":"2023-03-27T23:07:10","slug":"rorboj-rostfri-yd-o424mm-60-t20mm-en-1-4541-321","status":"publish","type":"product","link":"https:\/\/ferrita.mlwebbyra.se\/en\/rorboj-rostfri-yd-o424mm-60-t20mm-en-1-4541-321\/","title":{"rendered":"R\u00f6rb\u00f6j rostfri, Yd \u00d842,4mm 60\u00b0. T=2,0mm. EN 1.4541\/321"},"content":{"rendered":"<div><strong>Rostfri R\u00f6rb\u00f6j Yd \u00d842,4mm<\/strong><\/div>\n<div><strong>60\u00b0, Radie: 64<\/strong><\/div>\n<div>\u00a0<\/div>\n<div><strong>L\u00e4ngd:<\/strong> 340mm<\/div>\n<div><strong>Bredd:<\/strong> 100mm<\/div>\n<div><strong>H\u00f6jd:<\/strong> 42,4mm<\/div>\n<div><strong>Godstjocklek:<\/strong> 2,0mm<\/div>\n<div><strong>Material kvalitet:<\/strong> EN 1.4541\/321<\/div>\n","protected":false},"excerpt":{"rendered":"<p>Universaldel<\/p>\n","protected":false},"featured_media":36482,"comment_status":"closed","ping_status":"closed","template":"","meta":{"_kad_blocks_custom_css":"","_kad_blocks_head_custom_js":"","_kad_blocks_body_custom_js":"","_kad_blocks_footer_custom_js":"","_kad_post_transparent":"","_kad_post_title":"","_kad_post_layout":"","_kad_post_sidebar_id":"","_kad_post_content_style":"","_kad_post_vertical_padding":"","_kad_post_feature":"","_kad_post_feature_position":"","_kad_post_header":false,"_kad_post_footer":false,"_kad_post_classname":""},"product_brand":[],"product_cat":[2550,2556,2564,2559],"product_tag":[4842,3084,3085],"class_list":{"0":"post-19526","1":"product","2":"type-product","3":"status-publish","4":"has-post-thumbnail","6":"product_cat-bended-pipes","7":"product_cat-en1-4541-321-en","8":"product_cat-o42-4mm-en","9":"product_cat-stainless-en-2","10":"product_tag-rb4246064-en","11":"product_tag-rorboj-en","12":"product_tag-rostfri-rorboj-en","14":"first","15":"instock","16":"taxable","17":"shipping-taxable","18":"purchasable","19":"product-type-simple","20":"entry","21":"content-bg","22":"loop-entry"},"taxonomy_info":{"product_cat":[{"value":2550,"label":"Bended pipes"},{"value":2556,"label":"EN1.4541\/321"},{"value":2564,"label":"\u00d842,4mm"},{"value":2559,"label":"Stainless"}],"product_tag":[{"value":4842,"label":"RB4246064"},{"value":3084,"label":"r\u00f6rb\u00f6j"},{"value":3085,"label":"rostfri r\u00f6rb\u00f6j"}]},"featured_image_src_large":["https:\/\/ferrita.mlwebbyra.se\/wp-content\/uploads\/2023\/03\/RB4246064_1.jpg",750,300,false],"author_info":[],"comment_info":0,"_links":{"self":[{"href":"https:\/\/ferrita.mlwebbyra.se\/en\/wp-json\/wp\/v2\/product\/19526","targetHints":{"allow":["GET"]}}],"collection":[{"href":"https:\/\/ferrita.mlwebbyra.se\/en\/wp-json\/wp\/v2\/product"}],"about":[{"href":"https:\/\/ferrita.mlwebbyra.se\/en\/wp-json\/wp\/v2\/types\/product"}],"replies":[{"embeddable":true,"href":"https:\/\/ferrita.mlwebbyra.se\/en\/wp-json\/wp\/v2\/comments?post=19526"}],"wp:featuredmedia":[{"embeddable":true,"href":"https:\/\/ferrita.mlwebbyra.se\/en\/wp-json\/wp\/v2\/media\/36482"}],"wp:attachment":[{"href":"https:\/\/ferrita.mlwebbyra.se\/en\/wp-json\/wp\/v2\/media?parent=19526"}],"wp:term":[{"taxonomy":"product_brand","embeddable":true,"href":"https:\/\/ferrita.mlwebbyra.se\/en\/wp-json\/wp\/v2\/product_brand?post=19526"},{"taxonomy":"product_cat","embeddable":true,"href":"https:\/\/ferrita.mlwebbyra.se\/en\/wp-json\/wp\/v2\/product_cat?post=19526"},{"taxonomy":"product_tag","embeddable":true,"href":"https:\/\/ferrita.mlwebbyra.se\/en\/wp-json\/wp\/v2\/product_tag?post=19526"}],"curies":[{"name":"wp","href":"https:\/\/api.w.org\/{rel}","templated":true}]}}