{"id":19515,"date":"2022-02-26T15:09:39","date_gmt":"2022-02-26T14:09:39","guid":{"rendered":"https:\/\/ferrita.mlwebbyra.se\/rorboj-rostfri-yd-o380mm-45-r95mm\/"},"modified":"2023-03-28T01:07:04","modified_gmt":"2023-03-27T23:07:04","slug":"rorboj-rostfri-yd-o380mm-45-r95mm","status":"publish","type":"product","link":"https:\/\/ferrita.mlwebbyra.se\/en\/rorboj-rostfri-yd-o380mm-45-r95mm\/","title":{"rendered":"R\u00f6rb\u00f6j rostfri, Yd \u00d838,0mm 45\u00b0 R=95mm T=1,5mm"},"content":{"rendered":"<p><strong>R\u00f6rb\u00f6j Rostfri<\/strong><\/p>\n<p><strong>Yd \u00d838,0mm, 45\u00b0<\/strong><\/p>\n<p>\u00a0<\/p>\n<p>EN 1.4307<\/p>\n<p>Radie: 95mm<\/p>\n<p>L\u00e4ngd: 340mm<\/p>\n<p>Bredd: 110mm<\/p>\n<p>H\u00f6jd: 38mm<\/p>\n<p>Godstjocklek: 1,5mm<\/p>\n","protected":false},"excerpt":{"rendered":"<p>Universaldel<\/p>\n","protected":false},"featured_media":36458,"comment_status":"closed","ping_status":"closed","template":"","meta":{"_kad_blocks_custom_css":"","_kad_blocks_head_custom_js":"","_kad_blocks_body_custom_js":"","_kad_blocks_footer_custom_js":"","_kad_post_transparent":"","_kad_post_title":"","_kad_post_layout":"","_kad_post_sidebar_id":"","_kad_post_content_style":"","_kad_post_vertical_padding":"","_kad_post_feature":"","_kad_post_feature_position":"","_kad_post_header":false,"_kad_post_footer":false,"_kad_post_classname":""},"product_brand":[],"product_cat":[2550,2554,2563,2559],"product_tag":[4831,3084,3085],"class_list":{"0":"post-19515","1":"product","2":"type-product","3":"status-publish","4":"has-post-thumbnail","6":"product_cat-bended-pipes","7":"product_cat-en-1-4307-304-en","8":"product_cat-o38-0mm-en","9":"product_cat-stainless-en-2","10":"product_tag-rb3804595-en","11":"product_tag-rorboj-en","12":"product_tag-rostfri-rorboj-en","14":"first","15":"instock","16":"taxable","17":"shipping-taxable","18":"purchasable","19":"product-type-simple","20":"entry","21":"content-bg","22":"loop-entry"},"taxonomy_info":{"product_cat":[{"value":2550,"label":"Bended pipes"},{"value":2554,"label":"EN 1.4307\/304"},{"value":2563,"label":"\u00d838,0mm"},{"value":2559,"label":"Stainless"}],"product_tag":[{"value":4831,"label":"RB3804595"},{"value":3084,"label":"r\u00f6rb\u00f6j"},{"value":3085,"label":"rostfri r\u00f6rb\u00f6j"}]},"featured_image_src_large":["https:\/\/ferrita.mlwebbyra.se\/wp-content\/uploads\/2023\/03\/RB3804595_1.jpg",600,217,false],"author_info":[],"comment_info":0,"_links":{"self":[{"href":"https:\/\/ferrita.mlwebbyra.se\/en\/wp-json\/wp\/v2\/product\/19515","targetHints":{"allow":["GET"]}}],"collection":[{"href":"https:\/\/ferrita.mlwebbyra.se\/en\/wp-json\/wp\/v2\/product"}],"about":[{"href":"https:\/\/ferrita.mlwebbyra.se\/en\/wp-json\/wp\/v2\/types\/product"}],"replies":[{"embeddable":true,"href":"https:\/\/ferrita.mlwebbyra.se\/en\/wp-json\/wp\/v2\/comments?post=19515"}],"wp:featuredmedia":[{"embeddable":true,"href":"https:\/\/ferrita.mlwebbyra.se\/en\/wp-json\/wp\/v2\/media\/36458"}],"wp:attachment":[{"href":"https:\/\/ferrita.mlwebbyra.se\/en\/wp-json\/wp\/v2\/media?parent=19515"}],"wp:term":[{"taxonomy":"product_brand","embeddable":true,"href":"https:\/\/ferrita.mlwebbyra.se\/en\/wp-json\/wp\/v2\/product_brand?post=19515"},{"taxonomy":"product_cat","embeddable":true,"href":"https:\/\/ferrita.mlwebbyra.se\/en\/wp-json\/wp\/v2\/product_cat?post=19515"},{"taxonomy":"product_tag","embeddable":true,"href":"https:\/\/ferrita.mlwebbyra.se\/en\/wp-json\/wp\/v2\/product_tag?post=19515"}],"curies":[{"name":"wp","href":"https:\/\/api.w.org\/{rel}","templated":true}]}}