{"id":19510,"date":"2022-02-26T15:09:38","date_gmt":"2022-02-26T14:09:38","guid":{"rendered":"https:\/\/ferrita.mlwebbyra.se\/rorboj-rostfri-yd-o320mm-180-r50mm\/"},"modified":"2023-03-28T01:06:59","modified_gmt":"2023-03-27T23:06:59","slug":"rorboj-rostfri-yd-o320mm-180-r50mm","status":"publish","type":"product","link":"https:\/\/ferrita.mlwebbyra.se\/en\/rorboj-rostfri-yd-o320mm-180-r50mm\/","title":{"rendered":"R\u00f6rb\u00f6j rostfri, Yd \u00d832,0mm 180\u00b0 R=50mm"},"content":{"rendered":"<div><strong>R\u00f6rb\u00f6j Rostfri\u00a0\u00d832,0mm <\/strong><strong>180\u00b0<\/strong><\/div>\n<div>\u00a0<\/div>\n<div><strong>Radie:<\/strong> 50mm<\/div>\n<div><strong>L\u00e4ngd:<\/strong> 360mm<\/div>\n<div><strong>Bredd:<\/strong> 135mm<\/div>\n<div><strong>H\u00f6jd<\/strong>: 32mm<\/div>\n<div><strong>Godstjocklek:<\/strong> 1,5mm<\/div>\n","protected":false},"excerpt":{"rendered":"<p>Universaldel<\/p>\n","protected":false},"featured_media":36442,"comment_status":"closed","ping_status":"closed","template":"","meta":{"_kad_blocks_custom_css":"","_kad_blocks_head_custom_js":"","_kad_blocks_body_custom_js":"","_kad_blocks_footer_custom_js":"","_kad_post_transparent":"","_kad_post_title":"","_kad_post_layout":"","_kad_post_sidebar_id":"","_kad_post_content_style":"","_kad_post_vertical_padding":"","_kad_post_feature":"","_kad_post_feature_position":"","_kad_post_header":false,"_kad_post_footer":false,"_kad_post_classname":""},"product_brand":[],"product_cat":[2550,2556,2562,2559],"product_tag":[4827,3084,3085],"class_list":{"0":"post-19510","1":"product","2":"type-product","3":"status-publish","4":"has-post-thumbnail","6":"product_cat-bended-pipes","7":"product_cat-en1-4541-321-en","8":"product_cat-o32-0mm-en","9":"product_cat-stainless-en-2","10":"product_tag-rb32018050-en","11":"product_tag-rorboj-en","12":"product_tag-rostfri-rorboj-en","14":"first","15":"instock","16":"taxable","17":"shipping-taxable","18":"purchasable","19":"product-type-simple","20":"entry","21":"content-bg","22":"loop-entry"},"taxonomy_info":{"product_cat":[{"value":2550,"label":"Bended pipes"},{"value":2556,"label":"EN1.4541\/321"},{"value":2562,"label":"\u00d832,0mm"},{"value":2559,"label":"Stainless"}],"product_tag":[{"value":4827,"label":"RB32018050"},{"value":3084,"label":"r\u00f6rb\u00f6j"},{"value":3085,"label":"rostfri r\u00f6rb\u00f6j"}]},"featured_image_src_large":["https:\/\/ferrita.mlwebbyra.se\/wp-content\/uploads\/2023\/03\/RB32018050_1.jpg",738,800,false],"author_info":[],"comment_info":0,"_links":{"self":[{"href":"https:\/\/ferrita.mlwebbyra.se\/en\/wp-json\/wp\/v2\/product\/19510","targetHints":{"allow":["GET"]}}],"collection":[{"href":"https:\/\/ferrita.mlwebbyra.se\/en\/wp-json\/wp\/v2\/product"}],"about":[{"href":"https:\/\/ferrita.mlwebbyra.se\/en\/wp-json\/wp\/v2\/types\/product"}],"replies":[{"embeddable":true,"href":"https:\/\/ferrita.mlwebbyra.se\/en\/wp-json\/wp\/v2\/comments?post=19510"}],"wp:featuredmedia":[{"embeddable":true,"href":"https:\/\/ferrita.mlwebbyra.se\/en\/wp-json\/wp\/v2\/media\/36442"}],"wp:attachment":[{"href":"https:\/\/ferrita.mlwebbyra.se\/en\/wp-json\/wp\/v2\/media?parent=19510"}],"wp:term":[{"taxonomy":"product_brand","embeddable":true,"href":"https:\/\/ferrita.mlwebbyra.se\/en\/wp-json\/wp\/v2\/product_brand?post=19510"},{"taxonomy":"product_cat","embeddable":true,"href":"https:\/\/ferrita.mlwebbyra.se\/en\/wp-json\/wp\/v2\/product_cat?post=19510"},{"taxonomy":"product_tag","embeddable":true,"href":"https:\/\/ferrita.mlwebbyra.se\/en\/wp-json\/wp\/v2\/product_tag?post=19510"}],"curies":[{"name":"wp","href":"https:\/\/api.w.org\/{rel}","templated":true}]}}