{"id":19506,"date":"2022-05-05T07:02:58","date_gmt":"2022-05-05T05:02:58","guid":{"rendered":"https:\/\/ferrita.mlwebbyra.se\/rf-rorboj-o254-x-16-90-en1-4301\/"},"modified":"2023-03-28T01:06:57","modified_gmt":"2023-03-27T23:06:57","slug":"rf-rorboj-o254-x-16-90-en1-4301","status":"publish","type":"product","link":"https:\/\/ferrita.mlwebbyra.se\/en\/rf-rorboj-o254-x-16-90-en1-4301\/","title":{"rendered":"Rf r\u00f6rb\u00f6j \u00d825,4 x 1,6 90\u00b0 EN1.4301"},"content":{"rendered":"<p><strong>Rostfri R\u00f6rb\u00f6j \u00f825,4&#215;1,6mm<\/strong><\/p>\n<p><strong>Diameter:\u00a0<\/strong>\u00f825,4mm<\/p>\n<p><strong>Godstjocklek:\u00a0<\/strong>1,6mm<\/p>\n<p><strong>Material:\u00a0<\/strong>EN 1.4301<\/p>\n","protected":false},"excerpt":{"rendered":"<p>Rostfri R\u00f6rb\u00f6j \u00f825,4&#215;1,6mm Diameter:\u00a0\u00f825,4mm Godstjocklek:\u00a01,6mm Material:\u00a0EN 1.4301<\/p>\n","protected":false},"featured_media":10675,"comment_status":"open","ping_status":"closed","template":"","meta":{"_kad_blocks_custom_css":"","_kad_blocks_head_custom_js":"","_kad_blocks_body_custom_js":"","_kad_blocks_footer_custom_js":"","_kad_post_transparent":"","_kad_post_title":"","_kad_post_layout":"","_kad_post_sidebar_id":"","_kad_post_content_style":"","_kad_post_vertical_padding":"","_kad_post_feature":"","_kad_post_feature_position":"","_kad_post_header":false,"_kad_post_footer":false,"_kad_post_classname":""},"product_brand":[],"product_cat":[2550,2553,2561,2559],"product_tag":[],"class_list":{"0":"post-19506","1":"product","2":"type-product","3":"status-publish","4":"has-post-thumbnail","6":"product_cat-bended-pipes","7":"product_cat-en1-4301-en","8":"product_cat-o25-30mm-en-2","9":"product_cat-stainless-en-2","11":"first","12":"outofstock","13":"taxable","14":"shipping-taxable","15":"purchasable","16":"product-type-simple","17":"entry","18":"content-bg","19":"loop-entry"},"taxonomy_info":{"product_cat":[{"value":2550,"label":"Bended pipes"},{"value":2553,"label":"EN1.4301"},{"value":2561,"label":"\u00d825-30mm"},{"value":2559,"label":"Stainless"}]},"featured_image_src_large":["https:\/\/ferrita.mlwebbyra.se\/wp-content\/uploads\/2022\/05\/RB251690.jpg",800,715,false],"author_info":[],"comment_info":0,"_links":{"self":[{"href":"https:\/\/ferrita.mlwebbyra.se\/en\/wp-json\/wp\/v2\/product\/19506","targetHints":{"allow":["GET"]}}],"collection":[{"href":"https:\/\/ferrita.mlwebbyra.se\/en\/wp-json\/wp\/v2\/product"}],"about":[{"href":"https:\/\/ferrita.mlwebbyra.se\/en\/wp-json\/wp\/v2\/types\/product"}],"replies":[{"embeddable":true,"href":"https:\/\/ferrita.mlwebbyra.se\/en\/wp-json\/wp\/v2\/comments?post=19506"}],"wp:featuredmedia":[{"embeddable":true,"href":"https:\/\/ferrita.mlwebbyra.se\/en\/wp-json\/wp\/v2\/media\/10675"}],"wp:attachment":[{"href":"https:\/\/ferrita.mlwebbyra.se\/en\/wp-json\/wp\/v2\/media?parent=19506"}],"wp:term":[{"taxonomy":"product_brand","embeddable":true,"href":"https:\/\/ferrita.mlwebbyra.se\/en\/wp-json\/wp\/v2\/product_brand?post=19506"},{"taxonomy":"product_cat","embeddable":true,"href":"https:\/\/ferrita.mlwebbyra.se\/en\/wp-json\/wp\/v2\/product_cat?post=19506"},{"taxonomy":"product_tag","embeddable":true,"href":"https:\/\/ferrita.mlwebbyra.se\/en\/wp-json\/wp\/v2\/product_tag?post=19506"}],"curies":[{"name":"wp","href":"https:\/\/api.w.org\/{rel}","templated":true}]}}