{"id":19499,"date":"2022-03-08T18:24:16","date_gmt":"2022-03-08T17:24:16","guid":{"rendered":"https:\/\/ferrita.mlwebbyra.se\/rorboj-rostfri-yd-o114mm-90-r96mm-t15mm\/"},"modified":"2023-03-28T01:06:53","modified_gmt":"2023-03-27T23:06:53","slug":"rorboj-rostfri-yd-o114mm-90-r96mm-t15mm","status":"publish","type":"product","link":"https:\/\/ferrita.mlwebbyra.se\/en\/rorboj-rostfri-yd-o114mm-90-r96mm-t15mm\/","title":{"rendered":"R\u00f6rb\u00f6j Rostfri Yd \u00d8114mm, 90\u00b0  R=96mm T=1,5mm"},"content":{"rendered":"<div>\n<p><strong>Rostfri R\u00f6rb\u00f6j<\/strong><\/p>\n<\/div>\n<p>90 grader b\u00f6j<\/p>\n<p>\u00a0<\/p>\n<div>\n<p>Tv\u00e5 halvor som \u00e4r ihop svetsade med synlig skarv<\/p>\n<\/div>\n<p><strong>Ytterdiameter:<\/strong> 114mm<\/p>\n<p><strong>Godstjocklek:<\/strong> 1.5mm<\/p>\n<p><strong>Material: <\/strong>Rostfritt<\/p>\n<p><strong>Radie:<\/strong> 96mm<\/p>\n","protected":false},"excerpt":{"rendered":"<p>Universaldel<\/p>\n","protected":false},"featured_media":36426,"comment_status":"closed","ping_status":"closed","template":"","meta":{"_kad_blocks_custom_css":"","_kad_blocks_head_custom_js":"","_kad_blocks_body_custom_js":"","_kad_blocks_footer_custom_js":"","_kad_post_transparent":"","_kad_post_title":"","_kad_post_layout":"","_kad_post_sidebar_id":"","_kad_post_content_style":"","_kad_post_vertical_padding":"","_kad_post_feature":"","_kad_post_feature_position":"","_kad_post_header":false,"_kad_post_footer":false,"_kad_post_classname":""},"product_brand":[],"product_cat":[2550,2575,92],"product_tag":[4820,3084,3085],"class_list":{"0":"post-19499","1":"product","2":"type-product","3":"status-publish","4":"has-post-thumbnail","6":"product_cat-bended-pipes","7":"product_cat-o110-115mm-en","8":"product_cat-spare-and-products-services","9":"product_tag-rb1149096-en","10":"product_tag-rorboj-en","11":"product_tag-rostfri-rorboj-en","13":"first","14":"instock","15":"taxable","16":"shipping-taxable","17":"purchasable","18":"product-type-simple","19":"entry","20":"content-bg","21":"loop-entry"},"taxonomy_info":{"product_cat":[{"value":2550,"label":"Bended pipes"},{"value":2575,"label":"\u00d8110-115mm"},{"value":92,"label":"SPARE AND PRODUCTS SERVICES"}],"product_tag":[{"value":4820,"label":"RB1149096"},{"value":3084,"label":"r\u00f6rb\u00f6j"},{"value":3085,"label":"rostfri r\u00f6rb\u00f6j"}]},"featured_image_src_large":["https:\/\/ferrita.mlwebbyra.se\/wp-content\/uploads\/2023\/03\/RB1149096_1.jpg",750,420,false],"author_info":[],"comment_info":0,"_links":{"self":[{"href":"https:\/\/ferrita.mlwebbyra.se\/en\/wp-json\/wp\/v2\/product\/19499","targetHints":{"allow":["GET"]}}],"collection":[{"href":"https:\/\/ferrita.mlwebbyra.se\/en\/wp-json\/wp\/v2\/product"}],"about":[{"href":"https:\/\/ferrita.mlwebbyra.se\/en\/wp-json\/wp\/v2\/types\/product"}],"replies":[{"embeddable":true,"href":"https:\/\/ferrita.mlwebbyra.se\/en\/wp-json\/wp\/v2\/comments?post=19499"}],"wp:featuredmedia":[{"embeddable":true,"href":"https:\/\/ferrita.mlwebbyra.se\/en\/wp-json\/wp\/v2\/media\/36426"}],"wp:attachment":[{"href":"https:\/\/ferrita.mlwebbyra.se\/en\/wp-json\/wp\/v2\/media?parent=19499"}],"wp:term":[{"taxonomy":"product_brand","embeddable":true,"href":"https:\/\/ferrita.mlwebbyra.se\/en\/wp-json\/wp\/v2\/product_brand?post=19499"},{"taxonomy":"product_cat","embeddable":true,"href":"https:\/\/ferrita.mlwebbyra.se\/en\/wp-json\/wp\/v2\/product_cat?post=19499"},{"taxonomy":"product_tag","embeddable":true,"href":"https:\/\/ferrita.mlwebbyra.se\/en\/wp-json\/wp\/v2\/product_tag?post=19499"}],"curies":[{"name":"wp","href":"https:\/\/api.w.org\/{rel}","templated":true}]}}