{"id":19497,"date":"2022-03-09T11:26:22","date_gmt":"2022-03-09T10:26:22","guid":{"rendered":"https:\/\/ferrita.mlwebbyra.se\/ror-rostfritt-93x10mm\/"},"modified":"2023-03-28T01:06:50","modified_gmt":"2023-03-27T23:06:50","slug":"ror-rostfritt-93x10mm","status":"publish","type":"product","link":"https:\/\/ferrita.mlwebbyra.se\/en\/ror-rostfritt-93x10mm\/","title":{"rendered":"R\u00f6r rostfritt Yd \u00d893 mm x 1,0mm, lasersvets. EN 10296-2, 1.4509"},"content":{"rendered":"<p><strong>R\u00f6r Rostfritt<\/strong><\/p>\n<p>Lasersvetsad<\/p>\n<p>Ej gl\u00f6dgad<\/p>\n<p><strong>\u00a0<\/strong><\/p>\n<p><strong>Diameter:<\/strong>\u00a0Yd \u00d893mm<\/p>\n<p><strong>Godstjocklek:<\/strong>\u00a01,0mm\u00a0<\/p>\n<p><strong>L\u00e4ngd:<\/strong>\u00a01000mm<\/p>\n<p><strong>Material:<\/strong>\u00a0EN 1.4509 \/ 10296-2<\/p>\n","protected":false},"excerpt":{"rendered":"<p>Universaldel<\/p>\n","protected":false},"featured_media":36416,"comment_status":"closed","ping_status":"closed","template":"","meta":{"_kad_blocks_custom_css":"","_kad_blocks_head_custom_js":"","_kad_blocks_body_custom_js":"","_kad_blocks_footer_custom_js":"","_kad_post_transparent":"","_kad_post_title":"","_kad_post_layout":"","_kad_post_sidebar_id":"","_kad_post_content_style":"","_kad_post_vertical_padding":"","_kad_post_feature":"","_kad_post_feature_position":"","_kad_post_header":false,"_kad_post_footer":false,"_kad_post_classname":""},"product_brand":[],"product_cat":[1452,2525,2542,92],"product_tag":[1454,4818,1455],"class_list":{"0":"post-19497","1":"product","2":"type-product","3":"status-publish","4":"has-post-thumbnail","6":"product_cat-pipe","7":"product_cat-1-4509-10296-2-en","8":"product_cat-o93mm-en","9":"product_cat-spare-and-products-services","10":"product_tag-pipe","11":"product_tag-r93104509-en","12":"product_tag-stainless-pipe","14":"first","15":"instock","16":"taxable","17":"shipping-taxable","18":"purchasable","19":"product-type-simple","20":"entry","21":"content-bg","22":"loop-entry"},"taxonomy_info":{"product_cat":[{"value":1452,"label":"Pipe"},{"value":2525,"label":"1.4509 \/ 10296-2"},{"value":2542,"label":"\u00d893mm"},{"value":92,"label":"SPARE AND PRODUCTS SERVICES"}],"product_tag":[{"value":1454,"label":"pipe"},{"value":4818,"label":"R93104509"},{"value":1455,"label":"stainless pipe"}]},"featured_image_src_large":["https:\/\/ferrita.mlwebbyra.se\/wp-content\/uploads\/2023\/03\/R93104509_1.jpg",468,369,false],"author_info":[],"comment_info":0,"_links":{"self":[{"href":"https:\/\/ferrita.mlwebbyra.se\/en\/wp-json\/wp\/v2\/product\/19497","targetHints":{"allow":["GET"]}}],"collection":[{"href":"https:\/\/ferrita.mlwebbyra.se\/en\/wp-json\/wp\/v2\/product"}],"about":[{"href":"https:\/\/ferrita.mlwebbyra.se\/en\/wp-json\/wp\/v2\/types\/product"}],"replies":[{"embeddable":true,"href":"https:\/\/ferrita.mlwebbyra.se\/en\/wp-json\/wp\/v2\/comments?post=19497"}],"wp:featuredmedia":[{"embeddable":true,"href":"https:\/\/ferrita.mlwebbyra.se\/en\/wp-json\/wp\/v2\/media\/36416"}],"wp:attachment":[{"href":"https:\/\/ferrita.mlwebbyra.se\/en\/wp-json\/wp\/v2\/media?parent=19497"}],"wp:term":[{"taxonomy":"product_brand","embeddable":true,"href":"https:\/\/ferrita.mlwebbyra.se\/en\/wp-json\/wp\/v2\/product_brand?post=19497"},{"taxonomy":"product_cat","embeddable":true,"href":"https:\/\/ferrita.mlwebbyra.se\/en\/wp-json\/wp\/v2\/product_cat?post=19497"},{"taxonomy":"product_tag","embeddable":true,"href":"https:\/\/ferrita.mlwebbyra.se\/en\/wp-json\/wp\/v2\/product_tag?post=19497"}],"curies":[{"name":"wp","href":"https:\/\/api.w.org\/{rel}","templated":true}]}}