{"id":19496,"date":"2022-03-09T13:11:36","date_gmt":"2022-03-09T12:11:36","guid":{"rendered":"https:\/\/ferrita.mlwebbyra.se\/ror-rostfritt-perforerat-yd-o889mm-l750mm\/"},"modified":"2023-03-28T01:06:49","modified_gmt":"2023-03-27T23:06:49","slug":"ror-rostfritt-perforerat-yd-o889mm-l750mm","status":"publish","type":"product","link":"https:\/\/ferrita.mlwebbyra.se\/en\/ror-rostfritt-perforerat-yd-o889mm-l750mm\/","title":{"rendered":"R\u00f6r rostfritt, perforerat,  Yd \u00d888,9mm L=750mm"},"content":{"rendered":"<div><strong>Rostfritt R\u00f6r Perforerat<\/strong><\/div>\n<p>\u00a0<\/p>\n<div><strong>L\u00e4ngd:<\/strong> 750mm<\/div>\n<div><strong>Ytterdiameter:<\/strong> 88,9mm<\/div>\n","protected":false},"excerpt":{"rendered":"<p>Universaldel<\/p>\n","protected":false},"featured_media":36412,"comment_status":"open","ping_status":"closed","template":"","meta":{"_kad_blocks_custom_css":"","_kad_blocks_head_custom_js":"","_kad_blocks_body_custom_js":"","_kad_blocks_footer_custom_js":"","_kad_post_transparent":"","_kad_post_title":"","_kad_post_layout":"","_kad_post_sidebar_id":"","_kad_post_content_style":"","_kad_post_vertical_padding":"","_kad_post_feature":"","_kad_post_feature_position":"","_kad_post_header":false,"_kad_post_footer":false,"_kad_post_classname":""},"product_brand":[],"product_cat":[1452,1453,2541,2528,92],"product_tag":[4817,4809],"class_list":{"0":"post-19496","1":"product","2":"type-product","3":"status-publish","4":"has-post-thumbnail","6":"product_cat-pipe","7":"product_cat-stainless-pipes","8":"product_cat-o889mm-en","9":"product_cat-perforated-pipes","10":"product_cat-spare-and-products-services","11":"product_tag-r88920304p-en","12":"product_tag-rostfritt-perforerat-ror-en","14":"first","15":"outofstock","16":"taxable","17":"shipping-taxable","18":"purchasable","19":"product-type-simple","20":"entry","21":"content-bg","22":"loop-entry"},"taxonomy_info":{"product_cat":[{"value":1452,"label":"Pipe"},{"value":1453,"label":"Stainless pipes"},{"value":2541,"label":"\u00d888,9mm"},{"value":2528,"label":"Perforated pipes"},{"value":92,"label":"SPARE AND PRODUCTS SERVICES"}],"product_tag":[{"value":4817,"label":"R88920304P"},{"value":4809,"label":"rostfritt perforerat r\u00f6r"}]},"featured_image_src_large":["https:\/\/ferrita.mlwebbyra.se\/wp-content\/uploads\/2023\/03\/R88920304P_1.jpg",579,800,false],"author_info":[],"comment_info":0,"_links":{"self":[{"href":"https:\/\/ferrita.mlwebbyra.se\/en\/wp-json\/wp\/v2\/product\/19496","targetHints":{"allow":["GET"]}}],"collection":[{"href":"https:\/\/ferrita.mlwebbyra.se\/en\/wp-json\/wp\/v2\/product"}],"about":[{"href":"https:\/\/ferrita.mlwebbyra.se\/en\/wp-json\/wp\/v2\/types\/product"}],"replies":[{"embeddable":true,"href":"https:\/\/ferrita.mlwebbyra.se\/en\/wp-json\/wp\/v2\/comments?post=19496"}],"wp:featuredmedia":[{"embeddable":true,"href":"https:\/\/ferrita.mlwebbyra.se\/en\/wp-json\/wp\/v2\/media\/36412"}],"wp:attachment":[{"href":"https:\/\/ferrita.mlwebbyra.se\/en\/wp-json\/wp\/v2\/media?parent=19496"}],"wp:term":[{"taxonomy":"product_brand","embeddable":true,"href":"https:\/\/ferrita.mlwebbyra.se\/en\/wp-json\/wp\/v2\/product_brand?post=19496"},{"taxonomy":"product_cat","embeddable":true,"href":"https:\/\/ferrita.mlwebbyra.se\/en\/wp-json\/wp\/v2\/product_cat?post=19496"},{"taxonomy":"product_tag","embeddable":true,"href":"https:\/\/ferrita.mlwebbyra.se\/en\/wp-json\/wp\/v2\/product_tag?post=19496"}],"curies":[{"name":"wp","href":"https:\/\/api.w.org\/{rel}","templated":true}]}}