{"id":19486,"date":"2022-05-11T11:37:18","date_gmt":"2022-05-11T09:37:18","guid":{"rendered":"https:\/\/ferrita.mlwebbyra.se\/ror-rostfritt-perforerat-yd-o70mm-l1000mm\/"},"modified":"2023-03-28T01:06:42","modified_gmt":"2023-03-27T23:06:42","slug":"ror-rostfritt-perforerat-yd-o70mm-l1000mm","status":"publish","type":"product","link":"https:\/\/ferrita.mlwebbyra.se\/en\/ror-rostfritt-perforerat-yd-o70mm-l1000mm\/","title":{"rendered":"R\u00f6r rostfritt, perforerat Yd \u00d870mm L=1000mm"},"content":{"rendered":"<div><strong>Perforerat Rostfritt R\u00f6r<\/strong><\/div>\n<div><\/div>\n<div>3mm h\u00e5l<\/div>\n<div><strong>L\u00e4ngd:<\/strong>\u00a01000mm<\/div>\n<div><strong>Material:<\/strong>\u00a0EN1.4509<\/div>\n<div><strong>Ytterdiameter:<\/strong> \u00d870mm<\/div>\n","protected":false},"excerpt":{"rendered":"<p>Universaldel<\/p>\n","protected":false},"featured_media":0,"comment_status":"closed","ping_status":"closed","template":"","meta":{"_kad_blocks_custom_css":"","_kad_blocks_head_custom_js":"","_kad_blocks_body_custom_js":"","_kad_blocks_footer_custom_js":"","_kad_post_transparent":"","_kad_post_title":"","_kad_post_layout":"","_kad_post_sidebar_id":"","_kad_post_content_style":"","_kad_post_vertical_padding":"","_kad_post_feature":"","_kad_post_feature_position":"","_kad_post_header":false,"_kad_post_footer":false,"_kad_post_classname":""},"product_brand":[],"product_cat":[1452,92],"product_tag":[1454,4814,1455],"class_list":{"0":"post-19486","1":"product","2":"type-product","3":"status-publish","5":"product_cat-pipe","6":"product_cat-spare-and-products-services","7":"product_tag-pipe","8":"product_tag-r701000p-en","9":"product_tag-stainless-pipe","11":"first","12":"instock","13":"taxable","14":"shipping-taxable","15":"purchasable","16":"product-type-simple","17":"entry","18":"content-bg","19":"loop-entry"},"taxonomy_info":{"product_cat":[{"value":1452,"label":"Pipe"},{"value":92,"label":"SPARE AND PRODUCTS SERVICES"}],"product_tag":[{"value":1454,"label":"pipe"},{"value":4814,"label":"R701000P"},{"value":1455,"label":"stainless pipe"}]},"featured_image_src_large":false,"author_info":[],"comment_info":0,"_links":{"self":[{"href":"https:\/\/ferrita.mlwebbyra.se\/en\/wp-json\/wp\/v2\/product\/19486","targetHints":{"allow":["GET"]}}],"collection":[{"href":"https:\/\/ferrita.mlwebbyra.se\/en\/wp-json\/wp\/v2\/product"}],"about":[{"href":"https:\/\/ferrita.mlwebbyra.se\/en\/wp-json\/wp\/v2\/types\/product"}],"replies":[{"embeddable":true,"href":"https:\/\/ferrita.mlwebbyra.se\/en\/wp-json\/wp\/v2\/comments?post=19486"}],"wp:attachment":[{"href":"https:\/\/ferrita.mlwebbyra.se\/en\/wp-json\/wp\/v2\/media?parent=19486"}],"wp:term":[{"taxonomy":"product_brand","embeddable":true,"href":"https:\/\/ferrita.mlwebbyra.se\/en\/wp-json\/wp\/v2\/product_brand?post=19486"},{"taxonomy":"product_cat","embeddable":true,"href":"https:\/\/ferrita.mlwebbyra.se\/en\/wp-json\/wp\/v2\/product_cat?post=19486"},{"taxonomy":"product_tag","embeddable":true,"href":"https:\/\/ferrita.mlwebbyra.se\/en\/wp-json\/wp\/v2\/product_tag?post=19486"}],"curies":[{"name":"wp","href":"https:\/\/api.w.org\/{rel}","templated":true}]}}