{"id":19464,"date":"2022-06-23T09:40:08","date_gmt":"2022-06-23T07:40:08","guid":{"rendered":"https:\/\/ferrita.mlwebbyra.se\/ror-rostfritt-perforerat-yd-o1270mm-l500mm\/"},"modified":"2023-03-28T01:06:21","modified_gmt":"2023-03-27T23:06:21","slug":"ror-rostfritt-perforerat-yd-o1270mm-l500mm","status":"publish","type":"product","link":"https:\/\/ferrita.mlwebbyra.se\/en\/ror-rostfritt-perforerat-yd-o1270mm-l500mm\/","title":{"rendered":"R\u00f6r rostfritt, perforerat, Yd \u00d8127,0mm L=500mm"},"content":{"rendered":"<div><strong>Rostfritt Perforerat R\u00f6r<\/strong><\/div>\n<p>\u00a0<\/p>\n<div><strong>Ytterdiameter:<\/strong> \u00d8127,0mm<\/div>\n<div><strong>L\u00e4ngd:<\/strong> 500mm<\/div>\n","protected":false},"excerpt":{"rendered":"<p>Universaldel<\/p>\n","protected":false},"featured_media":36360,"comment_status":"open","ping_status":"closed","template":"","meta":{"_kad_blocks_custom_css":"","_kad_blocks_head_custom_js":"","_kad_blocks_body_custom_js":"","_kad_blocks_footer_custom_js":"","_kad_post_transparent":"","_kad_post_title":"","_kad_post_layout":"","_kad_post_sidebar_id":"","_kad_post_content_style":"","_kad_post_vertical_padding":"","_kad_post_feature":"","_kad_post_feature_position":"","_kad_post_header":false,"_kad_post_footer":false,"_kad_post_classname":""},"product_brand":[],"product_cat":[2526,2545,2528],"product_tag":[],"class_list":{"0":"post-19464","1":"product","2":"type-product","3":"status-publish","4":"has-post-thumbnail","6":"product_cat-304-en","7":"product_cat-o128mm-en","8":"product_cat-perforated-pipes","10":"first","11":"instock","12":"taxable","13":"shipping-taxable","14":"purchasable","15":"product-type-simple","16":"entry","17":"content-bg","18":"loop-entry"},"taxonomy_info":{"product_cat":[{"value":2526,"label":"304"},{"value":2545,"label":"\u00d8128mm"},{"value":2528,"label":"Perforated pipes"}]},"featured_image_src_large":["https:\/\/ferrita.mlwebbyra.se\/wp-content\/uploads\/2023\/03\/R12720304P_1.jpg",579,800,false],"author_info":[],"comment_info":0,"_links":{"self":[{"href":"https:\/\/ferrita.mlwebbyra.se\/en\/wp-json\/wp\/v2\/product\/19464","targetHints":{"allow":["GET"]}}],"collection":[{"href":"https:\/\/ferrita.mlwebbyra.se\/en\/wp-json\/wp\/v2\/product"}],"about":[{"href":"https:\/\/ferrita.mlwebbyra.se\/en\/wp-json\/wp\/v2\/types\/product"}],"replies":[{"embeddable":true,"href":"https:\/\/ferrita.mlwebbyra.se\/en\/wp-json\/wp\/v2\/comments?post=19464"}],"wp:featuredmedia":[{"embeddable":true,"href":"https:\/\/ferrita.mlwebbyra.se\/en\/wp-json\/wp\/v2\/media\/36360"}],"wp:attachment":[{"href":"https:\/\/ferrita.mlwebbyra.se\/en\/wp-json\/wp\/v2\/media?parent=19464"}],"wp:term":[{"taxonomy":"product_brand","embeddable":true,"href":"https:\/\/ferrita.mlwebbyra.se\/en\/wp-json\/wp\/v2\/product_brand?post=19464"},{"taxonomy":"product_cat","embeddable":true,"href":"https:\/\/ferrita.mlwebbyra.se\/en\/wp-json\/wp\/v2\/product_cat?post=19464"},{"taxonomy":"product_tag","embeddable":true,"href":"https:\/\/ferrita.mlwebbyra.se\/en\/wp-json\/wp\/v2\/product_tag?post=19464"}],"curies":[{"name":"wp","href":"https:\/\/api.w.org\/{rel}","templated":true}]}}