{"id":19460,"date":"2022-03-09T11:26:23","date_gmt":"2022-03-09T10:26:23","guid":{"rendered":"https:\/\/ferrita.mlwebbyra.se\/ror-rostfritt-104x20mm\/"},"modified":"2023-03-28T01:06:19","modified_gmt":"2023-03-27T23:06:19","slug":"ror-rostfritt-104x20mm","status":"publish","type":"product","link":"https:\/\/ferrita.mlwebbyra.se\/en\/ror-rostfritt-104x20mm\/","title":{"rendered":"R\u00f6r Rostfritt 104\u00d72,0mm"},"content":{"rendered":"<p><strong>R\u00f6r Rostfritt<\/strong><\/p>\n<p>\u00a0<\/p>\n<p><strong>L\u00e4ngd:<\/strong>\u00a01000mm<\/p>\n<p><strong>Material:<\/strong>\u00a02333\/ EN 1.4307<\/p>\n<p><strong>Diameter:<\/strong>\u00a0\u00d8104mm<\/p>\n<p><strong>Godstjocklek:<\/strong>\u00a02,0mm\u00a0<\/p>\n","protected":false},"excerpt":{"rendered":"<p>R\u00f6r Rostfritt \u00a0 L\u00e4ngd:\u00a01000mm Material:\u00a02333\/ EN 1.4307 Diameter:\u00a0\u00d8104mm Godstjocklek:\u00a02,0mm\u00a0<\/p>\n","protected":false},"featured_media":10669,"comment_status":"closed","ping_status":"closed","template":"","meta":{"_kad_blocks_custom_css":"","_kad_blocks_head_custom_js":"","_kad_blocks_body_custom_js":"","_kad_blocks_footer_custom_js":"","_kad_post_transparent":"","_kad_post_title":"","_kad_post_layout":"","_kad_post_sidebar_id":"","_kad_post_content_style":"","_kad_post_vertical_padding":"","_kad_post_feature":"","_kad_post_feature_position":"","_kad_post_header":false,"_kad_post_footer":false,"_kad_post_classname":""},"product_brand":[],"product_cat":[1452,2543],"product_tag":[1454,4806,1455],"class_list":{"0":"post-19460","1":"product","2":"type-product","3":"status-publish","4":"has-post-thumbnail","6":"product_cat-pipe","7":"product_cat-o100-105mm-en","8":"product_tag-pipe","9":"product_tag-r10420304-en","10":"product_tag-stainless-pipe","12":"first","13":"outofstock","14":"taxable","15":"shipping-taxable","16":"purchasable","17":"product-type-simple","18":"entry","19":"content-bg","20":"loop-entry"},"taxonomy_info":{"product_cat":[{"value":1452,"label":"Pipe"},{"value":2543,"label":"\u00d8100-105mm"}],"product_tag":[{"value":1454,"label":"pipe"},{"value":4806,"label":"R10420304"},{"value":1455,"label":"stainless pipe"}]},"featured_image_src_large":["https:\/\/ferrita.mlwebbyra.se\/wp-content\/uploads\/2022\/05\/R761360304-1.jpg",468,369,false],"author_info":[],"comment_info":0,"_links":{"self":[{"href":"https:\/\/ferrita.mlwebbyra.se\/en\/wp-json\/wp\/v2\/product\/19460","targetHints":{"allow":["GET"]}}],"collection":[{"href":"https:\/\/ferrita.mlwebbyra.se\/en\/wp-json\/wp\/v2\/product"}],"about":[{"href":"https:\/\/ferrita.mlwebbyra.se\/en\/wp-json\/wp\/v2\/types\/product"}],"replies":[{"embeddable":true,"href":"https:\/\/ferrita.mlwebbyra.se\/en\/wp-json\/wp\/v2\/comments?post=19460"}],"wp:featuredmedia":[{"embeddable":true,"href":"https:\/\/ferrita.mlwebbyra.se\/en\/wp-json\/wp\/v2\/media\/10669"}],"wp:attachment":[{"href":"https:\/\/ferrita.mlwebbyra.se\/en\/wp-json\/wp\/v2\/media?parent=19460"}],"wp:term":[{"taxonomy":"product_brand","embeddable":true,"href":"https:\/\/ferrita.mlwebbyra.se\/en\/wp-json\/wp\/v2\/product_brand?post=19460"},{"taxonomy":"product_cat","embeddable":true,"href":"https:\/\/ferrita.mlwebbyra.se\/en\/wp-json\/wp\/v2\/product_cat?post=19460"},{"taxonomy":"product_tag","embeddable":true,"href":"https:\/\/ferrita.mlwebbyra.se\/en\/wp-json\/wp\/v2\/product_tag?post=19460"}],"curies":[{"name":"wp","href":"https:\/\/api.w.org\/{rel}","templated":true}]}}