{"id":19447,"date":"2022-05-09T14:59:53","date_gmt":"2022-05-09T12:59:53","guid":{"rendered":"https:\/\/ferrita.mlwebbyra.se\/tackbricka-rostfri-porsche-997-991-gt3-gt3-rs\/"},"modified":"2023-03-28T01:05:45","modified_gmt":"2023-03-27T23:05:45","slug":"tackbricka-rostfri-porsche-997-991-gt3-gt3-rs","status":"publish","type":"product","link":"https:\/\/ferrita.mlwebbyra.se\/en\/tackbricka-rostfri-porsche-997-991-gt3-gt3-rs\/","title":{"rendered":"T\u00e4ckbricka rostfri . Porsche 997\/991 GT3 GT3 RS"},"content":{"rendered":"<p><strong>Rostfri T\u00e4ckbricka<\/strong><\/p>\n<p>f\u00f6r Porsche 997\/991 GT3 GT3 RS<\/p>\n<p>\u00a0<\/p>\n<p>T\u00e4ckbricka f\u00f6r bortkoppling av vacuumventiler i orginalsystemet n\u00e4r man byter system till\u00a0 artikelnr: POK9972CUP<\/p>\n<p>\u00a0eller ers\u00e4ttningsr\u00f6r f\u00f6r sidoljudd\u00e4mparna POK991500S\u00a0OBS! Best\u00e4ll 2st per bil.<\/p>\n<p><strong>L\u00e4ngd:<\/strong> 120mm<\/p>\n<p><strong>Bredd:<\/strong> 75 mm<\/p>\n<p><strong>Material:<\/strong> EN1.4301<\/p>\n<p>\u00a0<\/p>\n<p>\u00a0<\/p>\n<p>\u00a0<\/p>\n<p>\u00a0<\/p>\n<p>\u00a0<\/p>\n","protected":false},"excerpt":{"rendered":"<p>Universaldel<\/p>\n","protected":false},"featured_media":36204,"comment_status":"closed","ping_status":"closed","template":"","meta":{"_kad_blocks_custom_css":"","_kad_blocks_head_custom_js":"","_kad_blocks_body_custom_js":"","_kad_blocks_footer_custom_js":"","_kad_post_transparent":"","_kad_post_title":"","_kad_post_layout":"","_kad_post_sidebar_id":"","_kad_post_content_style":"","_kad_post_vertical_padding":"","_kad_post_feature":"","_kad_post_feature_position":"","_kad_post_header":false,"_kad_post_footer":false,"_kad_post_classname":""},"product_brand":[],"product_cat":[2370,2381,2369],"product_tag":[4794,3024],"class_list":{"0":"post-19447","1":"product","2":"type-product","3":"status-publish","4":"has-post-thumbnail","6":"product_cat-911-en","7":"product_cat-997-en","8":"product_cat-porsche-en","9":"product_tag-po991tb-en","10":"product_tag-porsche-en","12":"first","13":"instock","14":"taxable","15":"shipping-taxable","16":"purchasable","17":"product-type-simple","18":"entry","19":"content-bg","20":"loop-entry"},"taxonomy_info":{"product_cat":[{"value":2370,"label":"911"},{"value":2381,"label":"997"},{"value":2369,"label":"Porsche"}],"product_tag":[{"value":4794,"label":"PO991TB"},{"value":3024,"label":"porsche"}]},"featured_image_src_large":["https:\/\/ferrita.mlwebbyra.se\/wp-content\/uploads\/2023\/03\/PO991TB_1.jpg",800,583,false],"author_info":[],"comment_info":0,"_links":{"self":[{"href":"https:\/\/ferrita.mlwebbyra.se\/en\/wp-json\/wp\/v2\/product\/19447","targetHints":{"allow":["GET"]}}],"collection":[{"href":"https:\/\/ferrita.mlwebbyra.se\/en\/wp-json\/wp\/v2\/product"}],"about":[{"href":"https:\/\/ferrita.mlwebbyra.se\/en\/wp-json\/wp\/v2\/types\/product"}],"replies":[{"embeddable":true,"href":"https:\/\/ferrita.mlwebbyra.se\/en\/wp-json\/wp\/v2\/comments?post=19447"}],"wp:featuredmedia":[{"embeddable":true,"href":"https:\/\/ferrita.mlwebbyra.se\/en\/wp-json\/wp\/v2\/media\/36204"}],"wp:attachment":[{"href":"https:\/\/ferrita.mlwebbyra.se\/en\/wp-json\/wp\/v2\/media?parent=19447"}],"wp:term":[{"taxonomy":"product_brand","embeddable":true,"href":"https:\/\/ferrita.mlwebbyra.se\/en\/wp-json\/wp\/v2\/product_brand?post=19447"},{"taxonomy":"product_cat","embeddable":true,"href":"https:\/\/ferrita.mlwebbyra.se\/en\/wp-json\/wp\/v2\/product_cat?post=19447"},{"taxonomy":"product_tag","embeddable":true,"href":"https:\/\/ferrita.mlwebbyra.se\/en\/wp-json\/wp\/v2\/product_tag?post=19447"}],"curies":[{"name":"wp","href":"https:\/\/api.w.org\/{rel}","templated":true}]}}