{"id":19439,"date":"2022-03-04T12:49:42","date_gmt":"2022-03-04T11:49:42","guid":{"rendered":"https:\/\/ferrita.mlwebbyra.se\/grenrorspackning\/"},"modified":"2024-02-27T14:27:06","modified_gmt":"2024-02-27T13:27:06","slug":"grenrorspackning","status":"publish","type":"product","link":"https:\/\/ferrita.mlwebbyra.se\/en\/grenrorspackning\/","title":{"rendered":"Grenr\u00f6rs packning"},"content":{"rendered":"<p><strong>Rostfria fl\u00e4nspackningar<\/strong><\/p>\n<p>Ett par f\u00f6r v\u00e4nster och h\u00f6ger grenr\u00f6r<\/p>\n<p><strong>Porsche <\/strong><\/p>\n<p><strong>991 GT3<\/strong><\/p>\n<p>3.8, 475 Hk. <strong>\u00c5rsmodell:<\/strong> 8\/13-<\/p>\n<p>4.0, 500 Hk.<strong> \u00c5rsmodell<\/strong>: 5\/17-<\/p>\n<p>RS \/ R, 4.0, 500 Hk. <strong>\u00c5rsmodell:<\/strong> 4\/15-<\/p>\n<p>RS \/ R, 4.0, 520 Hk. <strong>\u00c5rsmodell:<\/strong> 5\/18-<\/p>\n","protected":false},"excerpt":{"rendered":"<p>Porsche 991 GT3 GT3 RS<\/p>\n","protected":false},"featured_media":37740,"comment_status":"closed","ping_status":"closed","template":"","meta":{"_kad_blocks_custom_css":"","_kad_blocks_head_custom_js":"","_kad_blocks_body_custom_js":"","_kad_blocks_footer_custom_js":"","_kad_post_transparent":"default","_kad_post_title":"","_kad_post_layout":"default","_kad_post_sidebar_id":"","_kad_post_content_style":"default","_kad_post_vertical_padding":"default","_kad_post_feature":"","_kad_post_feature_position":"","_kad_post_header":false,"_kad_post_footer":false,"_kad_post_classname":""},"product_brand":[],"product_cat":[2384,92],"product_tag":[2718,2719,4782,2720],"class_list":{"0":"post-19439","1":"product","2":"type-product","3":"status-publish","4":"has-post-thumbnail","6":"product_cat-exhaust-gaskets","7":"product_cat-spare-and-products-services","8":"product_tag-avgaspackning-en","9":"product_tag-avgaspackningar-en","10":"product_tag-p9911000-en","11":"product_tag-packning-en","13":"first","14":"instock","15":"taxable","16":"shipping-taxable","17":"purchasable","18":"product-type-simple","19":"entry","20":"content-bg","21":"loop-entry"},"taxonomy_info":{"product_cat":[{"value":2384,"label":"Exhaust gaskets"},{"value":92,"label":"SPARE AND PRODUCTS SERVICES"}],"product_tag":[{"value":2718,"label":"avgaspackning"},{"value":2719,"label":"avgaspackningar"},{"value":4782,"label":"P9911000"},{"value":2720,"label":"packning"}]},"featured_image_src_large":["https:\/\/ferrita.mlwebbyra.se\/wp-content\/uploads\/2022\/03\/P9911000ferrita.jpg",750,754,false],"author_info":[],"comment_info":0,"_links":{"self":[{"href":"https:\/\/ferrita.mlwebbyra.se\/en\/wp-json\/wp\/v2\/product\/19439","targetHints":{"allow":["GET"]}}],"collection":[{"href":"https:\/\/ferrita.mlwebbyra.se\/en\/wp-json\/wp\/v2\/product"}],"about":[{"href":"https:\/\/ferrita.mlwebbyra.se\/en\/wp-json\/wp\/v2\/types\/product"}],"replies":[{"embeddable":true,"href":"https:\/\/ferrita.mlwebbyra.se\/en\/wp-json\/wp\/v2\/comments?post=19439"}],"wp:featuredmedia":[{"embeddable":true,"href":"https:\/\/ferrita.mlwebbyra.se\/en\/wp-json\/wp\/v2\/media\/37740"}],"wp:attachment":[{"href":"https:\/\/ferrita.mlwebbyra.se\/en\/wp-json\/wp\/v2\/media?parent=19439"}],"wp:term":[{"taxonomy":"product_brand","embeddable":true,"href":"https:\/\/ferrita.mlwebbyra.se\/en\/wp-json\/wp\/v2\/product_brand?post=19439"},{"taxonomy":"product_cat","embeddable":true,"href":"https:\/\/ferrita.mlwebbyra.se\/en\/wp-json\/wp\/v2\/product_cat?post=19439"},{"taxonomy":"product_tag","embeddable":true,"href":"https:\/\/ferrita.mlwebbyra.se\/en\/wp-json\/wp\/v2\/product_tag?post=19439"}],"curies":[{"name":"wp","href":"https:\/\/api.w.org\/{rel}","templated":true}]}}