{"id":19357,"date":"2022-02-24T09:47:06","date_gmt":"2022-02-24T08:47:06","guid":{"rendered":"https:\/\/ferrita.mlwebbyra.se\/forlangningsror-rostfritt-till-lambdasond\/"},"modified":"2023-03-28T01:04:27","modified_gmt":"2023-03-27T23:04:27","slug":"forlangningsror-rostfritt-till-lambdasond","status":"publish","type":"product","link":"https:\/\/ferrita.mlwebbyra.se\/en\/forlangningsror-rostfritt-till-lambdasond\/","title":{"rendered":"F\u00f6rl\u00e4ngningsr\u00f6r Rostfritt till Lambdasond"},"content":{"rendered":"<div><strong>F\u00f6rl\u00e4ngningsr\u00f6r Rostfritt\u00a0till Lambdasond<\/strong><\/div>\n<div>\n<div><strong>\u00a0<\/strong><\/div>\n<p><strong>L\u00e4ngd:<\/strong> 42mm<\/div>\n<div><strong>Bredd: <\/strong>25mm<\/div>\n<div><strong>H\u00f6jd: <\/strong>25mm<\/div>\n<div><strong>Vikt: <\/strong>0,2kg<\/div>\n","protected":false},"excerpt":{"rendered":"<p><strong>L\u00e4ngd:<\/strong> 42mm<br \/>\n<strong>Bredd:<\/strong> 25mm<br \/>\n<strong>H\u00f6jd:<\/strong> 25mm<br \/>\n<strong>Vikt:<\/strong> 0,2kg<\/p>\n","protected":false},"featured_media":35910,"comment_status":"closed","ping_status":"closed","template":"","meta":{"_kad_blocks_custom_css":"","_kad_blocks_head_custom_js":"","_kad_blocks_body_custom_js":"","_kad_blocks_footer_custom_js":"","_kad_post_transparent":"","_kad_post_title":"","_kad_post_layout":"","_kad_post_sidebar_id":"","_kad_post_content_style":"","_kad_post_vertical_padding":"","_kad_post_feature":"","_kad_post_feature_position":"","_kad_post_header":false,"_kad_post_footer":false,"_kad_post_classname":""},"product_brand":[],"product_cat":[2493,92],"product_tag":[2968,4424,2970,2971,2972],"class_list":{"0":"post-19357","1":"product","2":"type-product","3":"status-publish","4":"has-post-thumbnail","6":"product_cat-lambda-en","7":"product_cat-spare-and-products-services","8":"product_tag-forlangningsror-en","9":"product_tag-lambd-004-en","10":"product_tag-lambda-en","11":"product_tag-lambdasond-en","12":"product_tag-rostfri-lambda-en","14":"first","15":"instock","16":"taxable","17":"shipping-taxable","18":"purchasable","19":"product-type-simple","20":"entry","21":"content-bg","22":"loop-entry"},"taxonomy_info":{"product_cat":[{"value":2493,"label":"Lambda"},{"value":92,"label":"SPARE AND PRODUCTS SERVICES"}],"product_tag":[{"value":2968,"label":"f\u00f6rl\u00e4ngningsr\u00f6r"},{"value":4424,"label":"LAMBD-004"},{"value":2970,"label":"lambda"},{"value":2971,"label":"lambdasond"},{"value":2972,"label":"rostfri lambda"}]},"featured_image_src_large":["https:\/\/ferrita.mlwebbyra.se\/wp-content\/uploads\/2023\/03\/LAMBD-004_1.jpg",715,800,false],"author_info":[],"comment_info":0,"_links":{"self":[{"href":"https:\/\/ferrita.mlwebbyra.se\/en\/wp-json\/wp\/v2\/product\/19357","targetHints":{"allow":["GET"]}}],"collection":[{"href":"https:\/\/ferrita.mlwebbyra.se\/en\/wp-json\/wp\/v2\/product"}],"about":[{"href":"https:\/\/ferrita.mlwebbyra.se\/en\/wp-json\/wp\/v2\/types\/product"}],"replies":[{"embeddable":true,"href":"https:\/\/ferrita.mlwebbyra.se\/en\/wp-json\/wp\/v2\/comments?post=19357"}],"wp:featuredmedia":[{"embeddable":true,"href":"https:\/\/ferrita.mlwebbyra.se\/en\/wp-json\/wp\/v2\/media\/35910"}],"wp:attachment":[{"href":"https:\/\/ferrita.mlwebbyra.se\/en\/wp-json\/wp\/v2\/media?parent=19357"}],"wp:term":[{"taxonomy":"product_brand","embeddable":true,"href":"https:\/\/ferrita.mlwebbyra.se\/en\/wp-json\/wp\/v2\/product_brand?post=19357"},{"taxonomy":"product_cat","embeddable":true,"href":"https:\/\/ferrita.mlwebbyra.se\/en\/wp-json\/wp\/v2\/product_cat?post=19357"},{"taxonomy":"product_tag","embeddable":true,"href":"https:\/\/ferrita.mlwebbyra.se\/en\/wp-json\/wp\/v2\/product_tag?post=19357"}],"curies":[{"name":"wp","href":"https:\/\/api.w.org\/{rel}","templated":true}]}}