{"id":19294,"date":"2022-03-10T10:42:49","date_gmt":"2022-03-10T09:42:49","guid":{"rendered":"https:\/\/ferrita.mlwebbyra.se\/flexibel-rostfri-flatad-avgasbalg-id-o-75mm\/"},"modified":"2023-03-28T01:03:36","modified_gmt":"2023-03-27T23:03:36","slug":"flexibel-rostfri-flatad-avgasbalg-id-o-75mm","status":"publish","type":"product","link":"https:\/\/ferrita.mlwebbyra.se\/en\/flexibel-rostfri-flatad-avgasbalg-id-o-75mm\/","title":{"rendered":"Flexibel Rostfri fl\u00e4tad avgasb\u00e4lg. id \u00d8 75mm"},"content":{"rendered":"<p><strong>Flexibel Rostfri fl\u00e4tad\u00a0avgasb\u00e4lg<\/strong><\/p>\n<div>\u00a0<\/div>\n<div><strong>Inv\u00e4ndig Anslutning:<\/strong> \u00d875mm<\/div>\n<div>\u00a0<\/div>\n<div><strong>L\u00e4ngd:<\/strong> 110mm<\/div>\n<div>\u00a0<\/div>\n<div><strong>Rostfri Flexibel Avgasb\u00e4lg<\/strong><\/div>\n<div>EN1.4301<\/div>\n<div>\u00a0<\/div>\n<div><strong>Best\u00e5r av:<\/strong><\/div>\n<div>Ytterfl\u00e4ta, avgasb\u00e4lg och ett flexr\u00f6r inv\u00e4ndigt<\/div>\n<div>\u00a0<\/div>\n<div>\u00a0<\/div>\n","protected":false},"excerpt":{"rendered":"<p>Universaldel<\/p>\n","protected":false},"featured_media":0,"comment_status":"closed","ping_status":"closed","template":"","meta":{"_kad_blocks_custom_css":"","_kad_blocks_head_custom_js":"","_kad_blocks_body_custom_js":"","_kad_blocks_footer_custom_js":"","_kad_post_transparent":"","_kad_post_title":"","_kad_post_layout":"","_kad_post_sidebar_id":"","_kad_post_content_style":"","_kad_post_vertical_padding":"","_kad_post_feature":"","_kad_post_feature_position":"","_kad_post_header":false,"_kad_post_footer":false,"_kad_post_classname":""},"product_brand":[],"product_cat":[2402,92],"product_tag":[2912,2913,4358,2915],"class_list":{"0":"post-19294","1":"product","2":"type-product","3":"status-publish","5":"product_cat-flexible-bellows","6":"product_cat-spare-and-products-services","7":"product_tag-balg-en","8":"product_tag-flexibel-balg-en","9":"product_tag-flx75110-en","10":"product_tag-rostfri-flexbalg-en","12":"first","13":"instock","14":"taxable","15":"shipping-taxable","16":"purchasable","17":"product-type-simple","18":"entry","19":"content-bg","20":"loop-entry"},"taxonomy_info":{"product_cat":[{"value":2402,"label":"Flexible bellows"},{"value":92,"label":"SPARE AND PRODUCTS SERVICES"}],"product_tag":[{"value":2912,"label":"b\u00e4lg"},{"value":2913,"label":"flexibel b\u00e4lg"},{"value":4358,"label":"FLX75110"},{"value":2915,"label":"rostfri flexb\u00e4lg"}]},"featured_image_src_large":false,"author_info":[],"comment_info":0,"_links":{"self":[{"href":"https:\/\/ferrita.mlwebbyra.se\/en\/wp-json\/wp\/v2\/product\/19294","targetHints":{"allow":["GET"]}}],"collection":[{"href":"https:\/\/ferrita.mlwebbyra.se\/en\/wp-json\/wp\/v2\/product"}],"about":[{"href":"https:\/\/ferrita.mlwebbyra.se\/en\/wp-json\/wp\/v2\/types\/product"}],"replies":[{"embeddable":true,"href":"https:\/\/ferrita.mlwebbyra.se\/en\/wp-json\/wp\/v2\/comments?post=19294"}],"wp:attachment":[{"href":"https:\/\/ferrita.mlwebbyra.se\/en\/wp-json\/wp\/v2\/media?parent=19294"}],"wp:term":[{"taxonomy":"product_brand","embeddable":true,"href":"https:\/\/ferrita.mlwebbyra.se\/en\/wp-json\/wp\/v2\/product_brand?post=19294"},{"taxonomy":"product_cat","embeddable":true,"href":"https:\/\/ferrita.mlwebbyra.se\/en\/wp-json\/wp\/v2\/product_cat?post=19294"},{"taxonomy":"product_tag","embeddable":true,"href":"https:\/\/ferrita.mlwebbyra.se\/en\/wp-json\/wp\/v2\/product_tag?post=19294"}],"curies":[{"name":"wp","href":"https:\/\/api.w.org\/{rel}","templated":true}]}}