{"id":19292,"date":"2022-11-11T16:30:03","date_gmt":"2022-11-11T15:30:03","guid":{"rendered":"https:\/\/ferrita.mlwebbyra.se\/flexibel-rostfria-avgasbalg-med-nat-id-o70mm\/"},"modified":"2023-03-28T01:03:35","modified_gmt":"2023-03-27T23:03:35","slug":"flexibel-rostfria-avgasbalg-med-nat-id-o70mm","status":"publish","type":"product","link":"https:\/\/ferrita.mlwebbyra.se\/en\/flexibel-rostfria-avgasbalg-med-nat-id-o70mm\/","title":{"rendered":"Flexibel Rostfria avgasb\u00e4lg med n\u00e4t. Id \u00d876mm"},"content":{"rendered":"<p><strong>Flexibel Rostfria Avgasb\u00e4lg<\/strong><\/p>\n<p>Id: \u00d8 76mm<\/p>\n<p>Yd: 95mm<\/p>\n<p>L\u00e4ngd: 100mm<\/p>\n<p>\u00a0<\/p>\n<p><strong>Best\u00e5r av:<\/strong><\/p>\n<p>Avgasb\u00e4lg, yttern\u00e4t och inv\u00e4ndigt flexr\u00f6r<\/p>\n","protected":false},"excerpt":{"rendered":"<p>Universaldel<\/p>\n","protected":false},"featured_media":35702,"comment_status":"open","ping_status":"closed","template":"","meta":{"_kad_blocks_custom_css":"","_kad_blocks_head_custom_js":"","_kad_blocks_body_custom_js":"","_kad_blocks_footer_custom_js":"","_kad_post_transparent":"","_kad_post_title":"","_kad_post_layout":"","_kad_post_sidebar_id":"","_kad_post_content_style":"","_kad_post_vertical_padding":"","_kad_post_feature":"","_kad_post_feature_position":"","_kad_post_header":false,"_kad_post_footer":false,"_kad_post_classname":""},"product_brand":[],"product_cat":[2402,2410,2416],"product_tag":[],"class_list":{"0":"post-19292","1":"product","2":"type-product","3":"status-publish","4":"has-post-thumbnail","6":"product_cat-flexible-bellows","7":"product_cat-id-o70mm-en","8":"product_cat-unbraided","10":"first","11":"instock","12":"taxable","13":"shipping-taxable","14":"purchasable","15":"product-type-simple","16":"entry","17":"content-bg","18":"loop-entry"},"taxonomy_info":{"product_cat":[{"value":2402,"label":"Flexible bellows"},{"value":2410,"label":"Id \u00d870mm"},{"value":2416,"label":"Unbraided"}]},"featured_image_src_large":["https:\/\/ferrita.mlwebbyra.se\/wp-content\/uploads\/2023\/03\/FLX70100_1.jpg",750,731,false],"author_info":[],"comment_info":0,"_links":{"self":[{"href":"https:\/\/ferrita.mlwebbyra.se\/en\/wp-json\/wp\/v2\/product\/19292","targetHints":{"allow":["GET"]}}],"collection":[{"href":"https:\/\/ferrita.mlwebbyra.se\/en\/wp-json\/wp\/v2\/product"}],"about":[{"href":"https:\/\/ferrita.mlwebbyra.se\/en\/wp-json\/wp\/v2\/types\/product"}],"replies":[{"embeddable":true,"href":"https:\/\/ferrita.mlwebbyra.se\/en\/wp-json\/wp\/v2\/comments?post=19292"}],"wp:featuredmedia":[{"embeddable":true,"href":"https:\/\/ferrita.mlwebbyra.se\/en\/wp-json\/wp\/v2\/media\/35702"}],"wp:attachment":[{"href":"https:\/\/ferrita.mlwebbyra.se\/en\/wp-json\/wp\/v2\/media?parent=19292"}],"wp:term":[{"taxonomy":"product_brand","embeddable":true,"href":"https:\/\/ferrita.mlwebbyra.se\/en\/wp-json\/wp\/v2\/product_brand?post=19292"},{"taxonomy":"product_cat","embeddable":true,"href":"https:\/\/ferrita.mlwebbyra.se\/en\/wp-json\/wp\/v2\/product_cat?post=19292"},{"taxonomy":"product_tag","embeddable":true,"href":"https:\/\/ferrita.mlwebbyra.se\/en\/wp-json\/wp\/v2\/product_tag?post=19292"}],"curies":[{"name":"wp","href":"https:\/\/api.w.org\/{rel}","templated":true}]}}