{"id":19290,"date":"2022-03-10T10:42:48","date_gmt":"2022-03-10T09:42:48","guid":{"rendered":"https:\/\/ferrita.mlwebbyra.se\/flexibel-rostfri-nat-flatad-avgasbalg-id-o62mm\/"},"modified":"2023-03-28T09:00:11","modified_gmt":"2023-03-28T07:00:11","slug":"flexibel-rostfri-nat-flatad-avgasbalg-id-o62mm","status":"publish","type":"product","link":"https:\/\/ferrita.mlwebbyra.se\/en\/flexibel-rostfri-nat-flatad-avgasbalg-id-o62mm\/","title":{"rendered":"Flexibel Rostfri n\u00e4t-fl\u00e4tad avgasb\u00e4lg Id. \u00d862mm"},"content":{"rendered":"<p><strong>Rostfri Flexibel N\u00e4t-Fl\u00e4tad Avgasb\u00e4lg<\/strong><\/p>\n<p>\u00a0<\/p>\n<p><strong>Best\u00e5r av:<\/strong><\/p>\n<p>N\u00e4tfl\u00e4ta, avgasb\u00e4lg och inv\u00e4ndigt flexr\u00f6r<\/p>\n<p>\u00a0<\/p>\n<p><strong>Inv\u00e4ndig anslutning:<\/strong> \u00d862mm<\/p>\n<p><strong>Ytterm\u00e5tt:<\/strong> \u00d889mm<\/p>\n<p><strong>L\u00e4ngd:<\/strong> 220mm<\/p>\n","protected":false},"excerpt":{"rendered":"<p>Universaldel<\/p>\n","protected":false},"featured_media":37402,"comment_status":"closed","ping_status":"closed","template":"","meta":{"_kad_blocks_custom_css":"","_kad_blocks_head_custom_js":"","_kad_blocks_body_custom_js":"","_kad_blocks_footer_custom_js":"","_kad_post_transparent":"","_kad_post_title":"","_kad_post_layout":"","_kad_post_sidebar_id":"","_kad_post_content_style":"","_kad_post_vertical_padding":"","_kad_post_feature":"","_kad_post_feature_position":"","_kad_post_header":false,"_kad_post_footer":false,"_kad_post_classname":""},"product_brand":[],"product_cat":[2402,2409,92],"product_tag":[2912,2913,4355,2915],"class_list":{"0":"post-19290","1":"product","2":"type-product","3":"status-publish","4":"has-post-thumbnail","6":"product_cat-flexible-bellows","7":"product_cat-id-o60-65mm-en","8":"product_cat-spare-and-products-services","9":"product_tag-balg-en","10":"product_tag-flexibel-balg-en","11":"product_tag-flx6220-en","12":"product_tag-rostfri-flexbalg-en","14":"first","15":"instock","16":"taxable","17":"shipping-taxable","18":"purchasable","19":"product-type-simple","20":"entry","21":"content-bg","22":"loop-entry"},"taxonomy_info":{"product_cat":[{"value":2402,"label":"Flexible bellows"},{"value":2409,"label":"Id \u00d860-65mm"},{"value":92,"label":"SPARE AND PRODUCTS SERVICES"}],"product_tag":[{"value":2912,"label":"b\u00e4lg"},{"value":2913,"label":"flexibel b\u00e4lg"},{"value":4355,"label":"FLX6220"},{"value":2915,"label":"rostfri flexb\u00e4lg"}]},"featured_image_src_large":["https:\/\/ferrita.mlwebbyra.se\/wp-content\/uploads\/2023\/03\/FLX6220_1.jpg",750,707,false],"author_info":[],"comment_info":0,"_links":{"self":[{"href":"https:\/\/ferrita.mlwebbyra.se\/en\/wp-json\/wp\/v2\/product\/19290","targetHints":{"allow":["GET"]}}],"collection":[{"href":"https:\/\/ferrita.mlwebbyra.se\/en\/wp-json\/wp\/v2\/product"}],"about":[{"href":"https:\/\/ferrita.mlwebbyra.se\/en\/wp-json\/wp\/v2\/types\/product"}],"replies":[{"embeddable":true,"href":"https:\/\/ferrita.mlwebbyra.se\/en\/wp-json\/wp\/v2\/comments?post=19290"}],"wp:featuredmedia":[{"embeddable":true,"href":"https:\/\/ferrita.mlwebbyra.se\/en\/wp-json\/wp\/v2\/media\/37402"}],"wp:attachment":[{"href":"https:\/\/ferrita.mlwebbyra.se\/en\/wp-json\/wp\/v2\/media?parent=19290"}],"wp:term":[{"taxonomy":"product_brand","embeddable":true,"href":"https:\/\/ferrita.mlwebbyra.se\/en\/wp-json\/wp\/v2\/product_brand?post=19290"},{"taxonomy":"product_cat","embeddable":true,"href":"https:\/\/ferrita.mlwebbyra.se\/en\/wp-json\/wp\/v2\/product_cat?post=19290"},{"taxonomy":"product_tag","embeddable":true,"href":"https:\/\/ferrita.mlwebbyra.se\/en\/wp-json\/wp\/v2\/product_tag?post=19290"}],"curies":[{"name":"wp","href":"https:\/\/api.w.org\/{rel}","templated":true}]}}