{"id":19285,"date":"2022-03-10T10:42:43","date_gmt":"2022-03-10T09:42:43","guid":{"rendered":"https:\/\/ferrita.mlwebbyra.se\/rostfri-flexibel-flatat-avgasbalg-id-o-38mm-l-94mm\/"},"modified":"2023-03-28T01:03:29","modified_gmt":"2023-03-27T23:03:29","slug":"rostfri-flexibel-flatat-avgasbalg-id-o-38mm-l-94mm","status":"publish","type":"product","link":"https:\/\/ferrita.mlwebbyra.se\/en\/rostfri-flexibel-flatat-avgasbalg-id-o-38mm-l-94mm\/","title":{"rendered":"Flexibel Rostfri fl\u00e4tad avgasb\u00e4lg. Id \u00d838,5mm, L=95mm"},"content":{"rendered":"<div><strong>Rostfri Flexibel Fl\u00e4tad Avgasb\u00e4lg<\/strong><\/div>\n<div>EN 1.4301<\/div>\n<div>\u00a0<\/div>\n<div><strong>Inv\u00e4ndig Anslutning:<\/strong> \u00d838,5mm\u00a0<\/div>\n<div><strong>L\u00e4ngd:<\/strong> 95mm<\/div>\n<div><strong>Bredd:<\/strong> \u00d863,5mm<\/div>\n<div>\u00a0<\/div>\n","protected":false},"excerpt":{"rendered":"<p>Universaldel<\/p>\n","protected":false},"featured_media":35680,"comment_status":"closed","ping_status":"closed","template":"","meta":{"_kad_blocks_custom_css":"","_kad_blocks_head_custom_js":"","_kad_blocks_body_custom_js":"","_kad_blocks_footer_custom_js":"","_kad_post_transparent":"","_kad_post_title":"","_kad_post_layout":"","_kad_post_sidebar_id":"","_kad_post_content_style":"","_kad_post_vertical_padding":"","_kad_post_feature":"","_kad_post_feature_position":"","_kad_post_header":false,"_kad_post_footer":false,"_kad_post_classname":""},"product_brand":[],"product_cat":[2403,2402,2405,92],"product_tag":[2912,2913,4350,2915],"class_list":{"0":"post-19285","1":"product","2":"type-product","3":"status-publish","4":"has-post-thumbnail","6":"product_cat-braided","7":"product_cat-flexible-bellows","8":"product_cat-id-o38mm-en","9":"product_cat-spare-and-products-services","10":"product_tag-balg-en","11":"product_tag-flexibel-balg-en","12":"product_tag-flx3894-en","13":"product_tag-rostfri-flexbalg-en","15":"first","16":"instock","17":"taxable","18":"shipping-taxable","19":"purchasable","20":"product-type-simple","21":"entry","22":"content-bg","23":"loop-entry"},"taxonomy_info":{"product_cat":[{"value":2403,"label":"Braided"},{"value":2402,"label":"Flexible bellows"},{"value":2405,"label":"Id \u00d838mm"},{"value":92,"label":"SPARE AND PRODUCTS SERVICES"}],"product_tag":[{"value":2912,"label":"b\u00e4lg"},{"value":2913,"label":"flexibel b\u00e4lg"},{"value":4350,"label":"FLX3894"},{"value":2915,"label":"rostfri flexb\u00e4lg"}]},"featured_image_src_large":["https:\/\/ferrita.mlwebbyra.se\/wp-content\/uploads\/2023\/03\/FLX3894_1.jpg",700,710,false],"author_info":[],"comment_info":0,"_links":{"self":[{"href":"https:\/\/ferrita.mlwebbyra.se\/en\/wp-json\/wp\/v2\/product\/19285","targetHints":{"allow":["GET"]}}],"collection":[{"href":"https:\/\/ferrita.mlwebbyra.se\/en\/wp-json\/wp\/v2\/product"}],"about":[{"href":"https:\/\/ferrita.mlwebbyra.se\/en\/wp-json\/wp\/v2\/types\/product"}],"replies":[{"embeddable":true,"href":"https:\/\/ferrita.mlwebbyra.se\/en\/wp-json\/wp\/v2\/comments?post=19285"}],"wp:featuredmedia":[{"embeddable":true,"href":"https:\/\/ferrita.mlwebbyra.se\/en\/wp-json\/wp\/v2\/media\/35680"}],"wp:attachment":[{"href":"https:\/\/ferrita.mlwebbyra.se\/en\/wp-json\/wp\/v2\/media?parent=19285"}],"wp:term":[{"taxonomy":"product_brand","embeddable":true,"href":"https:\/\/ferrita.mlwebbyra.se\/en\/wp-json\/wp\/v2\/product_brand?post=19285"},{"taxonomy":"product_cat","embeddable":true,"href":"https:\/\/ferrita.mlwebbyra.se\/en\/wp-json\/wp\/v2\/product_cat?post=19285"},{"taxonomy":"product_tag","embeddable":true,"href":"https:\/\/ferrita.mlwebbyra.se\/en\/wp-json\/wp\/v2\/product_tag?post=19285"}],"curies":[{"name":"wp","href":"https:\/\/api.w.org\/{rel}","templated":true}]}}