{"id":19260,"date":"2022-03-02T08:21:23","date_gmt":"2022-03-02T07:21:23","guid":{"rendered":"https:\/\/ferrita.mlwebbyra.se\/flans-kolstal-mot-turbo-subaru-impreza-turbo\/"},"modified":"2023-03-28T01:03:08","modified_gmt":"2023-03-27T23:03:08","slug":"flans-kolstal-mot-turbo-subaru-impreza-turbo","status":"publish","type":"product","link":"https:\/\/ferrita.mlwebbyra.se\/en\/flans-kolstal-mot-turbo-subaru-impreza-turbo\/","title":{"rendered":"Fl\u00e4ns kolst\u00e5l mot turbo Subaru Impreza turbo"},"content":{"rendered":"<p><strong>Fl\u00e4ns i Kolst\u00e5l<\/strong><\/p>\n<p>Ovalt h\u00e5l<\/p>\n<p>\u00a0<\/p>\n<p>105 mm x 55 mm<\/p>\n<p><strong>Material:<\/strong> Kolst\u00e5l<\/p>\n","protected":false},"excerpt":{"rendered":"<p>Universaldel<\/p>\n","protected":false},"featured_media":35600,"comment_status":"closed","ping_status":"closed","template":"","meta":{"_kad_blocks_custom_css":"","_kad_blocks_head_custom_js":"","_kad_blocks_body_custom_js":"","_kad_blocks_footer_custom_js":"","_kad_post_transparent":"","_kad_post_title":"","_kad_post_layout":"","_kad_post_sidebar_id":"","_kad_post_content_style":"","_kad_post_vertical_padding":"","_kad_post_feature":"","_kad_post_feature_position":"","_kad_post_header":false,"_kad_post_footer":false,"_kad_post_classname":""},"product_brand":[],"product_cat":[2436,2603,92,2601],"product_tag":[4323,2890,2894,2891],"class_list":{"0":"post-19260","1":"product","2":"type-product","3":"status-publish","4":"has-post-thumbnail","6":"product_cat-flanges","7":"product_cat-impreza-iii","8":"product_cat-spare-and-products-services","9":"product_cat-subaru-en","10":"product_tag-fl99100-en","11":"product_tag-flans-en","12":"product_tag-flans-i-kolstal-en","13":"product_tag-flansar-en","15":"first","16":"instock","17":"taxable","18":"shipping-taxable","19":"purchasable","20":"product-type-simple","21":"entry","22":"content-bg","23":"loop-entry"},"taxonomy_info":{"product_cat":[{"value":2436,"label":"Flanges"},{"value":2603,"label":"Impreza III"},{"value":92,"label":"SPARE AND PRODUCTS SERVICES"},{"value":2601,"label":"Subaru"}],"product_tag":[{"value":4323,"label":"FL99100"},{"value":2890,"label":"fl\u00e4ns"},{"value":2894,"label":"fl\u00e4ns i kolst\u00e5l"},{"value":2891,"label":"fl\u00e4nsar"}]},"featured_image_src_large":["https:\/\/ferrita.mlwebbyra.se\/wp-content\/uploads\/2023\/03\/FL99100_1.jpg",750,573,false],"author_info":[],"comment_info":0,"_links":{"self":[{"href":"https:\/\/ferrita.mlwebbyra.se\/en\/wp-json\/wp\/v2\/product\/19260","targetHints":{"allow":["GET"]}}],"collection":[{"href":"https:\/\/ferrita.mlwebbyra.se\/en\/wp-json\/wp\/v2\/product"}],"about":[{"href":"https:\/\/ferrita.mlwebbyra.se\/en\/wp-json\/wp\/v2\/types\/product"}],"replies":[{"embeddable":true,"href":"https:\/\/ferrita.mlwebbyra.se\/en\/wp-json\/wp\/v2\/comments?post=19260"}],"wp:featuredmedia":[{"embeddable":true,"href":"https:\/\/ferrita.mlwebbyra.se\/en\/wp-json\/wp\/v2\/media\/35600"}],"wp:attachment":[{"href":"https:\/\/ferrita.mlwebbyra.se\/en\/wp-json\/wp\/v2\/media?parent=19260"}],"wp:term":[{"taxonomy":"product_brand","embeddable":true,"href":"https:\/\/ferrita.mlwebbyra.se\/en\/wp-json\/wp\/v2\/product_brand?post=19260"},{"taxonomy":"product_cat","embeddable":true,"href":"https:\/\/ferrita.mlwebbyra.se\/en\/wp-json\/wp\/v2\/product_cat?post=19260"},{"taxonomy":"product_tag","embeddable":true,"href":"https:\/\/ferrita.mlwebbyra.se\/en\/wp-json\/wp\/v2\/product_tag?post=19260"}],"curies":[{"name":"wp","href":"https:\/\/api.w.org\/{rel}","templated":true}]}}