{"id":19252,"date":"2022-03-04T09:06:22","date_gmt":"2022-03-04T08:06:22","guid":{"rendered":"https:\/\/ferrita.mlwebbyra.se\/flans-rostfri-id-o64mm-2-hals-cc-88mm-92mm-bulthal\/"},"modified":"2023-03-28T01:03:04","modified_gmt":"2023-03-27T23:03:04","slug":"flans-rostfri-id-o64mm-2-hals-cc-88mm-92mm-bulthal","status":"publish","type":"product","link":"https:\/\/ferrita.mlwebbyra.se\/en\/flans-rostfri-id-o64mm-2-hals-cc-88mm-92mm-bulthal\/","title":{"rendered":"Fl\u00e4ns rostfri, Id.\u00d864mm 2-h\u00e5ls CC 88mm 9,2mm bulth\u00e5l"},"content":{"rendered":"","protected":false},"excerpt":{"rendered":"<p>Universaldel<\/p>\n","protected":false},"featured_media":35584,"comment_status":"closed","ping_status":"closed","template":"","meta":{"_kad_blocks_custom_css":"","_kad_blocks_head_custom_js":"","_kad_blocks_body_custom_js":"","_kad_blocks_footer_custom_js":"","_kad_post_transparent":"","_kad_post_title":"","_kad_post_layout":"","_kad_post_sidebar_id":"","_kad_post_content_style":"","_kad_post_vertical_padding":"","_kad_post_feature":"","_kad_post_feature_position":"","_kad_post_header":false,"_kad_post_footer":false,"_kad_post_classname":""},"product_brand":[],"product_cat":[2436,2450,92,2438],"product_tag":[4312,2890,2891,2892],"class_list":{"0":"post-19252","1":"product","2":"type-product","3":"status-publish","4":"has-post-thumbnail","6":"product_cat-flanges","7":"product_cat-o64-64-7mm-en","8":"product_cat-spare-and-products-services","9":"product_cat-stainless","10":"product_tag-fl70030900rf-en","11":"product_tag-flans-en","12":"product_tag-flansar-en","13":"product_tag-rostfri-flans-en","15":"first","16":"instock","17":"taxable","18":"shipping-taxable","19":"purchasable","20":"product-type-simple","21":"entry","22":"content-bg","23":"loop-entry"},"taxonomy_info":{"product_cat":[{"value":2436,"label":"Flanges"},{"value":2450,"label":"\u00d864-64.,7mm"},{"value":92,"label":"SPARE AND PRODUCTS SERVICES"},{"value":2438,"label":"Stainless"}],"product_tag":[{"value":4312,"label":"FL70030900RF"},{"value":2890,"label":"fl\u00e4ns"},{"value":2891,"label":"fl\u00e4nsar"},{"value":2892,"label":"rostfri fl\u00e4ns"}]},"featured_image_src_large":["https:\/\/ferrita.mlwebbyra.se\/wp-content\/uploads\/2023\/03\/FL70030900RF_1.jpg",513,699,false],"author_info":[],"comment_info":0,"_links":{"self":[{"href":"https:\/\/ferrita.mlwebbyra.se\/en\/wp-json\/wp\/v2\/product\/19252","targetHints":{"allow":["GET"]}}],"collection":[{"href":"https:\/\/ferrita.mlwebbyra.se\/en\/wp-json\/wp\/v2\/product"}],"about":[{"href":"https:\/\/ferrita.mlwebbyra.se\/en\/wp-json\/wp\/v2\/types\/product"}],"replies":[{"embeddable":true,"href":"https:\/\/ferrita.mlwebbyra.se\/en\/wp-json\/wp\/v2\/comments?post=19252"}],"wp:featuredmedia":[{"embeddable":true,"href":"https:\/\/ferrita.mlwebbyra.se\/en\/wp-json\/wp\/v2\/media\/35584"}],"wp:attachment":[{"href":"https:\/\/ferrita.mlwebbyra.se\/en\/wp-json\/wp\/v2\/media?parent=19252"}],"wp:term":[{"taxonomy":"product_brand","embeddable":true,"href":"https:\/\/ferrita.mlwebbyra.se\/en\/wp-json\/wp\/v2\/product_brand?post=19252"},{"taxonomy":"product_cat","embeddable":true,"href":"https:\/\/ferrita.mlwebbyra.se\/en\/wp-json\/wp\/v2\/product_cat?post=19252"},{"taxonomy":"product_tag","embeddable":true,"href":"https:\/\/ferrita.mlwebbyra.se\/en\/wp-json\/wp\/v2\/product_tag?post=19252"}],"curies":[{"name":"wp","href":"https:\/\/api.w.org\/{rel}","templated":true}]}}