{"id":19243,"date":"2022-03-02T08:21:20","date_gmt":"2022-03-02T07:21:20","guid":{"rendered":"https:\/\/ferrita.mlwebbyra.se\/flans-kolstal-id-o70mm-2\/"},"modified":"2023-03-28T01:03:00","modified_gmt":"2023-03-27T23:03:00","slug":"flans-kolstal-id-o70mm-2","status":"publish","type":"product","link":"https:\/\/ferrita.mlwebbyra.se\/en\/flans-kolstal-id-o70mm-2\/","title":{"rendered":"Fl\u00e4ns Kolst\u00e5l Id \u00d870mm"},"content":{"rendered":"<p><strong>Fl\u00e4ns\u00a0Kolst\u00e5l<\/strong><\/p>\n<p>\u00a0<\/p>\n<p><strong>Bult CC: <\/strong>104mm<\/p>\n<p><strong>Material:<\/strong> Kolst\u00e5l\u00a0<\/p>\n<p><strong>Innerdiameter:<\/strong>\u00a0\u00d870mm<\/p>\n","protected":false},"excerpt":{"rendered":"<p>Universaldel<\/p>\n","protected":false},"featured_media":35574,"comment_status":"closed","ping_status":"closed","template":"","meta":{"_kad_blocks_custom_css":"","_kad_blocks_head_custom_js":"","_kad_blocks_body_custom_js":"","_kad_blocks_footer_custom_js":"","_kad_post_transparent":"","_kad_post_title":"","_kad_post_layout":"","_kad_post_sidebar_id":"","_kad_post_content_style":"","_kad_post_vertical_padding":"","_kad_post_feature":"","_kad_post_feature_position":"","_kad_post_header":false,"_kad_post_footer":false,"_kad_post_classname":""},"product_brand":[],"product_cat":[2437,2436,2452,92],"product_tag":[4303,2890,2894,2891],"class_list":{"0":"post-19243","1":"product","2":"type-product","3":"status-publish","4":"has-post-thumbnail","6":"product_cat-carbon-steel","7":"product_cat-flanges","8":"product_cat-o70-72mm-en","9":"product_cat-spare-and-products-services","10":"product_tag-fl20177002-en","11":"product_tag-flans-en","12":"product_tag-flans-i-kolstal-en","13":"product_tag-flansar-en","15":"first","16":"instock","17":"taxable","18":"shipping-taxable","19":"purchasable","20":"product-type-simple","21":"entry","22":"content-bg","23":"loop-entry"},"taxonomy_info":{"product_cat":[{"value":2437,"label":"Carbon steel"},{"value":2436,"label":"Flanges"},{"value":2452,"label":"\u00d870-72mm"},{"value":92,"label":"SPARE AND PRODUCTS SERVICES"}],"product_tag":[{"value":4303,"label":"FL20177002"},{"value":2890,"label":"fl\u00e4ns"},{"value":2894,"label":"fl\u00e4ns i kolst\u00e5l"},{"value":2891,"label":"fl\u00e4nsar"}]},"featured_image_src_large":["https:\/\/ferrita.mlwebbyra.se\/wp-content\/uploads\/2023\/03\/FL20177002_1.jpg",800,580,false],"author_info":[],"comment_info":0,"_links":{"self":[{"href":"https:\/\/ferrita.mlwebbyra.se\/en\/wp-json\/wp\/v2\/product\/19243","targetHints":{"allow":["GET"]}}],"collection":[{"href":"https:\/\/ferrita.mlwebbyra.se\/en\/wp-json\/wp\/v2\/product"}],"about":[{"href":"https:\/\/ferrita.mlwebbyra.se\/en\/wp-json\/wp\/v2\/types\/product"}],"replies":[{"embeddable":true,"href":"https:\/\/ferrita.mlwebbyra.se\/en\/wp-json\/wp\/v2\/comments?post=19243"}],"wp:featuredmedia":[{"embeddable":true,"href":"https:\/\/ferrita.mlwebbyra.se\/en\/wp-json\/wp\/v2\/media\/35574"}],"wp:attachment":[{"href":"https:\/\/ferrita.mlwebbyra.se\/en\/wp-json\/wp\/v2\/media?parent=19243"}],"wp:term":[{"taxonomy":"product_brand","embeddable":true,"href":"https:\/\/ferrita.mlwebbyra.se\/en\/wp-json\/wp\/v2\/product_brand?post=19243"},{"taxonomy":"product_cat","embeddable":true,"href":"https:\/\/ferrita.mlwebbyra.se\/en\/wp-json\/wp\/v2\/product_cat?post=19243"},{"taxonomy":"product_tag","embeddable":true,"href":"https:\/\/ferrita.mlwebbyra.se\/en\/wp-json\/wp\/v2\/product_tag?post=19243"}],"curies":[{"name":"wp","href":"https:\/\/api.w.org\/{rel}","templated":true}]}}