{"id":19233,"date":"2022-03-02T08:21:17","date_gmt":"2022-03-02T07:21:17","guid":{"rendered":"https:\/\/ferrita.mlwebbyra.se\/flans-kolstal-id-o765mm\/"},"modified":"2023-03-28T09:00:09","modified_gmt":"2023-03-28T07:00:09","slug":"flans-kolstal-id-o765mm","status":"publish","type":"product","link":"https:\/\/ferrita.mlwebbyra.se\/en\/flans-kolstal-id-o765mm\/","title":{"rendered":"Fl\u00e4ns kolst\u00e5l Id.\u00d876,5mm"},"content":{"rendered":"<p><strong>Fl\u00e4ns i Kolst\u00e5l<\/strong><\/p>\n<p>3 x 10mm<\/p>\n<p>\u00a0<\/p>\n<p>3-h\u00e5ls fl\u00e4ns<\/p>\n<p><strong>Material:<\/strong> Kolst\u00e5l<\/p>\n<p><strong>Innerdiameter:<\/strong> 76,5mm<\/p>\n","protected":false},"excerpt":{"rendered":"<p>Universaldel<\/p>\n","protected":false},"featured_media":37396,"comment_status":"closed","ping_status":"closed","template":"","meta":{"_kad_blocks_custom_css":"","_kad_blocks_head_custom_js":"","_kad_blocks_body_custom_js":"","_kad_blocks_footer_custom_js":"","_kad_post_transparent":"","_kad_post_title":"","_kad_post_layout":"","_kad_post_sidebar_id":"","_kad_post_content_style":"","_kad_post_vertical_padding":"","_kad_post_feature":"","_kad_post_feature_position":"","_kad_post_header":false,"_kad_post_footer":false,"_kad_post_classname":""},"product_brand":[],"product_cat":[2437,2436,2453,92],"product_tag":[4293,2890,2894,2891],"class_list":{"0":"post-19233","1":"product","2":"type-product","3":"status-publish","4":"has-post-thumbnail","6":"product_cat-carbon-steel","7":"product_cat-flanges","8":"product_cat-o75-78mm-en","9":"product_cat-spare-and-products-services","10":"product_tag-fl10214800-en","11":"product_tag-flans-en","12":"product_tag-flans-i-kolstal-en","13":"product_tag-flansar-en","15":"first","16":"instock","17":"taxable","18":"shipping-taxable","19":"purchasable","20":"product-type-simple","21":"entry","22":"content-bg","23":"loop-entry"},"taxonomy_info":{"product_cat":[{"value":2437,"label":"Carbon steel"},{"value":2436,"label":"Flanges"},{"value":2453,"label":"\u00d875-78mm"},{"value":92,"label":"SPARE AND PRODUCTS SERVICES"}],"product_tag":[{"value":4293,"label":"FL10214800"},{"value":2890,"label":"fl\u00e4ns"},{"value":2894,"label":"fl\u00e4ns i kolst\u00e5l"},{"value":2891,"label":"fl\u00e4nsar"}]},"featured_image_src_large":["https:\/\/ferrita.mlwebbyra.se\/wp-content\/uploads\/2023\/03\/FL10214800_1.jpg",529,708,false],"author_info":[],"comment_info":0,"_links":{"self":[{"href":"https:\/\/ferrita.mlwebbyra.se\/en\/wp-json\/wp\/v2\/product\/19233","targetHints":{"allow":["GET"]}}],"collection":[{"href":"https:\/\/ferrita.mlwebbyra.se\/en\/wp-json\/wp\/v2\/product"}],"about":[{"href":"https:\/\/ferrita.mlwebbyra.se\/en\/wp-json\/wp\/v2\/types\/product"}],"replies":[{"embeddable":true,"href":"https:\/\/ferrita.mlwebbyra.se\/en\/wp-json\/wp\/v2\/comments?post=19233"}],"wp:featuredmedia":[{"embeddable":true,"href":"https:\/\/ferrita.mlwebbyra.se\/en\/wp-json\/wp\/v2\/media\/37396"}],"wp:attachment":[{"href":"https:\/\/ferrita.mlwebbyra.se\/en\/wp-json\/wp\/v2\/media?parent=19233"}],"wp:term":[{"taxonomy":"product_brand","embeddable":true,"href":"https:\/\/ferrita.mlwebbyra.se\/en\/wp-json\/wp\/v2\/product_brand?post=19233"},{"taxonomy":"product_cat","embeddable":true,"href":"https:\/\/ferrita.mlwebbyra.se\/en\/wp-json\/wp\/v2\/product_cat?post=19233"},{"taxonomy":"product_tag","embeddable":true,"href":"https:\/\/ferrita.mlwebbyra.se\/en\/wp-json\/wp\/v2\/product_tag?post=19233"}],"curies":[{"name":"wp","href":"https:\/\/api.w.org\/{rel}","templated":true}]}}