{"id":19230,"date":"2022-03-04T09:06:17","date_gmt":"2022-03-04T08:06:17","guid":{"rendered":"https:\/\/ferrita.mlwebbyra.se\/flans-rostfri-id-o61mm\/"},"modified":"2023-03-28T01:02:53","modified_gmt":"2023-03-27T23:02:53","slug":"flans-rostfri-id-o61mm","status":"publish","type":"product","link":"https:\/\/ferrita.mlwebbyra.se\/en\/flans-rostfri-id-o61mm\/","title":{"rendered":"Fl\u00e4ns rostfri Id. \u00d861mm"},"content":{"rendered":"<p><strong>Fl\u00e4ns i rostfritt<\/strong><\/p>\n<p>4-h\u00e5ls fl\u00e4ns<\/p>\n<p>\u00a0<\/p>\n<p><strong>Material:<\/strong> 1.4301<\/p>\n<p><strong>Innerdiameter:<\/strong> 61mm<\/p>\n","protected":false},"excerpt":{"rendered":"<p>Universaldel<\/p>\n","protected":false},"featured_media":35546,"comment_status":"closed","ping_status":"closed","template":"","meta":{"_kad_blocks_custom_css":"","_kad_blocks_head_custom_js":"","_kad_blocks_body_custom_js":"","_kad_blocks_footer_custom_js":"","_kad_post_transparent":"","_kad_post_title":"","_kad_post_layout":"","_kad_post_sidebar_id":"","_kad_post_content_style":"","_kad_post_vertical_padding":"","_kad_post_feature":"","_kad_post_feature_position":"","_kad_post_header":false,"_kad_post_footer":false,"_kad_post_classname":""},"product_brand":[],"product_cat":[2436,2449,92,2438],"product_tag":[4290,2890,2891,2892],"class_list":{"0":"post-19230","1":"product","2":"type-product","3":"status-publish","4":"has-post-thumbnail","6":"product_cat-flanges","7":"product_cat-o60-62mm-en","8":"product_cat-spare-and-products-services","9":"product_cat-stainless","10":"product_tag-fl10072500-en","11":"product_tag-flans-en","12":"product_tag-flansar-en","13":"product_tag-rostfri-flans-en","15":"first","16":"instock","17":"taxable","18":"shipping-taxable","19":"purchasable","20":"product-type-simple","21":"entry","22":"content-bg","23":"loop-entry"},"taxonomy_info":{"product_cat":[{"value":2436,"label":"Flanges"},{"value":2449,"label":"\u00d860-62mm"},{"value":92,"label":"SPARE AND PRODUCTS SERVICES"},{"value":2438,"label":"Stainless"}],"product_tag":[{"value":4290,"label":"FL10072500"},{"value":2890,"label":"fl\u00e4ns"},{"value":2891,"label":"fl\u00e4nsar"},{"value":2892,"label":"rostfri fl\u00e4ns"}]},"featured_image_src_large":["https:\/\/ferrita.mlwebbyra.se\/wp-content\/uploads\/2023\/03\/FL10072500_1.jpg",521,705,false],"author_info":[],"comment_info":0,"_links":{"self":[{"href":"https:\/\/ferrita.mlwebbyra.se\/en\/wp-json\/wp\/v2\/product\/19230","targetHints":{"allow":["GET"]}}],"collection":[{"href":"https:\/\/ferrita.mlwebbyra.se\/en\/wp-json\/wp\/v2\/product"}],"about":[{"href":"https:\/\/ferrita.mlwebbyra.se\/en\/wp-json\/wp\/v2\/types\/product"}],"replies":[{"embeddable":true,"href":"https:\/\/ferrita.mlwebbyra.se\/en\/wp-json\/wp\/v2\/comments?post=19230"}],"wp:featuredmedia":[{"embeddable":true,"href":"https:\/\/ferrita.mlwebbyra.se\/en\/wp-json\/wp\/v2\/media\/35546"}],"wp:attachment":[{"href":"https:\/\/ferrita.mlwebbyra.se\/en\/wp-json\/wp\/v2\/media?parent=19230"}],"wp:term":[{"taxonomy":"product_brand","embeddable":true,"href":"https:\/\/ferrita.mlwebbyra.se\/en\/wp-json\/wp\/v2\/product_brand?post=19230"},{"taxonomy":"product_cat","embeddable":true,"href":"https:\/\/ferrita.mlwebbyra.se\/en\/wp-json\/wp\/v2\/product_cat?post=19230"},{"taxonomy":"product_tag","embeddable":true,"href":"https:\/\/ferrita.mlwebbyra.se\/en\/wp-json\/wp\/v2\/product_tag?post=19230"}],"curies":[{"name":"wp","href":"https:\/\/api.w.org\/{rel}","templated":true}]}}