{"id":19212,"date":"2022-03-02T08:21:04","date_gmt":"2022-03-02T07:21:04","guid":{"rendered":"https:\/\/ferrita.mlwebbyra.se\/flans-kolstal-id-o453mm\/"},"modified":"2023-03-28T01:02:45","modified_gmt":"2023-03-27T23:02:45","slug":"flans-kolstal-id-o453mm","status":"publish","type":"product","link":"https:\/\/ferrita.mlwebbyra.se\/en\/flans-kolstal-id-o453mm\/","title":{"rendered":"Fl\u00e4ns kolst\u00e5l Id. \u00d845,3mm"},"content":{"rendered":"<p><strong>Fl\u00e4ns i Kolst\u00e5l<\/strong><\/p>\n<p>\u00a0<\/p>\n<p>3 h\u00e5ls fl\u00e4ns<\/p>\n<p><strong>Material:<\/strong> Kolst\u00e5l<\/p>\n<p><strong>Innerdiameter:<\/strong> 45,3mm<\/p>\n","protected":false},"excerpt":{"rendered":"<p>Universaldel<\/p>\n","protected":false},"featured_media":35514,"comment_status":"closed","ping_status":"closed","template":"","meta":{"_kad_blocks_custom_css":"","_kad_blocks_head_custom_js":"","_kad_blocks_body_custom_js":"","_kad_blocks_footer_custom_js":"","_kad_post_transparent":"","_kad_post_title":"","_kad_post_layout":"","_kad_post_sidebar_id":"","_kad_post_content_style":"","_kad_post_vertical_padding":"","_kad_post_feature":"","_kad_post_feature_position":"","_kad_post_header":false,"_kad_post_footer":false,"_kad_post_classname":""},"product_brand":[],"product_cat":[2437,2436,2442,92],"product_tag":[4273,2890,2894,2891],"class_list":{"0":"post-19212","1":"product","2":"type-product","3":"status-publish","4":"has-post-thumbnail","6":"product_cat-carbon-steel","7":"product_cat-flanges","8":"product_cat-o45-47mm-en","9":"product_cat-spare-and-products-services","10":"product_tag-fl01570500-en","11":"product_tag-flans-en","12":"product_tag-flans-i-kolstal-en","13":"product_tag-flansar-en","15":"first","16":"instock","17":"taxable","18":"shipping-taxable","19":"purchasable","20":"product-type-simple","21":"entry","22":"content-bg","23":"loop-entry"},"taxonomy_info":{"product_cat":[{"value":2437,"label":"Carbon steel"},{"value":2436,"label":"Flanges"},{"value":2442,"label":"\u00d845-47mm"},{"value":92,"label":"SPARE AND PRODUCTS SERVICES"}],"product_tag":[{"value":4273,"label":"FL01570500"},{"value":2890,"label":"fl\u00e4ns"},{"value":2894,"label":"fl\u00e4ns i kolst\u00e5l"},{"value":2891,"label":"fl\u00e4nsar"}]},"featured_image_src_large":["https:\/\/ferrita.mlwebbyra.se\/wp-content\/uploads\/2023\/03\/FL01570500_1.jpg",512,698,false],"author_info":[],"comment_info":0,"_links":{"self":[{"href":"https:\/\/ferrita.mlwebbyra.se\/en\/wp-json\/wp\/v2\/product\/19212","targetHints":{"allow":["GET"]}}],"collection":[{"href":"https:\/\/ferrita.mlwebbyra.se\/en\/wp-json\/wp\/v2\/product"}],"about":[{"href":"https:\/\/ferrita.mlwebbyra.se\/en\/wp-json\/wp\/v2\/types\/product"}],"replies":[{"embeddable":true,"href":"https:\/\/ferrita.mlwebbyra.se\/en\/wp-json\/wp\/v2\/comments?post=19212"}],"wp:featuredmedia":[{"embeddable":true,"href":"https:\/\/ferrita.mlwebbyra.se\/en\/wp-json\/wp\/v2\/media\/35514"}],"wp:attachment":[{"href":"https:\/\/ferrita.mlwebbyra.se\/en\/wp-json\/wp\/v2\/media?parent=19212"}],"wp:term":[{"taxonomy":"product_brand","embeddable":true,"href":"https:\/\/ferrita.mlwebbyra.se\/en\/wp-json\/wp\/v2\/product_brand?post=19212"},{"taxonomy":"product_cat","embeddable":true,"href":"https:\/\/ferrita.mlwebbyra.se\/en\/wp-json\/wp\/v2\/product_cat?post=19212"},{"taxonomy":"product_tag","embeddable":true,"href":"https:\/\/ferrita.mlwebbyra.se\/en\/wp-json\/wp\/v2\/product_tag?post=19212"}],"curies":[{"name":"wp","href":"https:\/\/api.w.org\/{rel}","templated":true}]}}