{"id":19208,"date":"2022-03-02T08:21:02","date_gmt":"2022-03-02T07:21:02","guid":{"rendered":"https:\/\/ferrita.mlwebbyra.se\/flans-kolstal-id-545mm\/"},"modified":"2023-03-28T01:02:42","modified_gmt":"2023-03-27T23:02:42","slug":"flans-kolstal-id-545mm","status":"publish","type":"product","link":"https:\/\/ferrita.mlwebbyra.se\/en\/flans-kolstal-id-545mm\/","title":{"rendered":"Fl\u00e4ns kolst\u00e5l Id. 54,5mm"},"content":{"rendered":"<p><strong>Fl\u00e4ns i Kolst\u00e5l<\/strong><\/p>\n<p>\u00a0<\/p>\n<p>2 h\u00e5ls 2x14mm<\/p>\n<p><strong>Innerdiamater:<\/strong> 54,5mm<\/p>\n<p><strong>Material:<\/strong> Kolst\u00e5l<\/p>\n","protected":false},"excerpt":{"rendered":"<p>Universaldel<\/p>\n","protected":false},"featured_media":35504,"comment_status":"closed","ping_status":"closed","template":"","meta":{"_kad_blocks_custom_css":"","_kad_blocks_head_custom_js":"","_kad_blocks_body_custom_js":"","_kad_blocks_footer_custom_js":"","_kad_post_transparent":"","_kad_post_title":"","_kad_post_layout":"","_kad_post_sidebar_id":"","_kad_post_content_style":"","_kad_post_vertical_padding":"","_kad_post_feature":"","_kad_post_feature_position":"","_kad_post_header":false,"_kad_post_footer":false,"_kad_post_classname":""},"product_brand":[],"product_cat":[2437,2436,2445,92],"product_tag":[4269,2890,2894,2891],"class_list":{"0":"post-19208","1":"product","2":"type-product","3":"status-publish","4":"has-post-thumbnail","6":"product_cat-carbon-steel","7":"product_cat-flanges","8":"product_cat-o53-54-5mm-en","9":"product_cat-spare-and-products-services","10":"product_tag-fl01094100-en","11":"product_tag-flans-en","12":"product_tag-flans-i-kolstal-en","13":"product_tag-flansar-en","15":"first","16":"instock","17":"taxable","18":"shipping-taxable","19":"purchasable","20":"product-type-simple","21":"entry","22":"content-bg","23":"loop-entry"},"taxonomy_info":{"product_cat":[{"value":2437,"label":"Carbon steel"},{"value":2436,"label":"Flanges"},{"value":2445,"label":"\u00d853-54,5mm"},{"value":92,"label":"SPARE AND PRODUCTS SERVICES"}],"product_tag":[{"value":4269,"label":"FL01094100"},{"value":2890,"label":"fl\u00e4ns"},{"value":2894,"label":"fl\u00e4ns i kolst\u00e5l"},{"value":2891,"label":"fl\u00e4nsar"}]},"featured_image_src_large":["https:\/\/ferrita.mlwebbyra.se\/wp-content\/uploads\/2023\/03\/FL01094100_1.jpg",514,722,false],"author_info":[],"comment_info":0,"_links":{"self":[{"href":"https:\/\/ferrita.mlwebbyra.se\/en\/wp-json\/wp\/v2\/product\/19208","targetHints":{"allow":["GET"]}}],"collection":[{"href":"https:\/\/ferrita.mlwebbyra.se\/en\/wp-json\/wp\/v2\/product"}],"about":[{"href":"https:\/\/ferrita.mlwebbyra.se\/en\/wp-json\/wp\/v2\/types\/product"}],"replies":[{"embeddable":true,"href":"https:\/\/ferrita.mlwebbyra.se\/en\/wp-json\/wp\/v2\/comments?post=19208"}],"wp:featuredmedia":[{"embeddable":true,"href":"https:\/\/ferrita.mlwebbyra.se\/en\/wp-json\/wp\/v2\/media\/35504"}],"wp:attachment":[{"href":"https:\/\/ferrita.mlwebbyra.se\/en\/wp-json\/wp\/v2\/media?parent=19208"}],"wp:term":[{"taxonomy":"product_brand","embeddable":true,"href":"https:\/\/ferrita.mlwebbyra.se\/en\/wp-json\/wp\/v2\/product_brand?post=19208"},{"taxonomy":"product_cat","embeddable":true,"href":"https:\/\/ferrita.mlwebbyra.se\/en\/wp-json\/wp\/v2\/product_cat?post=19208"},{"taxonomy":"product_tag","embeddable":true,"href":"https:\/\/ferrita.mlwebbyra.se\/en\/wp-json\/wp\/v2\/product_tag?post=19208"}],"curies":[{"name":"wp","href":"https:\/\/api.w.org\/{rel}","templated":true}]}}