{"id":19195,"date":"2022-06-23T08:53:47","date_gmt":"2022-06-23T06:53:47","guid":{"rendered":"https:\/\/ferrita.mlwebbyra.se\/ferrari-488-gtb-488-spider\/"},"modified":"2023-01-31T00:32:20","modified_gmt":"2023-01-30T23:32:20","slug":"ferrari-488-gtb-488-spider","status":"publish","type":"product","link":"https:\/\/ferrita.mlwebbyra.se\/en\/ferrari-488-gtb-488-spider\/","title":{"rendered":"Ferrari 488 GTB\/488 Spider"},"content":{"rendered":"<p><strong>Sportavgassystem, Titan<\/strong><\/p>\n<p>Slip-On-Line<\/p>\n<p>\u00a0<\/p>\n<p><strong>Passar till:<\/strong><\/p>\n<p>Ferrari 488 GTB\/488 Spider<\/p>\n<p><strong>\u00c5rsmodell:<\/strong>\u00a02016-2019\u00a0<\/p>\n<p>\u00a0<\/p>\n<p><strong>Fabrikat:<\/strong><\/p>\n<p>Akrapovic<\/p>\n<p><strong>Prestanda:<\/strong><\/p>\n<p>Effekt\u00f6kning +\u00a07,8 Hk mot original<\/p>\n<p><strong>Vikt:<\/strong><\/p>\n<p>7,0\u00a0kg<\/p>\n<p>&#8211;\u00a03,8 kg mot original<\/p>\n<p>\u00a0<\/p>\n<p><span style=\"color: #ff0000\">Pris ungef\u00e4rligt. Omr\u00e4knas efter aktuell valutakurs. Ring v\u00e5r kundtj\u00e4nst, p\u00e5 tel.nr. 0221-18070.\u00a0<\/span><\/p>\n","protected":false},"excerpt":{"rendered":"<p>Avgassystem Titanium<\/p>\n","protected":false},"featured_media":14025,"comment_status":"open","ping_status":"closed","template":"","meta":{"_kad_blocks_custom_css":"","_kad_blocks_head_custom_js":"","_kad_blocks_body_custom_js":"","_kad_blocks_footer_custom_js":"","_kad_post_transparent":"","_kad_post_title":"","_kad_post_layout":"","_kad_post_sidebar_id":"","_kad_post_content_style":"","_kad_post_vertical_padding":"","_kad_post_feature":"","_kad_post_feature_position":"","_kad_post_header":false,"_kad_post_footer":false,"_kad_post_classname":""},"product_brand":[],"product_cat":[2261],"product_tag":[4253,4254],"class_list":{"0":"post-19195","1":"product","2":"type-product","3":"status-publish","4":"has-post-thumbnail","6":"product_cat-ferrari-en","7":"product_tag-ferrari-en","8":"product_tag-ferrari-488-en","10":"first","11":"onbackorder","12":"taxable","13":"shipping-taxable","14":"purchasable","15":"product-type-simple","16":"entry","17":"content-bg","18":"loop-entry"},"taxonomy_info":{"product_cat":[{"value":2261,"label":"Ferrari"}],"product_tag":[{"value":4253,"label":"ferrari"},{"value":4254,"label":"ferrari 488"}]},"featured_image_src_large":["https:\/\/ferrita.mlwebbyra.se\/wp-content\/uploads\/2022\/06\/FEK-MTP-FE488H.jpg",756,594,false],"author_info":[],"comment_info":0,"_links":{"self":[{"href":"https:\/\/ferrita.mlwebbyra.se\/en\/wp-json\/wp\/v2\/product\/19195","targetHints":{"allow":["GET"]}}],"collection":[{"href":"https:\/\/ferrita.mlwebbyra.se\/en\/wp-json\/wp\/v2\/product"}],"about":[{"href":"https:\/\/ferrita.mlwebbyra.se\/en\/wp-json\/wp\/v2\/types\/product"}],"replies":[{"embeddable":true,"href":"https:\/\/ferrita.mlwebbyra.se\/en\/wp-json\/wp\/v2\/comments?post=19195"}],"wp:featuredmedia":[{"embeddable":true,"href":"https:\/\/ferrita.mlwebbyra.se\/en\/wp-json\/wp\/v2\/media\/14025"}],"wp:attachment":[{"href":"https:\/\/ferrita.mlwebbyra.se\/en\/wp-json\/wp\/v2\/media?parent=19195"}],"wp:term":[{"taxonomy":"product_brand","embeddable":true,"href":"https:\/\/ferrita.mlwebbyra.se\/en\/wp-json\/wp\/v2\/product_brand?post=19195"},{"taxonomy":"product_cat","embeddable":true,"href":"https:\/\/ferrita.mlwebbyra.se\/en\/wp-json\/wp\/v2\/product_cat?post=19195"},{"taxonomy":"product_tag","embeddable":true,"href":"https:\/\/ferrita.mlwebbyra.se\/en\/wp-json\/wp\/v2\/product_tag?post=19195"}],"curies":[{"name":"wp","href":"https:\/\/api.w.org\/{rel}","templated":true}]}}