{"id":19194,"date":"2022-05-05T13:40:12","date_gmt":"2022-05-05T11:40:12","guid":{"rendered":"https:\/\/ferrita.mlwebbyra.se\/fjarrstyrd-switch-for-vakuumstyrd-avgasventil\/"},"modified":"2023-03-28T01:02:36","modified_gmt":"2023-03-27T23:02:36","slug":"fjarrstyrd-switch-for-vakuumstyrd-avgasventil","status":"publish","type":"product","link":"https:\/\/ferrita.mlwebbyra.se\/en\/fjarrstyrd-switch-for-vakuumstyrd-avgasventil\/","title":{"rendered":"Fj\u00e4rrstyrd switch f\u00f6r vakuumstyrd avgasventil"},"content":{"rendered":"<p><strong>Fj\u00e4rrstyrd switch f\u00f6r vakuumstyrd avgasventil<\/strong><\/p>\n<p><strong>Universalsats<\/strong><\/p>\n<p>Kan kopplas till de flesta bilar med original monterad vakuumstyrd avgasventil<\/p>\n","protected":false},"excerpt":{"rendered":"<p>Universaldel<\/p>\n","protected":false},"featured_media":35476,"comment_status":"closed","ping_status":"closed","template":"","meta":{"_kad_blocks_custom_css":"","_kad_blocks_head_custom_js":"","_kad_blocks_body_custom_js":"","_kad_blocks_footer_custom_js":"","_kad_post_transparent":"","_kad_post_title":"","_kad_post_layout":"","_kad_post_sidebar_id":"","_kad_post_content_style":"","_kad_post_vertical_padding":"","_kad_post_feature":"","_kad_post_feature_position":"","_kad_post_header":false,"_kad_post_footer":false,"_kad_post_classname":""},"product_brand":[],"product_cat":[2396,2397,2398,2399,2400,92],"product_tag":[2886,2887,4252],"class_list":{"0":"post-19194","1":"product","2":"type-product","3":"status-publish","4":"has-post-thumbnail","6":"product_cat-exhaust-valves","7":"product_cat-id-635mm-2-en","8":"product_cat-id-70mm-en","9":"product_cat-id-761mm-3-en","10":"product_cat-id-o55mm-en","11":"product_cat-spare-and-products-services","12":"product_tag-avgasspjall-en","13":"product_tag-avgasventil-en","14":"product_tag-exv-switch-kit-en","16":"first","17":"instock","18":"taxable","19":"shipping-taxable","20":"purchasable","21":"product-type-simple","22":"entry","23":"content-bg","24":"loop-entry"},"taxonomy_info":{"product_cat":[{"value":2396,"label":"Exhaust valves"},{"value":2397,"label":"Id 63,5mm \/ 2\u00bd"},{"value":2398,"label":"Id 70mm"},{"value":2399,"label":"Id 76,1mm \/ 3"},{"value":2400,"label":"Id \u00d855mm"},{"value":92,"label":"SPARE AND PRODUCTS SERVICES"}],"product_tag":[{"value":2886,"label":"avgasspj\u00e4ll"},{"value":2887,"label":"avgasventil"},{"value":4252,"label":"EXV SWITCH KIT"}]},"featured_image_src_large":["https:\/\/ferrita.mlwebbyra.se\/wp-content\/uploads\/2023\/03\/EXV-SWITCH-KIT_1.jpg",750,515,false],"author_info":[],"comment_info":0,"_links":{"self":[{"href":"https:\/\/ferrita.mlwebbyra.se\/en\/wp-json\/wp\/v2\/product\/19194","targetHints":{"allow":["GET"]}}],"collection":[{"href":"https:\/\/ferrita.mlwebbyra.se\/en\/wp-json\/wp\/v2\/product"}],"about":[{"href":"https:\/\/ferrita.mlwebbyra.se\/en\/wp-json\/wp\/v2\/types\/product"}],"replies":[{"embeddable":true,"href":"https:\/\/ferrita.mlwebbyra.se\/en\/wp-json\/wp\/v2\/comments?post=19194"}],"wp:featuredmedia":[{"embeddable":true,"href":"https:\/\/ferrita.mlwebbyra.se\/en\/wp-json\/wp\/v2\/media\/35476"}],"wp:attachment":[{"href":"https:\/\/ferrita.mlwebbyra.se\/en\/wp-json\/wp\/v2\/media?parent=19194"}],"wp:term":[{"taxonomy":"product_brand","embeddable":true,"href":"https:\/\/ferrita.mlwebbyra.se\/en\/wp-json\/wp\/v2\/product_brand?post=19194"},{"taxonomy":"product_cat","embeddable":true,"href":"https:\/\/ferrita.mlwebbyra.se\/en\/wp-json\/wp\/v2\/product_cat?post=19194"},{"taxonomy":"product_tag","embeddable":true,"href":"https:\/\/ferrita.mlwebbyra.se\/en\/wp-json\/wp\/v2\/product_tag?post=19194"}],"curies":[{"name":"wp","href":"https:\/\/api.w.org\/{rel}","templated":true}]}}