{"id":19193,"date":"2022-05-05T13:40:11","date_gmt":"2022-05-05T11:40:11","guid":{"rendered":"https:\/\/ferrita.mlwebbyra.se\/avgasventil-kit-3-id-761mm-vakuumstyrt-m-fjarrdosa\/"},"modified":"2023-03-28T01:02:35","modified_gmt":"2023-03-27T23:02:35","slug":"avgasventil-kit-3-id-761mm-vakuumstyrt-m-fjarrdosa","status":"publish","type":"product","link":"https:\/\/ferrita.mlwebbyra.se\/en\/avgasventil-kit-3-id-761mm-vakuumstyrt-m-fjarrdosa\/","title":{"rendered":"Avgasventil kit 3&#8243; \/ Id 76,1mm, Vakuumstyrt m. fj\u00e4rrdosa"},"content":{"rendered":"<p><strong>Avgasventil 3&#8243; \/ Id\u00a076,1 mm<\/strong><\/p>\n<p>Universalsats vakuumstyrd med fj\u00e4rrkontroll<\/p>\n<p>\u00a0<\/p>\n<p>Tv\u00e5 l\u00e4gen, st\u00e4ngd eller \u00f6ppen. St\u00e4ngd i vilol\u00e4ge<\/p>\n","protected":false},"excerpt":{"rendered":"<p>Universaldel<\/p>\n","protected":false},"featured_media":35474,"comment_status":"closed","ping_status":"closed","template":"","meta":{"_kad_blocks_custom_css":"","_kad_blocks_head_custom_js":"","_kad_blocks_body_custom_js":"","_kad_blocks_footer_custom_js":"","_kad_post_transparent":"","_kad_post_title":"","_kad_post_layout":"","_kad_post_sidebar_id":"","_kad_post_content_style":"","_kad_post_vertical_padding":"","_kad_post_feature":"","_kad_post_feature_position":"","_kad_post_header":false,"_kad_post_footer":false,"_kad_post_classname":""},"product_brand":[],"product_cat":[2396,2399,92],"product_tag":[2886,2887,4251],"class_list":{"0":"post-19193","1":"product","2":"type-product","3":"status-publish","4":"has-post-thumbnail","6":"product_cat-exhaust-valves","7":"product_cat-id-761mm-3-en","8":"product_cat-spare-and-products-services","9":"product_tag-avgasspjall-en","10":"product_tag-avgasventil-en","11":"product_tag-exk761v-en","13":"first","14":"instock","15":"taxable","16":"shipping-taxable","17":"purchasable","18":"product-type-simple","19":"entry","20":"content-bg","21":"loop-entry"},"taxonomy_info":{"product_cat":[{"value":2396,"label":"Exhaust valves"},{"value":2399,"label":"Id 76,1mm \/ 3"},{"value":92,"label":"SPARE AND PRODUCTS SERVICES"}],"product_tag":[{"value":2886,"label":"avgasspj\u00e4ll"},{"value":2887,"label":"avgasventil"},{"value":4251,"label":"EXK761V"}]},"featured_image_src_large":["https:\/\/ferrita.mlwebbyra.se\/wp-content\/uploads\/2023\/03\/EXK761V_1.jpg",750,413,false],"author_info":[],"comment_info":0,"_links":{"self":[{"href":"https:\/\/ferrita.mlwebbyra.se\/en\/wp-json\/wp\/v2\/product\/19193","targetHints":{"allow":["GET"]}}],"collection":[{"href":"https:\/\/ferrita.mlwebbyra.se\/en\/wp-json\/wp\/v2\/product"}],"about":[{"href":"https:\/\/ferrita.mlwebbyra.se\/en\/wp-json\/wp\/v2\/types\/product"}],"replies":[{"embeddable":true,"href":"https:\/\/ferrita.mlwebbyra.se\/en\/wp-json\/wp\/v2\/comments?post=19193"}],"wp:featuredmedia":[{"embeddable":true,"href":"https:\/\/ferrita.mlwebbyra.se\/en\/wp-json\/wp\/v2\/media\/35474"}],"wp:attachment":[{"href":"https:\/\/ferrita.mlwebbyra.se\/en\/wp-json\/wp\/v2\/media?parent=19193"}],"wp:term":[{"taxonomy":"product_brand","embeddable":true,"href":"https:\/\/ferrita.mlwebbyra.se\/en\/wp-json\/wp\/v2\/product_brand?post=19193"},{"taxonomy":"product_cat","embeddable":true,"href":"https:\/\/ferrita.mlwebbyra.se\/en\/wp-json\/wp\/v2\/product_cat?post=19193"},{"taxonomy":"product_tag","embeddable":true,"href":"https:\/\/ferrita.mlwebbyra.se\/en\/wp-json\/wp\/v2\/product_tag?post=19193"}],"curies":[{"name":"wp","href":"https:\/\/api.w.org\/{rel}","templated":true}]}}