{"id":19189,"date":"2022-05-05T13:40:10","date_gmt":"2022-05-05T11:40:10","guid":{"rendered":"https:\/\/ferrita.mlwebbyra.se\/avgasventil-kit-dubbelt-2%c2%bd-id-635mm-elektrisk-styrd-fjarrdosa\/"},"modified":"2023-03-28T01:02:33","modified_gmt":"2023-03-27T23:02:33","slug":"avgasventil-kit-dubbelt-2%c2%bd-id-635mm-elektrisk-styrd-fjarrdosa","status":"publish","type":"product","link":"https:\/\/ferrita.mlwebbyra.se\/en\/avgasventil-kit-dubbelt-2%c2%bd-id-635mm-elektrisk-styrd-fjarrdosa\/","title":{"rendered":"Avgasventil kit dubbelt 2\u00bd&#8221;\/Id 63,5mm Elektrisk styrd + fj\u00e4rrdosa"},"content":{"rendered":"<p><strong>Avgasventil 2\u00bd&#8221; \/ Id 63,5mm<\/strong><\/p>\n<p>Dubbelt kit f\u00f6r insvetsning<\/p>\n<p>\u00a0<\/p>\n<p>Elektriskt styrda spj\u00e4ll som \u00f6ppnas och st\u00e4ngs med fj\u00e4rrkontroll.<\/p>\n<p>St\u00e4llbar ljudniv\u00e5 i tv\u00e5 l\u00e4gen, st\u00e4ngd eller \u00f6ppen. St\u00e4ngd i vilol\u00e4ge.<\/p>\n<p>\u00a0<\/p>\n<p><strong>Specifikation:<\/strong><\/p>\n<p>Spj\u00e4llhus \u00f6ppning id \u00d8 63,5mm<\/p>\n<p>Bredd: Spj\u00e4llhus 39mm. Totalt 157mm<\/p>\n<p>Material: Spj\u00e4lldel = rostfri<\/p>\n<p>\u00a0<\/p>\n<p><strong>\u00d6vrigt:<\/strong><\/p>\n<p>Elektrisk styrbox monteras vid l\u00e4mpligt torrt utrymme inne i bilen.<\/p>\n<p>\u00a0<\/p>\n<p><strong>DET B\u00c4STA AV TV\u00c5 V\u00c4RLDAR &#8211;<\/strong><\/p>\n<p>Med v\u00e5ra elektriska avgasventiler kan du f\u00e5 det b\u00e4sta av tv\u00e5 v\u00e4rldar &#8211; tyst f\u00f6r gatan eller ett sportigt ljud i \u00f6ppet l\u00e4ge n\u00e4r man \u00f6nskar. \u00d6ppnas och st\u00e4ngs\u00a0med fj\u00e4rrkontroll. Ljudniv\u00e5n och avgasfl\u00f6det styrs via ventilens l\u00e4ge. Passar till de flesta bilmodeller och l\u00e4tta lastbilar.<\/p>\n<p><strong>INSTRUKTION, SK\u00d6DSELR\u00c5D &amp; UNDERH\u00c5LL<\/strong><\/p>\n<ul>\n<li>T\u00e4nk p\u00e5 att regelbundet sm\u00f6rja spj\u00e4llaxeln\u00a0med ett v\u00e4rmet\u00e5ligt fett vilket motverkar\u00a0oxidation, korrosion\u00a0och att spj\u00e4llet\u00a0kan k\u00e4rva fast. Detta b\u00f6r ske\u00a0m\u00e5nadsvis.<\/li>\n<li>F\u00f6r h\u00e5rdare klimat, b\u00f6r man ta bort ventilerna under perioder d\u00e4r v\u00e4gsalt eller liknande anv\u00e4nds.<\/li>\n<li>Kontrollera samtliga f\u00e4stelement d\u00e5 och d\u00e5 f\u00f6r att se till att de \u00e4r t\u00e4ta. Om l\u00e4ckage uppst\u00e5r skall detta \u00e5tg\u00e4rdas omg\u00e5ende.<\/li>\n<\/ul>\n<p><strong>Produktgaranti<\/strong><\/p>\n<ul>\n<li>Garanti 1 \u00e5r g\u00e4llande fr\u00e5n ink\u00f6psdagen.<\/li>\n<\/ul>\n","protected":false},"excerpt":{"rendered":"<p>Universaldel<\/p>\n","protected":false},"featured_media":35460,"comment_status":"closed","ping_status":"closed","template":"","meta":{"_kad_blocks_custom_css":"","_kad_blocks_head_custom_js":"","_kad_blocks_body_custom_js":"","_kad_blocks_footer_custom_js":"","_kad_post_transparent":"","_kad_post_title":"","_kad_post_layout":"","_kad_post_sidebar_id":"","_kad_post_content_style":"","_kad_post_vertical_padding":"","_kad_post_feature":"","_kad_post_feature_position":"","_kad_post_header":false,"_kad_post_footer":false,"_kad_post_classname":""},"product_brand":[],"product_cat":[2396,2397,92],"product_tag":[2886,2887,4247],"class_list":{"0":"post-19189","1":"product","2":"type-product","3":"status-publish","4":"has-post-thumbnail","6":"product_cat-exhaust-valves","7":"product_cat-id-635mm-2-en","8":"product_cat-spare-and-products-services","9":"product_tag-avgasspjall-en","10":"product_tag-avgasventil-en","11":"product_tag-exk635ewd-en","13":"first","14":"instock","15":"taxable","16":"shipping-taxable","17":"purchasable","18":"product-type-simple","19":"entry","20":"content-bg","21":"loop-entry"},"taxonomy_info":{"product_cat":[{"value":2396,"label":"Exhaust valves"},{"value":2397,"label":"Id 63,5mm \/ 2\u00bd"},{"value":92,"label":"SPARE AND PRODUCTS SERVICES"}],"product_tag":[{"value":2886,"label":"avgasspj\u00e4ll"},{"value":2887,"label":"avgasventil"},{"value":4247,"label":"EXK635EWD"}]},"featured_image_src_large":["https:\/\/ferrita.mlwebbyra.se\/wp-content\/uploads\/2023\/03\/EXK635EWD_1.jpg",750,453,false],"author_info":[],"comment_info":0,"_links":{"self":[{"href":"https:\/\/ferrita.mlwebbyra.se\/en\/wp-json\/wp\/v2\/product\/19189","targetHints":{"allow":["GET"]}}],"collection":[{"href":"https:\/\/ferrita.mlwebbyra.se\/en\/wp-json\/wp\/v2\/product"}],"about":[{"href":"https:\/\/ferrita.mlwebbyra.se\/en\/wp-json\/wp\/v2\/types\/product"}],"replies":[{"embeddable":true,"href":"https:\/\/ferrita.mlwebbyra.se\/en\/wp-json\/wp\/v2\/comments?post=19189"}],"wp:featuredmedia":[{"embeddable":true,"href":"https:\/\/ferrita.mlwebbyra.se\/en\/wp-json\/wp\/v2\/media\/35460"}],"wp:attachment":[{"href":"https:\/\/ferrita.mlwebbyra.se\/en\/wp-json\/wp\/v2\/media?parent=19189"}],"wp:term":[{"taxonomy":"product_brand","embeddable":true,"href":"https:\/\/ferrita.mlwebbyra.se\/en\/wp-json\/wp\/v2\/product_brand?post=19189"},{"taxonomy":"product_cat","embeddable":true,"href":"https:\/\/ferrita.mlwebbyra.se\/en\/wp-json\/wp\/v2\/product_cat?post=19189"},{"taxonomy":"product_tag","embeddable":true,"href":"https:\/\/ferrita.mlwebbyra.se\/en\/wp-json\/wp\/v2\/product_tag?post=19189"}],"curies":[{"name":"wp","href":"https:\/\/api.w.org\/{rel}","templated":true}]}}