{"id":19188,"date":"2022-05-05T13:40:10","date_gmt":"2022-05-05T11:40:10","guid":{"rendered":"https:\/\/ferrita.mlwebbyra.se\/avgasventil-kit-2%c2%bd-id-635-mm-elektrisk-fjarrstyrd-y-forgrening\/"},"modified":"2023-03-28T01:02:33","modified_gmt":"2023-03-27T23:02:33","slug":"avgasventil-kit-2%c2%bd-id-635-mm-elektrisk-fjarrstyrd-y-forgrening","status":"publish","type":"product","link":"https:\/\/ferrita.mlwebbyra.se\/en\/avgasventil-kit-2%c2%bd-id-635-mm-elektrisk-fjarrstyrd-y-forgrening\/","title":{"rendered":"Avgasventil kit 2\u00bd&#8221;\/ Id 63,5 mm Elektrisk fj\u00e4rrstyrd + Y-f\u00f6rgrening"},"content":{"rendered":"<p><strong>Avgasventil 2\u00bd&#8221; (63,5mm)<\/strong><\/p>\n<p><strong>Kit med Y-f\u00f6rgrening, fl\u00e4nsar, kablar och fj\u00e4rrkontroll.<\/strong><\/p>\n<p>Elektriskt styrt spj\u00e4ll som \u00f6ppnas och st\u00e4ngs med fj\u00e4rrkontroll.<\/p>\n<p>St\u00e4llbar ljudniv\u00e5 i tv\u00e5 l\u00e4gen, \u00f6ppen eller st\u00e4ngd.<\/p>\n<p>\u00a0<\/p>\n<p>Y-\/anslutningsr\u00f6r svetsas, motordel skruvas fast.<\/p>\n<p>\u00a0<\/p>\n<p><strong>Specifikation motordel:<\/strong><\/p>\n<ul>\n<li>H\u00f6jd: 110,5 mm<\/li>\n<li>Bredd: 240 mm<\/li>\n<li>Tjocklek: Gods = 15 mm, Motordel = 50 mm<\/li>\n<li>\u00d6ppning: Id \u00d8 60 mm<\/li>\n<li>Isolerade kabelanslutningar<\/li>\n<li>Fl\u00e4ns i aluminium<\/li>\n<\/ul>\n<p>Rostfria r\u00f6rdetaljer<\/p>\n<p>\u00a0<\/p>\n<p><strong>DET B\u00c4STA AV TV\u00c5 V\u00c4RLDAR &#8211;<\/strong><\/p>\n<p>Med v\u00e5ra elektriska avgasventiler kan du f\u00e5 det b\u00e4sta av tv\u00e5 v\u00e4rldar &#8211; tyst f\u00f6r gatan eller ett sportigt ljud i \u00f6ppet l\u00e4ge n\u00e4r man \u00f6nskar. Ljudniv\u00e5n och avgasfl\u00f6det styrs via ventilens l\u00e4ge. Passar till de flesta bilmodeller och l\u00e4tta lastbilar.<\/p>\n<p><strong>INSTRUKTION OCH SK\u00d6DSELR\u00c5D<\/strong><\/p>\n<p><strong>UNDERH\u00c5LL<\/strong><\/p>\n<p>\u2022 Vi rekommenderar att regelbundet sm\u00f6rja axel och r\u00f6rliga delar med ett v\u00e4rmet\u00e5ligt fett vilket motverkar risken f\u00f6r oxidation och att spj\u00e4llet eller r\u00f6rliga delar fastnar. Detta b\u00f6r ske p\u00e5 m\u00e5nadsbasis.<\/p>\n<p>\u2022 F\u00f6r h\u00e5rdare klimat, b\u00f6r man ta bort ventilerna under perioder d\u00e4r v\u00e4gsalt eller liknande anv\u00e4nds. Ers\u00e4ttningslock f\u00f6r ventiler finnas att best\u00e4lla.<\/p>\n<p>\u2022 Kontrollera samtliga f\u00e4stelement d\u00e5 och d\u00e5 f\u00f6r att se till att de \u00e4r t\u00e4ta. Om l\u00e4ckage uppst\u00e5r skall detta \u00e5tg\u00e4rdas omg\u00e5ende.<\/p>\n<p><strong>Produktgaranti<\/strong><\/p>\n<p>\u2022 Garanti 1 \u00e5r g\u00e4llande fr\u00e5n ink\u00f6psdagen.<\/p>\n<p>\u00a0<\/p>\n<p>\u00a0<\/p>\n","protected":false},"excerpt":{"rendered":"<p>Universaldel<\/p>\n","protected":false},"featured_media":35466,"comment_status":"closed","ping_status":"closed","template":"","meta":{"_kad_blocks_custom_css":"","_kad_blocks_head_custom_js":"","_kad_blocks_body_custom_js":"","_kad_blocks_footer_custom_js":"","_kad_post_transparent":"","_kad_post_title":"","_kad_post_layout":"","_kad_post_sidebar_id":"","_kad_post_content_style":"","_kad_post_vertical_padding":"","_kad_post_feature":"","_kad_post_feature_position":"","_kad_post_header":false,"_kad_post_footer":false,"_kad_post_classname":""},"product_brand":[],"product_cat":[2396,2397,92],"product_tag":[2886,2887,4246],"class_list":{"0":"post-19188","1":"product","2":"type-product","3":"status-publish","4":"has-post-thumbnail","6":"product_cat-exhaust-valves","7":"product_cat-id-635mm-2-en","8":"product_cat-spare-and-products-services","9":"product_tag-avgasspjall-en","10":"product_tag-avgasventil-en","11":"product_tag-exk635e-en","13":"first","14":"instock","15":"taxable","16":"shipping-taxable","17":"purchasable","18":"product-type-simple","19":"entry","20":"content-bg","21":"loop-entry"},"taxonomy_info":{"product_cat":[{"value":2396,"label":"Exhaust valves"},{"value":2397,"label":"Id 63,5mm \/ 2\u00bd"},{"value":92,"label":"SPARE AND PRODUCTS SERVICES"}],"product_tag":[{"value":2886,"label":"avgasspj\u00e4ll"},{"value":2887,"label":"avgasventil"},{"value":4246,"label":"EXK635E"}]},"featured_image_src_large":["https:\/\/ferrita.mlwebbyra.se\/wp-content\/uploads\/2023\/03\/EXK635E_1.jpg",750,461,false],"author_info":[],"comment_info":0,"_links":{"self":[{"href":"https:\/\/ferrita.mlwebbyra.se\/en\/wp-json\/wp\/v2\/product\/19188","targetHints":{"allow":["GET"]}}],"collection":[{"href":"https:\/\/ferrita.mlwebbyra.se\/en\/wp-json\/wp\/v2\/product"}],"about":[{"href":"https:\/\/ferrita.mlwebbyra.se\/en\/wp-json\/wp\/v2\/types\/product"}],"replies":[{"embeddable":true,"href":"https:\/\/ferrita.mlwebbyra.se\/en\/wp-json\/wp\/v2\/comments?post=19188"}],"wp:featuredmedia":[{"embeddable":true,"href":"https:\/\/ferrita.mlwebbyra.se\/en\/wp-json\/wp\/v2\/media\/35466"}],"wp:attachment":[{"href":"https:\/\/ferrita.mlwebbyra.se\/en\/wp-json\/wp\/v2\/media?parent=19188"}],"wp:term":[{"taxonomy":"product_brand","embeddable":true,"href":"https:\/\/ferrita.mlwebbyra.se\/en\/wp-json\/wp\/v2\/product_brand?post=19188"},{"taxonomy":"product_cat","embeddable":true,"href":"https:\/\/ferrita.mlwebbyra.se\/en\/wp-json\/wp\/v2\/product_cat?post=19188"},{"taxonomy":"product_tag","embeddable":true,"href":"https:\/\/ferrita.mlwebbyra.se\/en\/wp-json\/wp\/v2\/product_tag?post=19188"}],"curies":[{"name":"wp","href":"https:\/\/api.w.org\/{rel}","templated":true}]}}