{"id":19182,"date":"2022-05-05T13:40:08","date_gmt":"2022-05-05T11:40:08","guid":{"rendered":"https:\/\/ferrita.mlwebbyra.se\/avgasventil-vacuumstyrd-for-insvetsning-o-id-635mm\/"},"modified":"2023-03-28T01:02:26","modified_gmt":"2023-03-27T23:02:26","slug":"avgasventil-vacuumstyrd-for-insvetsning-o-id-635mm","status":"publish","type":"product","link":"https:\/\/ferrita.mlwebbyra.se\/en\/avgasventil-vacuumstyrd-for-insvetsning-o-id-635mm\/","title":{"rendered":"Exhaust valve, Pressure Vaccum, \u00d8 Id 63,5mm"},"content":{"rendered":"<p style=\"margin: 0px;padding: 0px;border: 0px currentColor;text-align: left;color: #333333;text-transform: none;line-height: 1.37rem;text-indent: 0px;letter-spacing: normal;font-family: 'Open Sans Condensed', sans-serif;font-size: 17.6px;font-style: normal;font-weight: 400;opacity: 1\"><strong style=\"margin: 0px;padding: 0px;border: 0px currentColor;font-family: 'Open Sans Condensed', sans-serif;font-weight: bold\">Avgasventil 2\u00bd&#8221; \/ Id 63,5 mm<\/strong><\/p>\n<p style=\"margin: 0px;padding: 0px;border: 0px currentColor;text-align: left;color: #333333;text-transform: none;line-height: 1.37rem;text-indent: 0px;letter-spacing: normal;font-family: 'Open Sans Condensed', sans-serif;font-size: 17.6px;font-style: normal;font-weight: 400;opacity: 1\">\u00a0<\/p>\n<p style=\"margin: 0px;padding: 0px;border: 0px currentColor;text-align: left;color: #333333;text-transform: none;line-height: 1.37rem;text-indent: 0px;letter-spacing: normal;font-family: 'Open Sans Condensed', sans-serif;font-size: 17.6px;font-style: normal;font-weight: 400;opacity: 1\"><strong style=\"margin: 0px;padding: 0px;border: 0px currentColor;font-family: 'Open Sans Condensed', sans-serif;font-weight: bold\">Utf\u00f6rande:<\/strong>Vakuumstyrt spj\u00e4ll, f\u00f6r insvetsning.<\/p>\n<p style=\"margin: 0px;padding: 0px;border: 0px currentColor;text-align: left;color: #333333;text-transform: none;line-height: 1.37rem;text-indent: 0px;letter-spacing: normal;font-family: 'Open Sans Condensed', sans-serif;font-size: 17.6px;font-style: normal;font-weight: 400;opacity: 1\">St\u00e4llbar ljudniv\u00e5 i tv\u00e5 l\u00e4gen, \u00f6ppen eller st\u00e4ngd.<\/p>\n<p style=\"margin: 0px;padding: 0px;border: 0px currentColor;text-align: left;color: #333333;text-transform: none;line-height: 1.37rem;text-indent: 0px;letter-spacing: normal;font-family: 'Open Sans Condensed', sans-serif;font-size: 17.6px;font-style: normal;font-weight: 400;opacity: 1\"><strong>Spj\u00e4llhus:<\/strong> \u00d6ppning id \u00d8 63,5mm<\/p>\n<p style=\"margin: 0px;padding: 0px;border: 0px currentColor;text-align: left;color: #333333;text-transform: none;line-height: 1.37rem;text-indent: 0px;letter-spacing: normal;font-family: 'Open Sans Condensed', sans-serif;font-size: 17.6px;font-style: normal;font-weight: 400;opacity: 1\"><strong>Material:<\/strong> Spj\u00e4lldel = rostfri<\/p>\n","protected":false},"excerpt":{"rendered":"<p>Universalpart<\/p>\n","protected":false},"featured_media":35444,"comment_status":"closed","ping_status":"closed","template":"","meta":{"_kad_blocks_custom_css":"","_kad_blocks_head_custom_js":"","_kad_blocks_body_custom_js":"","_kad_blocks_footer_custom_js":"","_kad_post_transparent":"","_kad_post_title":"","_kad_post_layout":"","_kad_post_sidebar_id":"","_kad_post_content_style":"","_kad_post_vertical_padding":"","_kad_post_feature":"","_kad_post_feature_position":"","_kad_post_header":false,"_kad_post_footer":false,"_kad_post_classname":""},"product_brand":[],"product_cat":[2396,2397,92],"product_tag":[2886,2887,4240],"class_list":{"0":"post-19182","1":"product","2":"type-product","3":"status-publish","4":"has-post-thumbnail","6":"product_cat-exhaust-valves","7":"product_cat-id-635mm-2-en","8":"product_cat-spare-and-products-services","9":"product_tag-avgasspjall-en","10":"product_tag-avgasventil-en","11":"product_tag-exhaustvalve635-en","13":"first","14":"instock","15":"taxable","16":"shipping-taxable","17":"purchasable","18":"product-type-simple","19":"entry","20":"content-bg","21":"loop-entry"},"taxonomy_info":{"product_cat":[{"value":2396,"label":"Exhaust valves"},{"value":2397,"label":"Id 63,5mm \/ 2\u00bd"},{"value":92,"label":"SPARE AND PRODUCTS SERVICES"}],"product_tag":[{"value":2886,"label":"avgasspj\u00e4ll"},{"value":2887,"label":"avgasventil"},{"value":4240,"label":"EXHAUSTVALVE635"}]},"featured_image_src_large":["https:\/\/ferrita.mlwebbyra.se\/wp-content\/uploads\/2023\/03\/EXHAUSTVALVE635_1.jpg",171,116,false],"author_info":[],"comment_info":0,"_links":{"self":[{"href":"https:\/\/ferrita.mlwebbyra.se\/en\/wp-json\/wp\/v2\/product\/19182","targetHints":{"allow":["GET"]}}],"collection":[{"href":"https:\/\/ferrita.mlwebbyra.se\/en\/wp-json\/wp\/v2\/product"}],"about":[{"href":"https:\/\/ferrita.mlwebbyra.se\/en\/wp-json\/wp\/v2\/types\/product"}],"replies":[{"embeddable":true,"href":"https:\/\/ferrita.mlwebbyra.se\/en\/wp-json\/wp\/v2\/comments?post=19182"}],"wp:featuredmedia":[{"embeddable":true,"href":"https:\/\/ferrita.mlwebbyra.se\/en\/wp-json\/wp\/v2\/media\/35444"}],"wp:attachment":[{"href":"https:\/\/ferrita.mlwebbyra.se\/en\/wp-json\/wp\/v2\/media?parent=19182"}],"wp:term":[{"taxonomy":"product_brand","embeddable":true,"href":"https:\/\/ferrita.mlwebbyra.se\/en\/wp-json\/wp\/v2\/product_brand?post=19182"},{"taxonomy":"product_cat","embeddable":true,"href":"https:\/\/ferrita.mlwebbyra.se\/en\/wp-json\/wp\/v2\/product_cat?post=19182"},{"taxonomy":"product_tag","embeddable":true,"href":"https:\/\/ferrita.mlwebbyra.se\/en\/wp-json\/wp\/v2\/product_tag?post=19182"}],"curies":[{"name":"wp","href":"https:\/\/api.w.org\/{rel}","templated":true}]}}