{"id":19170,"date":"2022-06-23T08:53:11","date_gmt":"2022-06-23T06:53:11","guid":{"rendered":"https:\/\/ferrita.mlwebbyra.se\/distanshylsa-rostfri-for-ror-yd-o54mm-tilll-id-635mm\/"},"modified":"2023-03-28T01:02:18","modified_gmt":"2023-03-27T23:02:18","slug":"distanshylsa-rostfri-for-ror-yd-o54mm-tilll-id-635mm","status":"publish","type":"product","link":"https:\/\/ferrita.mlwebbyra.se\/en\/distanshylsa-rostfri-for-ror-yd-o54mm-tilll-id-635mm\/","title":{"rendered":"Distanshylsa rostfri, f\u00f6r r\u00f6r yd \u00d854mm tilll id 63,5mm"},"content":{"rendered":"<p><strong>Distanshylsa rostfri<\/strong><\/p>\n<p>\u00a0<\/p>\n<p>R\u00f6rhylsa som passar fr\u00e5n ytterdiameter 54mm till innerdiameter 63,5mm<\/p>\n<p>\u00a0<\/p>\n<p><strong>L\u00e4ngd:<\/strong> 35mm<\/p>\n","protected":false},"excerpt":{"rendered":"<p>Universaldel<\/p>\n","protected":false},"featured_media":35414,"comment_status":"open","ping_status":"closed","template":"","meta":{"_kad_blocks_custom_css":"","_kad_blocks_head_custom_js":"","_kad_blocks_body_custom_js":"","_kad_blocks_footer_custom_js":"","_kad_post_transparent":"","_kad_post_title":"","_kad_post_layout":"","_kad_post_sidebar_id":"","_kad_post_content_style":"","_kad_post_vertical_padding":"","_kad_post_feature":"","_kad_post_feature_position":"","_kad_post_header":false,"_kad_post_footer":false,"_kad_post_classname":""},"product_brand":[],"product_cat":[2586,2662,2592],"product_tag":[],"class_list":{"0":"post-19170","1":"product","2":"type-product","3":"status-publish","4":"has-post-thumbnail","6":"product_cat-miscellaneous","7":"product_cat-tail-pipes","8":"product_cat-universal-parts","10":"first","11":"instock","12":"taxable","13":"shipping-taxable","14":"purchasable","15":"product-type-simple","16":"entry","17":"content-bg","18":"loop-entry"},"taxonomy_info":{"product_cat":[{"value":2586,"label":"Miscellaneous"},{"value":2662,"label":"Tail pipes"},{"value":2592,"label":"Universal parts"}]},"featured_image_src_large":["https:\/\/ferrita.mlwebbyra.se\/wp-content\/uploads\/2023\/03\/DIS55_1.jpg",744,744,false],"author_info":[],"comment_info":0,"_links":{"self":[{"href":"https:\/\/ferrita.mlwebbyra.se\/en\/wp-json\/wp\/v2\/product\/19170","targetHints":{"allow":["GET"]}}],"collection":[{"href":"https:\/\/ferrita.mlwebbyra.se\/en\/wp-json\/wp\/v2\/product"}],"about":[{"href":"https:\/\/ferrita.mlwebbyra.se\/en\/wp-json\/wp\/v2\/types\/product"}],"replies":[{"embeddable":true,"href":"https:\/\/ferrita.mlwebbyra.se\/en\/wp-json\/wp\/v2\/comments?post=19170"}],"wp:featuredmedia":[{"embeddable":true,"href":"https:\/\/ferrita.mlwebbyra.se\/en\/wp-json\/wp\/v2\/media\/35414"}],"wp:attachment":[{"href":"https:\/\/ferrita.mlwebbyra.se\/en\/wp-json\/wp\/v2\/media?parent=19170"}],"wp:term":[{"taxonomy":"product_brand","embeddable":true,"href":"https:\/\/ferrita.mlwebbyra.se\/en\/wp-json\/wp\/v2\/product_brand?post=19170"},{"taxonomy":"product_cat","embeddable":true,"href":"https:\/\/ferrita.mlwebbyra.se\/en\/wp-json\/wp\/v2\/product_cat?post=19170"},{"taxonomy":"product_tag","embeddable":true,"href":"https:\/\/ferrita.mlwebbyra.se\/en\/wp-json\/wp\/v2\/product_tag?post=19170"}],"curies":[{"name":"wp","href":"https:\/\/api.w.org\/{rel}","templated":true}]}}