{"id":19166,"date":"2022-06-23T08:53:00","date_gmt":"2022-06-23T06:53:00","guid":{"rendered":"https:\/\/ferrita.mlwebbyra.se\/ferrita-instagram-dekal-550-x-80-rod\/"},"modified":"2023-03-28T01:02:16","modified_gmt":"2023-03-27T23:02:16","slug":"ferrita-instagram-dekal-550-x-80-rod","status":"publish","type":"product","link":"https:\/\/ferrita.mlwebbyra.se\/en\/ferrita-instagram-dekal-550-x-80-rod\/","title":{"rendered":"Ferrita Instagram dekal 550 x 80 R\u00f6d"},"content":{"rendered":"<p><strong>R\u00f6d\u00a0Ferrita Sweden Dekal Instagram<\/strong><\/p>\n<p>\u00a0<\/p>\n<p>Ferrita Sweden dekal med instagram logo.<\/p>\n<p>Datorskuren logo i sj\u00e4lvh\u00e4ftande enf\u00e4rgad folie.<\/p>\n<p>Levereras med appliceringstejp.<\/p>\n<p>\u00a0<\/p>\n<p><strong>H\u00f6jd: <\/strong>80mm<\/p>\n<p><strong>Bredd: <\/strong>550mm<\/p>\n<p><strong>F\u00e4rg:<\/strong> R\u00f6d<\/p>\n","protected":false},"excerpt":{"rendered":"<p>R\u00f6d\u00a0Ferrita Sweden Dekal Instagram \u00a0 Ferrita Sweden dekal med instagram logo. Datorskuren logo i sj\u00e4lvh\u00e4ftande enf\u00e4rgad folie. Levereras med appliceringstejp. \u00a0 H\u00f6jd: 80mm Bredd: 550mm F\u00e4rg: R\u00f6d<\/p>\n","protected":false},"featured_media":35406,"comment_status":"open","ping_status":"closed","template":"","meta":{"_kad_blocks_custom_css":"","_kad_blocks_head_custom_js":"","_kad_blocks_body_custom_js":"","_kad_blocks_footer_custom_js":"","_kad_post_transparent":"","_kad_post_title":"","_kad_post_layout":"","_kad_post_sidebar_id":"","_kad_post_content_style":"","_kad_post_vertical_padding":"","_kad_post_feature":"","_kad_post_feature_position":"","_kad_post_header":false,"_kad_post_footer":false,"_kad_post_classname":""},"product_brand":[],"product_cat":[2353,2352],"product_tag":[],"class_list":{"0":"post-19166","1":"product","2":"type-product","3":"status-publish","4":"has-post-thumbnail","6":"product_cat-dekal-stickers-en","7":"product_cat-merch-en","9":"first","10":"instock","11":"taxable","12":"shipping-taxable","13":"purchasable","14":"product-type-simple","15":"entry","16":"content-bg","17":"loop-entry"},"taxonomy_info":{"product_cat":[{"value":2353,"label":"Dekal\/stickers"},{"value":2352,"label":"Merch"}]},"featured_image_src_large":["https:\/\/ferrita.mlwebbyra.se\/wp-content\/uploads\/2023\/03\/DEK069_1.jpg",800,207,false],"author_info":[],"comment_info":0,"_links":{"self":[{"href":"https:\/\/ferrita.mlwebbyra.se\/en\/wp-json\/wp\/v2\/product\/19166","targetHints":{"allow":["GET"]}}],"collection":[{"href":"https:\/\/ferrita.mlwebbyra.se\/en\/wp-json\/wp\/v2\/product"}],"about":[{"href":"https:\/\/ferrita.mlwebbyra.se\/en\/wp-json\/wp\/v2\/types\/product"}],"replies":[{"embeddable":true,"href":"https:\/\/ferrita.mlwebbyra.se\/en\/wp-json\/wp\/v2\/comments?post=19166"}],"wp:featuredmedia":[{"embeddable":true,"href":"https:\/\/ferrita.mlwebbyra.se\/en\/wp-json\/wp\/v2\/media\/35406"}],"wp:attachment":[{"href":"https:\/\/ferrita.mlwebbyra.se\/en\/wp-json\/wp\/v2\/media?parent=19166"}],"wp:term":[{"taxonomy":"product_brand","embeddable":true,"href":"https:\/\/ferrita.mlwebbyra.se\/en\/wp-json\/wp\/v2\/product_brand?post=19166"},{"taxonomy":"product_cat","embeddable":true,"href":"https:\/\/ferrita.mlwebbyra.se\/en\/wp-json\/wp\/v2\/product_cat?post=19166"},{"taxonomy":"product_tag","embeddable":true,"href":"https:\/\/ferrita.mlwebbyra.se\/en\/wp-json\/wp\/v2\/product_tag?post=19166"}],"curies":[{"name":"wp","href":"https:\/\/api.w.org\/{rel}","templated":true}]}}