{"id":19154,"date":"2022-07-21T16:30:03","date_gmt":"2022-07-21T14:30:03","guid":{"rendered":"https:\/\/ferrita.mlwebbyra.se\/rostfri-db-killer-decibeldodare-o-yd-320-mm\/"},"modified":"2023-03-28T01:02:11","modified_gmt":"2023-03-27T23:02:11","slug":"rostfri-db-killer-decibeldodare-o-yd-320-mm","status":"publish","type":"product","link":"https:\/\/ferrita.mlwebbyra.se\/en\/rostfri-db-killer-decibeldodare-o-yd-320-mm\/","title":{"rendered":"Rostfri DB-killer \/ decibeld\u00f6dare, \u00d8 Yd 32,0 mm"},"content":{"rendered":"<p><strong>Rostfri dB-killer \/ decibeld\u00f6dare f\u00f6r s\u00e4nkning av ljudniv\u00e5<\/strong><\/p>\n<p>Universaldel f\u00f6r montering inuti r\u00f6r eller ljudd\u00e4mpare<\/p>\n<p>\u00a0<\/p>\n<p><strong>Ytterdiamater:<\/strong> \u00d8\u00a032 mm<\/p>\n<p><strong>L\u00e4ngd:<\/strong>\u00a050 mm<\/p>\n<p>\u00a0<\/p>\n<ul>\n<li>Denna produkt \u00e4r framtagen till motorsport fordon.<\/li>\n<li>Ferrita friskriver sig alla eventuella problem som\u00a0kan uppst\u00e5 vid felaktig montering\u00a0d\u00e5 denna\u00a0\u00f6kar mottrycket i avgassystemet.<\/li>\n<li>Det\u00a0kundens\u00a0eget ansvar att montera denna\u00a0<\/li>\n<li>\u00d6ppningsarean kan anpassas efter behov<\/li>\n<\/ul>\n","protected":false},"excerpt":{"rendered":"<p>Universaldel<\/p>\n","protected":false},"featured_media":35380,"comment_status":"open","ping_status":"closed","template":"","meta":{"_kad_blocks_custom_css":"","_kad_blocks_head_custom_js":"","_kad_blocks_body_custom_js":"","_kad_blocks_footer_custom_js":"","_kad_post_transparent":"default","_kad_post_title":"","_kad_post_layout":"default","_kad_post_sidebar_id":"","_kad_post_content_style":"default","_kad_post_vertical_padding":"default","_kad_post_feature":"","_kad_post_feature_position":"","_kad_post_header":false,"_kad_post_footer":false,"_kad_post_classname":""},"product_brand":[],"product_cat":[5299,2586],"product_tag":[],"class_list":{"0":"post-19154","1":"product","2":"type-product","3":"status-publish","4":"has-post-thumbnail","6":"product_cat-db-killer-decibelsankare-en","7":"product_cat-miscellaneous","9":"first","10":"instock","11":"taxable","12":"shipping-taxable","13":"purchasable","14":"product-type-simple","15":"entry","16":"content-bg","17":"loop-entry"},"taxonomy_info":{"product_cat":[{"value":5299,"label":"Db-killer \/ Decibels\u00e4nkare"},{"value":2586,"label":"Miscellaneous"}]},"featured_image_src_large":["https:\/\/ferrita.mlwebbyra.se\/wp-content\/uploads\/2023\/03\/DBK321_1.jpg",750,657,false],"author_info":[],"comment_info":0,"_links":{"self":[{"href":"https:\/\/ferrita.mlwebbyra.se\/en\/wp-json\/wp\/v2\/product\/19154","targetHints":{"allow":["GET"]}}],"collection":[{"href":"https:\/\/ferrita.mlwebbyra.se\/en\/wp-json\/wp\/v2\/product"}],"about":[{"href":"https:\/\/ferrita.mlwebbyra.se\/en\/wp-json\/wp\/v2\/types\/product"}],"replies":[{"embeddable":true,"href":"https:\/\/ferrita.mlwebbyra.se\/en\/wp-json\/wp\/v2\/comments?post=19154"}],"wp:featuredmedia":[{"embeddable":true,"href":"https:\/\/ferrita.mlwebbyra.se\/en\/wp-json\/wp\/v2\/media\/35380"}],"wp:attachment":[{"href":"https:\/\/ferrita.mlwebbyra.se\/en\/wp-json\/wp\/v2\/media?parent=19154"}],"wp:term":[{"taxonomy":"product_brand","embeddable":true,"href":"https:\/\/ferrita.mlwebbyra.se\/en\/wp-json\/wp\/v2\/product_brand?post=19154"},{"taxonomy":"product_cat","embeddable":true,"href":"https:\/\/ferrita.mlwebbyra.se\/en\/wp-json\/wp\/v2\/product_cat?post=19154"},{"taxonomy":"product_tag","embeddable":true,"href":"https:\/\/ferrita.mlwebbyra.se\/en\/wp-json\/wp\/v2\/product_tag?post=19154"}],"curies":[{"name":"wp","href":"https:\/\/api.w.org\/{rel}","templated":true}]}}