{"id":19137,"date":"2022-06-23T08:52:13","date_gmt":"2022-06-23T06:52:13","guid":{"rendered":"https:\/\/ferrita.mlwebbyra.se\/bmw-m2-f87\/"},"modified":"2023-01-31T00:31:53","modified_gmt":"2023-01-30T23:31:53","slug":"bmw-m2-f87","status":"publish","type":"product","link":"https:\/\/ferrita.mlwebbyra.se\/en\/bmw-m2-f87\/","title":{"rendered":"BMW M2 (F87)"},"content":{"rendered":"<p><strong>Sportavgassystem, Titan<\/strong><\/p>\n<p>Evolution Line<\/p>\n<p>\u00a0<\/p>\n<p><strong>Passar till:<\/strong><\/p>\n<p><strong>BMW<\/strong><\/p>\n<p>M2 F87,\u00a0370 Hk. <strong>\u00c5rsmodell:<\/strong> 11\/15-6\/18\u00a0<\/p>\n<p><strong>Utf\u00f6rande:<\/strong><\/p>\n<p>Titan med kolfiber\u00e4ndr\u00f6r<\/p>\n<p><strong>Prestanda:<\/strong><\/p>\n<p>Effekt\u00f6kning + 9,3 Hk mot original<\/p>\n<p><strong>Vikt:<\/strong><\/p>\n<p>16, 4 kg<\/p>\n<p>&#8211;\u00a05,3 kg mot original<\/p>\n<p><strong>Anm\u00e4rkning:<\/strong><\/p>\n<p>K\u00f6p till Sound Kit f\u00f6r manuel styrning av\u00a0ventiler. Artikel nr. BWKA20001SK<\/p>\n<p>\u00a0<\/p>\n<p><span style=\"color: #ff0000\">Pris ungef\u00e4rligt. Omr\u00e4knas efter aktuell valutakurs. Ring v\u00e5r kundtj\u00e4nst, p\u00e5 tel.nr. 0221-18070.\u00a0<\/span><\/p>\n<p>\u00a0<\/p>\n<p>\u00a0<\/p>\n","protected":false},"excerpt":{"rendered":"<p>Sportavgassystem, Akrapovic Titan<\/p>\n","protected":false},"featured_media":14045,"comment_status":"open","ping_status":"closed","template":"","meta":{"_kad_blocks_custom_css":"","_kad_blocks_head_custom_js":"","_kad_blocks_body_custom_js":"","_kad_blocks_footer_custom_js":"","_kad_post_transparent":"","_kad_post_title":"","_kad_post_layout":"","_kad_post_sidebar_id":"","_kad_post_content_style":"","_kad_post_vertical_padding":"","_kad_post_feature":"","_kad_post_feature_position":"","_kad_post_header":false,"_kad_post_footer":false,"_kad_post_classname":""},"product_brand":[],"product_cat":[2240],"product_tag":[2862],"class_list":{"0":"post-19137","1":"product","2":"type-product","3":"status-publish","4":"has-post-thumbnail","6":"product_cat-m2-en","7":"product_tag-bmw-m2-en","9":"first","10":"onbackorder","11":"taxable","12":"shipping-taxable","13":"purchasable","14":"product-type-simple","15":"entry","16":"content-bg","17":"loop-entry"},"taxonomy_info":{"product_cat":[{"value":2240,"label":"M2"}],"product_tag":[{"value":2862,"label":"bmw m2"}]},"featured_image_src_large":["https:\/\/ferrita.mlwebbyra.se\/wp-content\/uploads\/2022\/06\/BWKA20001T_BMW-M2.jpg",1024,642,false],"author_info":[],"comment_info":0,"_links":{"self":[{"href":"https:\/\/ferrita.mlwebbyra.se\/en\/wp-json\/wp\/v2\/product\/19137","targetHints":{"allow":["GET"]}}],"collection":[{"href":"https:\/\/ferrita.mlwebbyra.se\/en\/wp-json\/wp\/v2\/product"}],"about":[{"href":"https:\/\/ferrita.mlwebbyra.se\/en\/wp-json\/wp\/v2\/types\/product"}],"replies":[{"embeddable":true,"href":"https:\/\/ferrita.mlwebbyra.se\/en\/wp-json\/wp\/v2\/comments?post=19137"}],"wp:featuredmedia":[{"embeddable":true,"href":"https:\/\/ferrita.mlwebbyra.se\/en\/wp-json\/wp\/v2\/media\/14045"}],"wp:attachment":[{"href":"https:\/\/ferrita.mlwebbyra.se\/en\/wp-json\/wp\/v2\/media?parent=19137"}],"wp:term":[{"taxonomy":"product_brand","embeddable":true,"href":"https:\/\/ferrita.mlwebbyra.se\/en\/wp-json\/wp\/v2\/product_brand?post=19137"},{"taxonomy":"product_cat","embeddable":true,"href":"https:\/\/ferrita.mlwebbyra.se\/en\/wp-json\/wp\/v2\/product_cat?post=19137"},{"taxonomy":"product_tag","embeddable":true,"href":"https:\/\/ferrita.mlwebbyra.se\/en\/wp-json\/wp\/v2\/product_tag?post=19137"}],"curies":[{"name":"wp","href":"https:\/\/api.w.org\/{rel}","templated":true}]}}