{"id":19097,"date":"2022-02-22T14:43:02","date_gmt":"2022-02-22T13:43:02","guid":{"rendered":"https:\/\/ferrita.mlwebbyra.se\/dacia-nissan-opel-renault\/"},"modified":"2023-03-28T01:01:31","modified_gmt":"2023-03-27T23:01:31","slug":"dacia-nissan-opel-renault","status":"publish","type":"product","link":"https:\/\/ferrita.mlwebbyra.se\/en\/dacia-nissan-opel-renault\/","title":{"rendered":"Dacia\/Nissan\/Opel\/Renault"},"content":{"rendered":"<p>div {font: x-small &#8220;arial&#8221;}<\/p>\n<p><DIV>Insatsfilter<\/DIV><br \/>\n<DIV>\u00a0<\/DIV><br \/>\n<DIV>177&#215;142 mm<\/DIV><br \/>\n<DIV>\u00a0<\/DIV><br \/>\n<DIV>Passar till:<BR>DACIA: <BR>DUSTER 1.6 16V (HP: 110 | \u00c5r: 10 &gt;)<BR>LOGAN<br \/>\n1.6 16V (HP: 105 | \u00c5r: 06 &gt;) <BR><\/DIV><br \/>\n<DIV>NISSAN: <BR>KUBISTAR 1.6 16V (HP: 95 | \u00c5r: 03 &gt; 08)<BR>PRIMASTAR 2.0 16V<br \/>\n(HP: 120 | \u00c5r: 03 &gt;) <BR><\/DIV><br \/>\n<DIV>OPEL: <BR>VIVARO 2.0 16V (HP: 120 | \u00c5r: 01 &gt;)<BR>VIVARO 2.0 Ecotec (HP:<br \/>\n117 | \u00c5r: 06 &gt;) <BR><\/DIV><br \/>\n<DIV>RENAULT: <BR>CABRIOLET 1.4 16V SI (HP: 95 | \u00c5r: 97 &gt;)<BR>CABRIOLET 1.6<br \/>\n16V SI (HP: 110 | \u00c5r: 97 &gt;)<BR>CLIO II 1.4 16V (HP: 95\/98 | \u00c5r: 99 &gt;<br \/>\n05)<BR>CLIO II 1.6 16V (HP: 110 | \u00c5r: 98 &gt; 05)<BR>COACH 1.4 16V SI (HP: 95 |<br \/>\n\u00c5r: 96 &gt;)<BR>COACH 1.6 16V SI (HP: 110 | \u00c5r: 96 &gt;)<BR>ESPACE IV 2.0 (HP:<br \/>\n133\/136 | \u00c5r: 02 &gt;)<BR>ESPACE III 2.0 \/ 16V (HP: 139\/140 | \u00c5r: 98 &gt;<br \/>\n02)<BR>KANGOO EXPRESS I 1.6 i 16V \/ 4&#215;4 (HP: 95 | \u00c5r: 01 &gt; 07)<BR>KANGOO<br \/>\nEXPRESS I 1.6 i 16V Bivalent (HP: 82 | \u00c5r: 05 &gt; 07)<BR>KANGOO EXPRESS II 1.6<br \/>\n(HP: 87 | \u00c5r: 08 &gt;)<BR>KANGOO EXPRESS II 1.6 16V \/ Hi-Flex (HP: 106 | \u00c5r: 08<br \/>\n&gt;)<BR>KANGOO EXPRESS II 1.6 16V LPG (HP: 98 | \u00c5r: 08 &gt;)<BR>KANGOO I 1.6 i<br \/>\n16V \/ 4&#215;4 (HP: 95 | \u00c5r: 01 &gt; 07)<BR>KANGOO I 1.6 i 16V Bivalent (HP: 82 | \u00c5r:<br \/>\n05 &gt; 07)<BR>KANGOO II 1.6 (HP: 87 | \u00c5r: 08 &gt;)<BR>KANGOO II 1.6 16V \/<br \/>\nHi-Flex (HP: 106 | \u00c5r: 08 &gt;)<BR>LAGUNA I 1.6 16V \/ Grandtour (HP: 107 | \u00c5r:<br \/>\n97 &gt; 01)<BR>LAGUNA I 1.8 i 16V \/ Grandtour (HP: 120 | \u00c5r: 98 &gt;<br \/>\n01)<BR>LAGUNA I 2.0 i 16V \/ Grandtour (HP: 139 | \u00c5r: 98 &gt;)<BR>LAGUNA II 1.6<br \/>\n16V \/ Grandtour (HP: 107 | \u00c5r: 01 &gt; 06)<BR>LAGUNA II 1.8 16V \/ Grandtour (HP:<br \/>\n116\/117 | \u00c5r: 01 &gt; 06)<BR>LAGUNA II 1.8 16V \/ Grandtour (HP: 120 | \u00c5r: 01<br \/>\n&gt; 06)<BR>LAGUNA II 1.8 16V \/ Grandtour (HP: 121 | \u00c5r: 01 &gt; 06)<BR>LAGUNA<br \/>\nII 2.0 16V \/ Grandtour (HP: 135 | \u00c5r: 02 &gt; 07)<BR>LAGUNA II 2.0 16V \/<br \/>\nGrandtour (HP: 170 | \u00c5r: 05 &gt; 06)<BR>LAGUNA II 2.0 16V \/ Grandtour (HP: 204 |<br \/>\n\u00c5r: 05 &gt; 06)<BR>M\u00c9GANE I 1.4 16V \/ Coach \/ Grandtour (HP: 95 | \u00c5r: 96 &gt;<br \/>\n02)<BR>M\u00c9GANE I 1.4 Cabrio (HP: 70 | \u00c5r: 96 &gt; 99)<BR>M\u00c9GANE I 1.6 16V \/<br \/>\nCabrio \/ Coach \/ Grandtour (HP: 107 | \u00c5r: 99 &gt; 02)<BR>M\u00c9GANE I 1.8 16V \/<br \/>\nGrandtour (HP: 115 | \u00c5r: 01 &gt; 02)<BR>M\u00c9GANE I 2.0 16V Cabrio \/ Coach (HP: 139<br \/>\n| \u00c5r: 2002)<BR>SC\u00c9NIC I 1.4 16V (HP: 95 | \u00c5r: 99 &gt; 03)<BR>SC\u00c9NIC I 1.6 16V SI<br \/>\n(HP: 107 | \u00c5r: 99 &gt; 03)<BR>SC\u00c9NIC I 1.8 16V \/ 4&#215;4 (HP: 115\/116 | \u00c5r: 00 &gt;<br \/>\n03)<BR>SC\u00c9NIC I 2.0 16V \/ 4&#215;4 (HP: 139 | \u00c5r: 00 &gt; 03)<BR>SC\u00c9NIC I 2.0 16V IDE<br \/>\n(HP: 140 | \u00c5r: 99 &gt; 03)<BR>TRAFIC II 2.0 (HP: 120 | \u00c5r: 01 &gt; 05)<br \/>\n<BR><\/DIV><\/p>\n","protected":false},"excerpt":{"rendered":"<p>Luftfilter<\/p>\n","protected":false},"featured_media":35204,"comment_status":"closed","ping_status":"closed","template":"","meta":{"_kad_blocks_custom_css":"","_kad_blocks_head_custom_js":"","_kad_blocks_body_custom_js":"","_kad_blocks_footer_custom_js":"","_kad_post_transparent":"","_kad_post_title":"","_kad_post_layout":"","_kad_post_sidebar_id":"","_kad_post_content_style":"","_kad_post_vertical_padding":"","_kad_post_feature":"","_kad_post_feature_position":"","_kad_post_header":false,"_kad_post_footer":false,"_kad_post_classname":""},"product_brand":[],"product_cat":[2277,2287,2306,2307,2310],"product_tag":[4183,2701,2702],"class_list":{"0":"post-19097","1":"product","2":"type-product","3":"status-publish","4":"has-post-thumbnail","6":"product_cat-air-filter","7":"product_cat-dacia-air-filter","8":"product_cat-nissan-air-filter","9":"product_cat-opel-air-filter","10":"product_cat-renault-air-filter","11":"product_tag-bmc218-01-en","12":"product_tag-luftfilter-en","13":"product_tag-luftfilter-till-bil-en","15":"first","16":"instock","17":"taxable","18":"shipping-taxable","19":"purchasable","20":"product-type-simple","21":"entry","22":"content-bg","23":"loop-entry"},"taxonomy_info":{"product_cat":[{"value":2277,"label":"Air filter"},{"value":2287,"label":"Dacia"},{"value":2306,"label":"Nissan"},{"value":2307,"label":"Opel"},{"value":2310,"label":"Renault"}],"product_tag":[{"value":4183,"label":"BMC218\/01"},{"value":2701,"label":"luftfilter"},{"value":2702,"label":"luftfilter till bil"}]},"featured_image_src_large":["https:\/\/ferrita.mlwebbyra.se\/wp-content\/uploads\/2023\/03\/BMC218-01_1.jpg",650,457,false],"author_info":[],"comment_info":0,"_links":{"self":[{"href":"https:\/\/ferrita.mlwebbyra.se\/en\/wp-json\/wp\/v2\/product\/19097","targetHints":{"allow":["GET"]}}],"collection":[{"href":"https:\/\/ferrita.mlwebbyra.se\/en\/wp-json\/wp\/v2\/product"}],"about":[{"href":"https:\/\/ferrita.mlwebbyra.se\/en\/wp-json\/wp\/v2\/types\/product"}],"replies":[{"embeddable":true,"href":"https:\/\/ferrita.mlwebbyra.se\/en\/wp-json\/wp\/v2\/comments?post=19097"}],"wp:featuredmedia":[{"embeddable":true,"href":"https:\/\/ferrita.mlwebbyra.se\/en\/wp-json\/wp\/v2\/media\/35204"}],"wp:attachment":[{"href":"https:\/\/ferrita.mlwebbyra.se\/en\/wp-json\/wp\/v2\/media?parent=19097"}],"wp:term":[{"taxonomy":"product_brand","embeddable":true,"href":"https:\/\/ferrita.mlwebbyra.se\/en\/wp-json\/wp\/v2\/product_brand?post=19097"},{"taxonomy":"product_cat","embeddable":true,"href":"https:\/\/ferrita.mlwebbyra.se\/en\/wp-json\/wp\/v2\/product_cat?post=19097"},{"taxonomy":"product_tag","embeddable":true,"href":"https:\/\/ferrita.mlwebbyra.se\/en\/wp-json\/wp\/v2\/product_tag?post=19097"}],"curies":[{"name":"wp","href":"https:\/\/api.w.org\/{rel}","templated":true}]}}