{"id":19060,"date":"2022-03-04T12:49:32","date_gmt":"2022-03-04T11:49:32","guid":{"rendered":"https:\/\/ferrita.mlwebbyra.se\/avgaspackning-id-o58mm\/"},"modified":"2023-03-28T01:00:34","modified_gmt":"2023-03-27T23:00:34","slug":"avgaspackning-id-o58mm","status":"publish","type":"product","link":"https:\/\/ferrita.mlwebbyra.se\/en\/avgaspackning-id-o58mm\/","title":{"rendered":"Avgaspackning Id \u00d858mm"},"content":{"rendered":"<p>Avgaspackning Id \u00d858mm<\/p>\n<p>\u00a0<\/p>\n<p style=\"color: #353535;text-transform: none;text-indent: 0px;letter-spacing: normal;font-family: 'Ferrita normal', Helvetica, Arial, sans-serif;font-size: 17px;font-style: normal;font-weight: 400;background-color: #ffffff\">Till 2,5\u2033 avgasventil.<\/p>\n<p style=\"color: #353535;text-transform: none;text-indent: 0px;letter-spacing: normal;font-family: 'Ferrita normal', Helvetica, Arial, sans-serif;font-size: 17px;font-style: normal;font-weight: 400;background-color: #ffffff\">\u00a0<\/p>\n<p style=\"color: #353535;text-transform: none;text-indent: 0px;letter-spacing: normal;font-family: 'Ferrita normal', Helvetica, Arial, sans-serif;font-size: 17px;font-style: normal;font-weight: 400;background-color: #ffffff\">3-h\u00e5ls fl\u00e4ns<\/p>\n<p><strong>H\u00e5ldelning:<\/strong>\u00a0CC 87mm<\/p>\n<p><strong>Innerdiameter:<\/strong>\u00a065mm<\/p>\n<p><strong>Material:<\/strong>\u00a0EN1.4301<\/p>\n<p><strong>L\u00e4ngd:<\/strong>\u00a085mm<\/p>\n<p><strong>Bredd:<\/strong>\u00a085mm<\/p>\n<p><strong>H\u00f6jd:<\/strong>\u00a010mm<\/p>\n<p style=\"color: #353535;text-transform: none;text-indent: 0px;letter-spacing: normal;font-family: 'Ferrita normal', Helvetica, Arial, sans-serif;font-size: 17px;font-style: normal;font-weight: 400;background-color: #ffffff\">K\u00f6p till packning, artikelnr:\u00a0<strong>9107-1322<\/strong><\/p>\n<p>K\u00f6p till anslutningsr\u00f6r, artikelnr:\u00a0<strong>2XR635<\/strong>\u00a0(som kapas p\u00e5 mitten )<\/p>\n","protected":false},"excerpt":{"rendered":"<p>Avgaspackning Id \u00d858mm \u00a0 Till 2,5\u2033 avgasventil. \u00a0 3-h\u00e5ls fl\u00e4ns H\u00e5ldelning:\u00a0CC 87mm Innerdiameter:\u00a065mm Material:\u00a0EN1.4301 L\u00e4ngd:\u00a085mm Bredd:\u00a085mm H\u00f6jd:\u00a010mm K\u00f6p till packning, artikelnr:\u00a09107-1322 K\u00f6p till anslutningsr\u00f6r, artikelnr:\u00a02XR635\u00a0(som kapas p\u00e5 mitten )<\/p>\n","protected":false},"featured_media":13950,"comment_status":"closed","ping_status":"closed","template":"","meta":{"_kad_blocks_custom_css":"","_kad_blocks_head_custom_js":"","_kad_blocks_body_custom_js":"","_kad_blocks_footer_custom_js":"","_kad_post_transparent":"","_kad_post_title":"","_kad_post_layout":"","_kad_post_sidebar_id":"","_kad_post_content_style":"","_kad_post_vertical_padding":"","_kad_post_feature":"","_kad_post_feature_position":"","_kad_post_header":false,"_kad_post_footer":false,"_kad_post_classname":""},"product_brand":[],"product_cat":[2384,92],"product_tag":[4147,2718,2719,2720],"class_list":{"0":"post-19060","1":"product","2":"type-product","3":"status-publish","4":"has-post-thumbnail","6":"product_cat-exhaust-gaskets","7":"product_cat-spare-and-products-services","8":"product_tag-9107-1382-en","9":"product_tag-avgaspackning-en","10":"product_tag-avgaspackningar-en","11":"product_tag-packning-en","13":"first","14":"instock","15":"taxable","16":"shipping-taxable","17":"purchasable","18":"product-type-simple","19":"entry","20":"content-bg","21":"loop-entry"},"taxonomy_info":{"product_cat":[{"value":2384,"label":"Exhaust gaskets"},{"value":92,"label":"SPARE AND PRODUCTS SERVICES"}],"product_tag":[{"value":4147,"label":"9107-1382"},{"value":2718,"label":"avgaspackning"},{"value":2719,"label":"avgaspackningar"},{"value":2720,"label":"packning"}]},"featured_image_src_large":["https:\/\/ferrita.mlwebbyra.se\/wp-content\/uploads\/2022\/03\/9107-1382.jpg",750,686,false],"author_info":[],"comment_info":0,"_links":{"self":[{"href":"https:\/\/ferrita.mlwebbyra.se\/en\/wp-json\/wp\/v2\/product\/19060","targetHints":{"allow":["GET"]}}],"collection":[{"href":"https:\/\/ferrita.mlwebbyra.se\/en\/wp-json\/wp\/v2\/product"}],"about":[{"href":"https:\/\/ferrita.mlwebbyra.se\/en\/wp-json\/wp\/v2\/types\/product"}],"replies":[{"embeddable":true,"href":"https:\/\/ferrita.mlwebbyra.se\/en\/wp-json\/wp\/v2\/comments?post=19060"}],"wp:featuredmedia":[{"embeddable":true,"href":"https:\/\/ferrita.mlwebbyra.se\/en\/wp-json\/wp\/v2\/media\/13950"}],"wp:attachment":[{"href":"https:\/\/ferrita.mlwebbyra.se\/en\/wp-json\/wp\/v2\/media?parent=19060"}],"wp:term":[{"taxonomy":"product_brand","embeddable":true,"href":"https:\/\/ferrita.mlwebbyra.se\/en\/wp-json\/wp\/v2\/product_brand?post=19060"},{"taxonomy":"product_cat","embeddable":true,"href":"https:\/\/ferrita.mlwebbyra.se\/en\/wp-json\/wp\/v2\/product_cat?post=19060"},{"taxonomy":"product_tag","embeddable":true,"href":"https:\/\/ferrita.mlwebbyra.se\/en\/wp-json\/wp\/v2\/product_tag?post=19060"}],"curies":[{"name":"wp","href":"https:\/\/api.w.org\/{rel}","templated":true}]}}