{"id":19055,"date":"2022-03-04T12:49:28","date_gmt":"2022-03-04T11:49:28","guid":{"rendered":"https:\/\/ferrita.mlwebbyra.se\/avgaspackning-id-o63mm-2-halspackning\/"},"modified":"2023-03-28T01:00:29","modified_gmt":"2023-03-27T23:00:29","slug":"avgaspackning-id-o63mm-2-halspackning","status":"publish","type":"product","link":"https:\/\/ferrita.mlwebbyra.se\/en\/avgaspackning-id-o63mm-2-halspackning\/","title":{"rendered":"Avgaspackning Id \u00d863mm, 2-h\u00e5lspackning"},"content":{"rendered":"<p>Avgaspackning Id \u00d863mm<\/p>\n<p>\u00a0<\/p>\n<p><strong>Bult CC:<\/strong> 93mm<\/p>\n<p><strong>L\u00e4ngd: <\/strong>122,6mm<\/p>\n<p><strong>Bredd: <\/strong>81mm<\/p>\n<p>\u00a0<\/p>\n","protected":false},"excerpt":{"rendered":"<p>Universaldel<\/p>\n","protected":false},"featured_media":34942,"comment_status":"closed","ping_status":"closed","template":"","meta":{"_kad_blocks_custom_css":"","_kad_blocks_head_custom_js":"","_kad_blocks_body_custom_js":"","_kad_blocks_footer_custom_js":"","_kad_post_transparent":"","_kad_post_title":"","_kad_post_layout":"","_kad_post_sidebar_id":"","_kad_post_content_style":"","_kad_post_vertical_padding":"","_kad_post_feature":"","_kad_post_feature_position":"","_kad_post_header":false,"_kad_post_footer":false,"_kad_post_classname":""},"product_brand":[],"product_cat":[2384,92],"product_tag":[4142,2718,2719,2720],"class_list":{"0":"post-19055","1":"product","2":"type-product","3":"status-publish","4":"has-post-thumbnail","6":"product_cat-exhaust-gaskets","7":"product_cat-spare-and-products-services","8":"product_tag-9035-1500-en","9":"product_tag-avgaspackning-en","10":"product_tag-avgaspackningar-en","11":"product_tag-packning-en","13":"first","14":"instock","15":"taxable","16":"shipping-taxable","17":"purchasable","18":"product-type-simple","19":"entry","20":"content-bg","21":"loop-entry"},"taxonomy_info":{"product_cat":[{"value":2384,"label":"Exhaust gaskets"},{"value":92,"label":"SPARE AND PRODUCTS SERVICES"}],"product_tag":[{"value":4142,"label":"9035-1500"},{"value":2718,"label":"avgaspackning"},{"value":2719,"label":"avgaspackningar"},{"value":2720,"label":"packning"}]},"featured_image_src_large":["https:\/\/ferrita.mlwebbyra.se\/wp-content\/uploads\/2023\/03\/9035-1500_1.jpg",751,444,false],"author_info":[],"comment_info":0,"_links":{"self":[{"href":"https:\/\/ferrita.mlwebbyra.se\/en\/wp-json\/wp\/v2\/product\/19055","targetHints":{"allow":["GET"]}}],"collection":[{"href":"https:\/\/ferrita.mlwebbyra.se\/en\/wp-json\/wp\/v2\/product"}],"about":[{"href":"https:\/\/ferrita.mlwebbyra.se\/en\/wp-json\/wp\/v2\/types\/product"}],"replies":[{"embeddable":true,"href":"https:\/\/ferrita.mlwebbyra.se\/en\/wp-json\/wp\/v2\/comments?post=19055"}],"wp:featuredmedia":[{"embeddable":true,"href":"https:\/\/ferrita.mlwebbyra.se\/en\/wp-json\/wp\/v2\/media\/34942"}],"wp:attachment":[{"href":"https:\/\/ferrita.mlwebbyra.se\/en\/wp-json\/wp\/v2\/media?parent=19055"}],"wp:term":[{"taxonomy":"product_brand","embeddable":true,"href":"https:\/\/ferrita.mlwebbyra.se\/en\/wp-json\/wp\/v2\/product_brand?post=19055"},{"taxonomy":"product_cat","embeddable":true,"href":"https:\/\/ferrita.mlwebbyra.se\/en\/wp-json\/wp\/v2\/product_cat?post=19055"},{"taxonomy":"product_tag","embeddable":true,"href":"https:\/\/ferrita.mlwebbyra.se\/en\/wp-json\/wp\/v2\/product_tag?post=19055"}],"curies":[{"name":"wp","href":"https:\/\/api.w.org\/{rel}","templated":true}]}}